{"id":1166,"date":"2019-06-30T22:19:33","date_gmt":"2019-06-30T21:19:33","guid":{"rendered":"http:\/\/lhg-bw.de\/freiburg\/?page_id=1166"},"modified":"2022-05-18T17:08:50","modified_gmt":"2022-05-18T16:08:50","slug":"kontakt","status":"publish","type":"page","link":"https:\/\/lhg-bw.de\/freiburg\/kontakt\/","title":{"rendered":"Kontakt"},"content":{"rendered":"<div id=\"dslc-theme-content\"><div id=\"dslc-theme-content-inner\"><p>Du m\u00f6chtest uns etwas fragen?<a href=\"http:\/\/lhg-bw.de\/freiburg\/files\/2019\/06\/internet.png\"><img decoding=\"async\" class=\" wp-image-1169 alignright\" src=\"http:\/\/lhg-bw.de\/freiburg\/files\/2019\/06\/internet-300x300.png\" alt=\"\" width=\"351\" height=\"351\" srcset=\"https:\/\/lhg-bw.de\/freiburg\/files\/2019\/06\/internet-300x300.png 300w, https:\/\/lhg-bw.de\/freiburg\/files\/2019\/06\/internet-150x150.png 150w, https:\/\/lhg-bw.de\/freiburg\/files\/2019\/06\/internet.png 600w\" sizes=\"(max-width: 351px) 100vw, 351px\" \/><\/a><\/p>\n<p>Du hast eine tolle Idee f\u00fcr die Uni?<\/p>\n<p>Du m\u00f6chtest mal bei uns mitmachen?<\/p>\n<h5>Schreib uns einfach an!<\/h5>\n<p>Mail: noah.moravetz@lhg-freiburg.de<\/p>\n<p>instagram: <a href=\"https:\/\/www.instagram.com\/lhgfreiburg\/\" target=\"_blank\" rel=\"noopener noreferrer\">instagram.com\/lhgfreiburg<\/a><\/p>\n<p>&nbsp;<\/p>\n<p>&nbsp;<\/p>\n<p>&nbsp;<\/p>\n<\/div><\/div>","protected":false},"excerpt":{"rendered":"<p>Du m\u00f6chtest uns etwas fragen? Du hast eine tolle Idee f\u00fcr die Uni? Du m\u00f6chtest mal bei uns mitmachen? Schreib uns einfach an! Mail: noah.moravetz@lhg-freiburg.de instagram: instagram.com\/lhgfreiburg &nbsp; &nbsp; &nbsp;<\/p>\n","protected":false},"author":1086,"featured_media":0,"parent":0,"menu_order":0,"comment_status":"closed","ping_status":"closed","template":"","meta":{"footnotes":""},"class_list":["post-1166","page","type-page","status-publish","hentry"],"_links":{"self":[{"href":"https:\/\/lhg-bw.de\/freiburg\/wp-json\/wp\/v2\/pages\/1166","targetHints":{"allow":["GET"]}}],"collection":[{"href":"https:\/\/lhg-bw.de\/freiburg\/wp-json\/wp\/v2\/pages"}],"about":[{"href":"https:\/\/lhg-bw.de\/freiburg\/wp-json\/wp\/v2\/types\/page"}],"author":[{"embeddable":true,"href":"https:\/\/lhg-bw.de\/freiburg\/wp-json\/wp\/v2\/users\/1086"}],"replies":[{"embeddable":true,"href":"https:\/\/lhg-bw.de\/freiburg\/wp-json\/wp\/v2\/comments?post=1166"}],"version-history":[{"count":6,"href":"https:\/\/lhg-bw.de\/freiburg\/wp-json\/wp\/v2\/pages\/1166\/revisions"}],"predecessor-version":[{"id":1312,"href":"https:\/\/lhg-bw.de\/freiburg\/wp-json\/wp\/v2\/pages\/1166\/revisions\/1312"}],"wp:attachment":[{"href":"https:\/\/lhg-bw.de\/freiburg\/wp-json\/wp\/v2\/media?parent=1166"}],"curies":[{"name":"wp","href":"https:\/\/api.w.org\/{rel}","templated":true}]}}