{"id":5,"date":"2007-01-20T17:07:50","date_gmt":"2007-01-20T16:07:50","guid":{"rendered":"http:\/\/lhg-bw.de\/freiburg\/vorstellung\/"},"modified":"2022-05-12T13:29:53","modified_gmt":"2022-05-12T12:29:53","slug":"vorstellung","status":"publish","type":"page","link":"https:\/\/lhg-bw.de\/freiburg\/vorstellung\/","title":{"rendered":"Ideale"},"content":{"rendered":"<div id=\"dslc-theme-content\"><div id=\"dslc-theme-content-inner\"><p><strong>Unser Selbstverst\u00e4ndnis<\/strong><\/p>\n<blockquote><p>&#8220;Liberalismus ist im Grundsatz eine durchaus klare und einfache Zielrichtung des politischen Handelns: Es kommt darauf an, alles zu tun, um die Lebenschancen des Einzelnen zu erweitern. Je mehr Menschen mehr Lebenschancen haben, desto liberaler ist eine Gesellschaft.&#8221; <em>Ralf Dahrendorf<\/em><\/p><\/blockquote>\n<p>Wir, die Liberale Hochschulgruppe Freiburg, sind Studierende verschiedener Fachbereiche, die in der Hochschulpolitik konstruktiv und pragmatisch f\u00fcr die Verbesserungen der Studienbedingungen aller arbeiten.<\/p>\n<p>Dabei machen wir uns f\u00fcr liberale Positionen an der Universit\u00e4t stark. Dazu z\u00e4hlen Chancengleichheit, Toleranz gegen\u00fcber anderen, Eigenverantwortung, freiheitliche Studiengestaltung, Datenschutz und Privatsph\u00e4re. Wichtig ist uns insbesondere die Demokratisierung der studentischen Mitbestimmung. Im Mittelpunkt steht dabei der einzelne Studierende. Wir f\u00f6rdern Dialog statt Konfrontation. Wir sind zukunftsgerichtet und setzen uns f\u00fcr Fortschritt und Modernisierung an der Universit\u00e4t ein. Wir treiben den Austausch der verschiedenen Fakult\u00e4ten und Teilen der Universit\u00e4t an und lassen Interessierte von der Vielfalt unserer Universit\u00e4t profitieren.<\/p>\n<p>Als politische Hochschulgruppe treten wir jedes Jahr im Sommersemester zu den Universit\u00e4tswahlen an. Wir sind die liberale Stimme im Studierendenrat (StuRa).<\/p>\n<p>Neben der Hochschulpolitik verlieren wir die Grunds\u00e4tze des Liberalismus nicht aus dem Blick: Bei unseren Treffen finden regelm\u00e4\u00dfig Impulsreferate und Diskussionen mit G\u00e4sten aus Politik, Wirtschaft, oder Wissenschaft statt. Hier sind wir f\u00fcr neue Denkanst\u00f6\u00dfe und kritische Betrachtungen stets offen!<\/p>\n<p>Nat\u00fcrlich blicken wir auch regelm\u00e4\u00dfig \u00fcber den Freiburger Tellerrand: Wir sind Mitglied im <a title=\"Landesverband Liberaler Hochschulgruppen Baden-W\u00fcrttemberg\" href=\"http:\/\/www.lhg-bw.de\" target=\"_blank\" rel=\"noopener noreferrer\">Landesverband Liberaler Hochschulgruppen Baden-W\u00fcrttemberg<\/a> sowie im <a title=\"Bundesverband Liberaler Hochschulgruppen\" href=\"http:\/\/www.bundes-lhg.de\" target=\"_blank\" rel=\"noopener noreferrer\">Bundesverband Liberaler Hochschulgruppen<\/a>. Damit haben unsere Mitglieder die M\u00f6glichkeit, an einem breiten Angebot an Seminaren teilzunehmen und sich mit Studierenden anderer Universit\u00e4ten auszutauschen.<\/p>\n<p>Neben der Politik darf nat\u00fcrlich auch das Zwischenmenschliche nicht zu kurz kommen: Unsere Sitzungen lassen wir in geselliger Runde ausklingen\u00a0und es\u00a0stehen immer wieder gemeinsame Ausfl\u00fcge auf dem Programm.<\/p>\n<p>Jeder ist bei uns herzlich willkommen. In diesem Sinne laden wir Interessierte dazu ein, uns anzuschreiben, einmal bei uns vorbeizuschauen und sich ein Bild von unserer Arbeit zu machen.<!-- br--><!-- br--><\/p>\n<\/div><\/div>","protected":false},"excerpt":{"rendered":"<p>Unser Selbstverst\u00e4ndnis &#8220;Liberalismus ist im Grundsatz eine durchaus klare und einfache Zielrichtung des politischen Handelns: Es kommt darauf an, alles zu tun, um die Lebenschancen des Einzelnen zu erweitern. Je mehr Menschen mehr Lebenschancen haben, desto liberaler ist eine Gesellschaft.&#8221; Ralf Dahrendorf Wir, die Liberale Hochschulgruppe Freiburg, sind Studierende verschiedener Fachbereiche, die in der Hochschulpolitik [&hellip;]<\/p>\n","protected":false},"author":266,"featured_media":0,"parent":0,"menu_order":-1,"comment_status":"open","ping_status":"open","template":"","meta":{"footnotes":""},"class_list":["post-5","page","type-page","status-publish","hentry"],"_links":{"self":[{"href":"https:\/\/lhg-bw.de\/freiburg\/wp-json\/wp\/v2\/pages\/5","targetHints":{"allow":["GET"]}}],"collection":[{"href":"https:\/\/lhg-bw.de\/freiburg\/wp-json\/wp\/v2\/pages"}],"about":[{"href":"https:\/\/lhg-bw.de\/freiburg\/wp-json\/wp\/v2\/types\/page"}],"author":[{"embeddable":true,"href":"https:\/\/lhg-bw.de\/freiburg\/wp-json\/wp\/v2\/users\/266"}],"replies":[{"embeddable":true,"href":"https:\/\/lhg-bw.de\/freiburg\/wp-json\/wp\/v2\/comments?post=5"}],"version-history":[{"count":14,"href":"https:\/\/lhg-bw.de\/freiburg\/wp-json\/wp\/v2\/pages\/5\/revisions"}],"predecessor-version":[{"id":1189,"href":"https:\/\/lhg-bw.de\/freiburg\/wp-json\/wp\/v2\/pages\/5\/revisions\/1189"}],"wp:attachment":[{"href":"https:\/\/lhg-bw.de\/freiburg\/wp-json\/wp\/v2\/media?parent=5"}],"curies":[{"name":"wp","href":"https:\/\/api.w.org\/{rel}","templated":true}]}}