{"id":59,"date":"2010-02-12T19:52:23","date_gmt":"2010-02-12T18:52:23","guid":{"rendered":"http:\/\/lhg-bw.de\/freiburg\/mitglied-werden\/"},"modified":"2024-01-03T11:41:56","modified_gmt":"2024-01-03T10:41:56","slug":"mitglied-werden","status":"publish","type":"page","link":"https:\/\/lhg-bw.de\/freiburg\/mitglied-werden\/","title":{"rendered":"Mitglied werden"},"content":{"rendered":"<div id=\"dslc-theme-content\"><div id=\"dslc-theme-content-inner\"><p>Wenn du die Situation f\u00fcr die Studierenden verbessern und die Zukunft der Universit\u00e4t aktiv mitgestalten m\u00f6chtest, ein freiheitlich denkender Mensch bist und dich nicht nur f\u00fcr unsere Positionen, sondern auch unsere sachliche, ergebnisorientierte Herangehensweise begeistern kannst, sollten wir uns kennen lernen!<\/p>\n<p>Bei uns hast du die M\u00f6glichkeit, rasch <strong>Verantwortung<\/strong> zu \u00fcbernehmen. In einem Umfeld, das konsequenten <strong>Liberalismus<\/strong>, <strong>Engagement<\/strong> und <strong>Toleranz<\/strong> als zentrale Motive hochh\u00e4lt, kannst du dein organisatorisches Geschick unter Beweis stellen und dich in der Auseinandersetzung mit aktuellen hochschulpolitischen Fragestellungen programmatisch wie auch in der \u00d6ffentlichkeitsarbeit einbringen.<\/p>\n<p>Wenn wir dein Interesse geweckt haben, schau\u2019 doch einfach mal bei einem unserer <strong>Treffen<\/strong>\u00a0vorbei! Wann und wo diese stattfinden, wird rechtzeitig auf unserer Startseite und bei Facebook angek\u00fcndigt.<br \/>\nWenn wir dich schon \u00fcberzeugt haben, kannst du direkt deinen Antrag auf Mitgliedschaft ausf\u00fcllen.<\/p>\n<table style=\"height: 42px;\" border=\"0\" width=\"214\">\n<tbody>\n<tr>\n<td style=\"text-align: center;\"><a href=\"https:\/\/drive.google.com\/file\/d\/1-SSUGlpvWOy--ySUqB-IH-YmW1ViyxFq\/view?usp=sharing\" target=\"_blank\" rel=\"noopener noreferrer\">Mitgliedsantrag runterladen<\/a><\/td>\n<\/tr>\n<\/tbody>\n<\/table>\n<p>Bring&#8217; das unterschriebene Formular einfach zum n\u00e4chsten Treffen mit!<\/p>\n<p><strong>Wir freuen uns auf dich! <\/strong><\/p>\n<\/div><\/div>","protected":false},"excerpt":{"rendered":"<p>Wenn du die Situation f\u00fcr die Studierenden verbessern und die Zukunft der Universit\u00e4t aktiv mitgestalten m\u00f6chtest, ein freiheitlich denkender Mensch bist und dich nicht nur f\u00fcr unsere Positionen, sondern auch unsere sachliche, ergebnisorientierte Herangehensweise begeistern kannst, sollten wir uns kennen lernen! Bei uns hast du die M\u00f6glichkeit, rasch Verantwortung zu \u00fcbernehmen. In einem Umfeld, das [&hellip;]<\/p>\n","protected":false},"author":272,"featured_media":0,"parent":0,"menu_order":0,"comment_status":"open","ping_status":"open","template":"","meta":{"footnotes":""},"class_list":["post-59","page","type-page","status-publish","hentry"],"_links":{"self":[{"href":"https:\/\/lhg-bw.de\/freiburg\/wp-json\/wp\/v2\/pages\/59","targetHints":{"allow":["GET"]}}],"collection":[{"href":"https:\/\/lhg-bw.de\/freiburg\/wp-json\/wp\/v2\/pages"}],"about":[{"href":"https:\/\/lhg-bw.de\/freiburg\/wp-json\/wp\/v2\/types\/page"}],"author":[{"embeddable":true,"href":"https:\/\/lhg-bw.de\/freiburg\/wp-json\/wp\/v2\/users\/272"}],"replies":[{"embeddable":true,"href":"https:\/\/lhg-bw.de\/freiburg\/wp-json\/wp\/v2\/comments?post=59"}],"version-history":[{"count":10,"href":"https:\/\/lhg-bw.de\/freiburg\/wp-json\/wp\/v2\/pages\/59\/revisions"}],"predecessor-version":[{"id":1463,"href":"https:\/\/lhg-bw.de\/freiburg\/wp-json\/wp\/v2\/pages\/59\/revisions\/1463"}],"wp:attachment":[{"href":"https:\/\/lhg-bw.de\/freiburg\/wp-json\/wp\/v2\/media?parent=59"}],"curies":[{"name":"wp","href":"https:\/\/api.w.org\/{rel}","templated":true}]}}