{"id":20,"date":"2011-10-13T11:08:22","date_gmt":"2011-10-13T09:08:22","guid":{"rendered":"http:\/\/lhg-bw.de\/zeppelin\/impressum\/"},"modified":"2024-02-29T17:01:45","modified_gmt":"2024-02-29T16:01:45","slug":"impressum","status":"publish","type":"page","link":"https:\/\/lhg-bw.de\/friedrichshafen\/impressum\/","title":{"rendered":"Impressum"},"content":{"rendered":"<div id=\"dslc-theme-content\"><div id=\"dslc-theme-content-inner\"><h2>Angaben gem\u00e4\u00df \u00a7 5 TMG:<\/h2>\n<p>Liberale Hochschulgruppe Friedrichshafen<br \/>\nAm Seemoser Horn 20<br \/>\n88045 Friedrichshafen<br \/>\nE-Mail: vorstand [at] lhg-friedrichshafen [dot] de<br \/>\nInternet: www.lhg-friedrichshafen.de<\/p>\n<p>Die auf unseren Seiten zur Verf\u00fcgung gestellten Informationen dienen der politischen Willensbildung und der Unterrichtung der \u00d6ffentlichkeit. Sie geben die Meinung des Ortsverbands der Liberalen Hochschulgruppen Friedrichshafen bzw. der genannten Personen wieder.<\/p>\n<p>Hinweise auf fremde Seiten, zu denen wir lediglich den Zugang zur Nutzung im Sinne des Telemediengesetzes vermitteln, werden ausschlie\u00dflich zu Zwecken der politischen Bildung und politischen Information angegeben.<\/p>\n<h2>Kontakt:<\/h2>\n<p>E-Mail: kontakt@lhg-friedrichshafen.de<\/p>\n<h2>Verantwortlich f\u00fcr den Inhalt nach \u00a7 55 Abs. 2 RStV:<\/h2>\n<p>Kaan G\u00fcm\u00fcs (Vorsitzender)<br \/>\nc\/o Liberale Hochschulgruppe Friedrichshafen<br \/>\nAm Seemoser Horn 20<br \/>\n88045 Friedrichshafen<\/p>\n<h2>Streitschlichtung<\/h2>\n<p>Wir sind nicht bereit oder verpflichtet, an Streitbeilegungsverfahren vor einer<br \/>\nVerbraucherschlichtungsstelle teilzunehmen.<\/p>\n<h3>Haftung f\u00fcr Inhalte<\/h3>\n<p>Als Diensteanbieter sind wir gem\u00e4\u00df \u00a7 7 Abs.1 TMG f\u00fcr eigene Inhalte auf diesen Seiten<br \/>\nnach den allgemeinen Gesetzen verantwortlich. Nach \u00a7\u00a7 8 bis 10 TMG sind wir als<br \/>\nDiensteanbieter jedoch nicht verpflichtet, \u00fcbermittelte oder gespeicherte fremde Informationen zu \u00fcberwachen oder nach Umst\u00e4nden zu forschen, die auf eine rechtswidrige T\u00e4tigkeit hinweisen.<\/p>\n<p>Verpflichtungen zur Entfernung oder Sperrung der Nutzung von Informationen nach<br \/>\nden allgemeinen Gesetzen bleiben hiervon unber\u00fchrt. Eine diesbez\u00fcgliche Haftung ist jedoch erst ab dem Zeitpunkt der Kenntnis einer konkreten Rechtsverletzung m\u00f6glich. Bei Bekanntwerden von entsprechenden Rechtsverletzungen werden wir diese Inhalte umgehend entfernen.<\/p>\n<h3>Haftung f\u00fcr Links<\/h3>\n<p>Unser Angebot enth\u00e4lt Links zu externen Websites Dritter, auf<br \/>\nderen Inhalte wir keinen Einfluss haben. Deshalb k\u00f6nnen wir f\u00fcr diese fremden Inhalte auch keine Gew\u00e4hr \u00fcbernehmen. F\u00fcr die Inhalte der verlinkten Seiten ist stets der jeweilige Anbieter oder Betreiber der Seiten verantwortlich. Die verlinkten Seiten wurden zum Zeitpunkt der Verlinkung auf m\u00f6gliche Rechtsverst\u00f6\u00dfe \u00fcberpr\u00fcft. Rechtswidrige Inhalte waren zum Zeitpunkt der Verlinkung nicht erkennbar.<\/p>\n<p>Eine permanente inhaltliche Kontrolle der verlinkten Seiten ist jedoch ohne konkrete Anhaltspunkte einer Rechtsverletzung nicht zumutbar. Bei Bekanntwerden von Rechtsverletzungen werden wir derartige Links umgehend entfernen.<\/p>\n<h3>Urheberrecht<\/h3>\n<p>Die durch die Seitenbetreiber erstellten Inhalte und Werke auf diesen Seiten<br \/>\nunterliegen dem deutschen Urheberrecht. Die Vervielf\u00e4ltigung, Bearbeitung, Verbreitung und jede<br \/>\nArt der Verwertung au\u00dferhalb der Grenzen des Urheberrechtes bed\u00fcrfen der schriftlichen<br \/>\nZustimmung des jeweiligen Autors bzw. Erstellers. Downloads und Kopien dieser Seite sind nur f\u00fcr<br \/>\nden privaten, nicht kommerziellen Gebrauch gestattet.<\/p>\n<p>Soweit die Inhalte auf dieser Seite nicht<br \/>\nvom Betreiber erstellt wurden, werden die Urheberrechte Dritter beachtet. Insbesondere werden Inhalte<br \/>\nDritter als solche gekennzeichnet. Sollten Sie trotzdem auf eine Urheberrechtsverletzung aufmerksam<br \/>\nwerden, bitten wir um einen entsprechenden Hinweis. Bei Bekanntwerden von Rechtsverletzungen<br \/>\nwerden wir derartige Inhalte umgehend entfernen.<\/p>\n<p><strong>Haftungshinweis<\/strong><\/p>\n<p>Trotz sorgf\u00e4ltiger inhaltlicher Kontrolle \u00fcbernehmen wir keine Haftung f\u00fcr die Inhalte externer Links. F\u00fcr den Inhalt der verlinkten Seiten sind ausschlie\u00dflich deren Betreiber verantwortlich.<\/p>\n<p>Die von uns durchgef\u00fchrten Meinungsumfragen sind nicht repr\u00e4sentativ.<\/p>\n<p>Bitte beachten Sie, dass \u00dcbermittlungen per E-Mail nicht gegen die Kenntnisnahme durch Dritte gesch\u00fctzt sind.<\/p>\n<p><strong>Design und Content Management<\/strong><\/p>\n<p>Diese Seiten basieren auf dem Content Management System <a href=\"http:\/\/wpde.org\/\">WordPress<\/a>. Bei Fehlern oder \u00c4nderungsw\u00fcnschen bitte E-Mail an: admin(\u00e4t)lhg-bw.de.<\/p>\n<\/div><\/div>","protected":false},"excerpt":{"rendered":"<p>Angaben gem\u00e4\u00df \u00a7 5 TMG: Liberale Hochschulgruppe Friedrichshafen Am Seemoser Horn 20 88045 Friedrichshafen E-Mail: vorstand [at] lhg-friedrichshafen [dot] de Internet: www.lhg-friedrichshafen.de Die auf unseren Seiten zur Verf\u00fcgung gestellten Informationen dienen der politischen Willensbildung und der Unterrichtung der \u00d6ffentlichkeit. Sie geben die Meinung des Ortsverbands der Liberalen Hochschulgruppen Friedrichshafen bzw. der genannten Personen wieder. Hinweise [&hellip;]<\/p>\n","protected":false},"author":3,"featured_media":0,"parent":0,"menu_order":6,"comment_status":"open","ping_status":"open","template":"","meta":{"footnotes":""},"class_list":["post-20","page","type-page","status-publish","hentry"],"_links":{"self":[{"href":"https:\/\/lhg-bw.de\/friedrichshafen\/wp-json\/wp\/v2\/pages\/20","targetHints":{"allow":["GET"]}}],"collection":[{"href":"https:\/\/lhg-bw.de\/friedrichshafen\/wp-json\/wp\/v2\/pages"}],"about":[{"href":"https:\/\/lhg-bw.de\/friedrichshafen\/wp-json\/wp\/v2\/types\/page"}],"author":[{"embeddable":true,"href":"https:\/\/lhg-bw.de\/friedrichshafen\/wp-json\/wp\/v2\/users\/3"}],"replies":[{"embeddable":true,"href":"https:\/\/lhg-bw.de\/friedrichshafen\/wp-json\/wp\/v2\/comments?post=20"}],"version-history":[{"count":17,"href":"https:\/\/lhg-bw.de\/friedrichshafen\/wp-json\/wp\/v2\/pages\/20\/revisions"}],"predecessor-version":[{"id":356,"href":"https:\/\/lhg-bw.de\/friedrichshafen\/wp-json\/wp\/v2\/pages\/20\/revisions\/356"}],"wp:attachment":[{"href":"https:\/\/lhg-bw.de\/friedrichshafen\/wp-json\/wp\/v2\/media?parent=20"}],"curies":[{"name":"wp","href":"https:\/\/api.w.org\/{rel}","templated":true}]}}