{"id":218,"date":"2018-05-24T20:17:25","date_gmt":"2018-05-24T18:17:25","guid":{"rendered":"https:\/\/lhg-bw.de\/friedrichshafen\/?page_id=218"},"modified":"2024-02-29T16:05:22","modified_gmt":"2024-02-29T15:05:22","slug":"ueber-uns","status":"publish","type":"page","link":"https:\/\/lhg-bw.de\/friedrichshafen\/ueber-uns\/","title":{"rendered":"\u00dcber uns"},"content":{"rendered":"<div id=\"dslc-theme-content\"><div id=\"dslc-theme-content-inner\"><p><strong>Was wir sind<\/strong><\/p>\n<p>Die Liberale Hochschulgruppe ist eine Initiative, die sich eine liberale Hochschulpolitik und die Interessenvertretung der Studie<span class=\"text_exposed_show\">renden zum Ziel gesetzt hat.<\/span><\/p>\n<p>Die LHG ist weder parteilich, religi\u00f6s noch fachlich gebunden und steht allen Studierenden offen, die sich zu einer liberalen und toleranten Gesellschaft bekennen.<\/p>\n<p>Die zentralen Begriffe des Liberalismus sind f\u00fcr uns Freiheit, Toleranz und Eigenverantwortung. Ideologische Grabenk\u00e4mpfe und politischen Extremismus an der Hochschule lehnen wir ab. Wir setzen uns stattdessen f\u00fcr eine sach- und vernunftorientierte Hochschulpolitik ein.<\/p>\n<p>Wir treten f\u00fcr mehr Selbst\u00e4ndigkeit und Eigenverantwortung der Hochschulen ein. Je weniger von staatlicher Seite reglementiert wird, desto flexibler kann auf W\u00fcnsche der Studierenden eingegangen werden.<\/p>\n<p>Hast Du Interesse an unserer Arbeit, oder m\u00f6chtest selbst aktiv werden? Dann trau Dich uns anzusprechen! Wir freuen uns, wenn Du Kontakt zu uns aufnimmst:<br \/>\nkontakt [at] lhg-friedrichshafen.de<\/p>\n<p><strong>Was wir machen<\/strong><\/p>\n<p>Die Liberale Hochschulgruppe f\u00f6rdert den Dialog der Studenten mit Politik und Wirtschaft und setzt sich f\u00fcr Eure Belange ein<span class=\"text_exposed_show\">, sodass ihr Eurer Studium so frei und spannend gestalten k\u00f6nnt wie m\u00f6glich.<\/span><\/p>\n<p><span class=\"text_exposed_show\">Es geht unserer Hochschulgruppe nicht um \u201ePolitikmache\u201c, sondern vielmehr um die Gestaltung eines aktiven Dialoges, sowohl zwischen liberal denkenden Studenten, als auch zwischen (au\u00dfer)universit\u00e4ren Institutionen und der LHG.<\/span><\/p>\n<p>&nbsp;<\/p>\n<p>&nbsp;<\/p>\n<\/div><\/div>","protected":false},"excerpt":{"rendered":"<p>Was wir sind Die Liberale Hochschulgruppe ist eine Initiative, die sich eine liberale Hochschulpolitik und die Interessenvertretung der Studierenden zum Ziel gesetzt hat. Die LHG ist weder parteilich, religi\u00f6s noch fachlich gebunden und steht allen Studierenden offen, die sich zu einer liberalen und toleranten Gesellschaft bekennen. Die zentralen Begriffe des Liberalismus sind f\u00fcr uns Freiheit, [&hellip;]<\/p>\n","protected":false},"author":1078,"featured_media":0,"parent":0,"menu_order":0,"comment_status":"closed","ping_status":"closed","template":"","meta":{"footnotes":""},"class_list":["post-218","page","type-page","status-publish","hentry"],"_links":{"self":[{"href":"https:\/\/lhg-bw.de\/friedrichshafen\/wp-json\/wp\/v2\/pages\/218","targetHints":{"allow":["GET"]}}],"collection":[{"href":"https:\/\/lhg-bw.de\/friedrichshafen\/wp-json\/wp\/v2\/pages"}],"about":[{"href":"https:\/\/lhg-bw.de\/friedrichshafen\/wp-json\/wp\/v2\/types\/page"}],"author":[{"embeddable":true,"href":"https:\/\/lhg-bw.de\/friedrichshafen\/wp-json\/wp\/v2\/users\/1078"}],"replies":[{"embeddable":true,"href":"https:\/\/lhg-bw.de\/friedrichshafen\/wp-json\/wp\/v2\/comments?post=218"}],"version-history":[{"count":7,"href":"https:\/\/lhg-bw.de\/friedrichshafen\/wp-json\/wp\/v2\/pages\/218\/revisions"}],"predecessor-version":[{"id":348,"href":"https:\/\/lhg-bw.de\/friedrichshafen\/wp-json\/wp\/v2\/pages\/218\/revisions\/348"}],"wp:attachment":[{"href":"https:\/\/lhg-bw.de\/friedrichshafen\/wp-json\/wp\/v2\/media?parent=218"}],"curies":[{"name":"wp","href":"https:\/\/api.w.org\/{rel}","templated":true}]}}