{"id":1035,"date":"2013-11-12T01:07:31","date_gmt":"2013-11-11T23:07:31","guid":{"rendered":"http:\/\/lhg-bw.de\/heidelberg\/?page_id=1035"},"modified":"2014-11-20T21:10:20","modified_gmt":"2014-11-20T19:10:20","slug":"inhalte","status":"publish","type":"page","link":"https:\/\/lhg-bw.de\/heidelberg\/?page_id=1035","title":{"rendered":"F\u00fcr einen StuRa 2.0"},"content":{"rendered":"<div id=\"dslc-theme-content\"><div id=\"dslc-theme-content-inner\"><h1><strong>\u00a0Effizient. Transparent. Modern.<\/strong><\/h1>\n<h1><\/h1>\n<ul>\n<li><strong>Online Anmeldung f\u00fcr Sprachkurse<\/strong><\/li>\n<\/ul>\n<div class=\"page\" title=\"Page 2\">\n<div class=\"layoutArea\">\n<div class=\"column\">\n<p>Wir fordern eine bequeme Online-Anmeldung zu allen studienbegleitenden Sprachkursen. Bisher muss man sich nach einem Einstufungstest zu fest vorgegebenen Zeiten im Zentralen Sprachlabor in Listen eintragen, was bei nachgefragten Sprachkursen zu langen Schlangen und, damit verbunden, \u00e4tzend langen Wartezeiten f\u00fchrt.<\/p>\n<p>Die Vergabe der Pl\u00e4tze bei gro\u00dfer Nachfrage nach dem Zufallsprinzip bliebe nat\u00fcrlich\u00a0bestehen.<\/p>\n<p>Analog zur Anmeldung macht nat\u00fcrlich auch die Bekanntgabe der zugelassenen Teilnehmer online mehr Sinn als in aush\u00e4ngenden Listen.<\/p>\n<p>&nbsp;<\/p>\n<\/div>\n<\/div>\n<\/div>\n<ul>\n<li><strong>StuRa-Beitrag senken!<\/strong><\/li>\n<\/ul>\n<p>Du bezahlst jedes Jahr 15\u00a0Euro\u00a0(7,50 Euro pro Semester) an die Verfasste Studierendenschaft. Nur circa 49% davon werden f\u00fcr die Belange Studierender eingesetzt. Der Rest versickert mehr oder weniger sinnvoll im StuRa. Von den 7,50 Euro Zwangsbeitrag (zum Vergleich: in Mannheim betr\u00e4gt dieser nur 5,85 Euro), landen 3 Euro bei den Fachschaften, 4,50 Euro gehen an den StuRa. Dieser gibt davon 2,85 Euro allein an Personalkosten ab. 1,24 Euro werden zum Arbeiten veranschlagt. Nur 41\u00a0Cent kommen den Studierenden in Form von Zusch\u00fcssen f\u00fcr Gruppen und Initiativen und zur F\u00f6rderung von Gastbeitr\u00e4gen zugute. Wir setzen uns daf\u00fcr ein, dass Dein Geld wirklich Dir zugute kommt und fordern daher einen <strong>effizienten<\/strong> StuRa.<\/p>\n<p>&nbsp;<\/p>\n<ul>\n<li><strong>In Zukunft: Online-Abstimmungen<\/strong><\/li>\n<\/ul>\n<div class=\"page\" title=\"Page 2\">\n<div class=\"layoutArea\">\n<div class=\"column\">\n<p><strong>Effizient:<\/strong> Urabstimmungen online durchzuf\u00fchren reduziert ihren finanziellen und personellen Aufwand: Unter anderem werden Wahlzettel, Wahlhelfer und Briefwahl \u00fcberfl\u00fcssig, stattdessen wird ein schnelles und automatisches Ausz\u00e4hlen m\u00f6glich.<\/p>\n<p><strong>Demokratisch:<\/strong> Das automatische Ausz\u00e4hlen verhindert Fehler bei der Auswertung. Jeder Immatrikulierte bekommt die M\u00f6glichkeit, auf einfachem Weg zu w\u00e4hlen. Damit wird die Wahlbeteiligung enorm steigen, wie bereits durchgef\u00fchrte Online-Umfragen zeigen. Es werden aber nicht nur mehr Studierende teilnehmen, sondern es k\u00f6nnen durch den reduzierten Aufwand auch h\u00e4ufiger Urabstimmungen angeboten werden. Dadurch k\u00f6nnen mehr Studierende zu vielf\u00e4ltigeren Themen direkten Einfluss auf die sie betreffende Hochschulpolitik nehmen.<\/p>\n<p><strong>Modern:<\/strong> Heute haben wir die technische M\u00f6glichkeit Demokratie f\u00fcr alle anzubieten. Die LHG fordert, dass sich auch die Hochschulpolitik dieser Herausforderung stellt und nicht davor zur\u00fcckschreckt sich \u00fcber Datenschutz und neue Missbrauchsm\u00f6glichkeiten Gedanken zu machen!<\/p>\n<\/div>\n<\/div>\n<\/div>\n<p>&nbsp;<\/p>\n<ul>\n<li><strong>Keine Gelder an uni-externe Gruppen<\/strong><\/li>\n<\/ul>\n<div class=\"page\" title=\"Page 2\">\n<div class=\"layoutArea\">\n<div class=\"column\">\n<p>Wir sind der Meinung, dass der StuRa die ihm anvertrauten Mittel nicht dazu verwenden darf, um externe Organisationen zu finanzieren. Jeder Student kann frei entscheiden, ob er solche Gruppierungen unterst\u00fctzen m\u00f6chte oder nicht, weshalb es hier keiner Bevormundung durch den StuRa bedarf. Dass diese Bevormundung zudem politisch belastet ist, zeigt bereits die beschlossene Spende an die <a title=\"Rote-Hilfe\" href=\"http:\/\/www.rote-hilfe.de\/ueber-uns\" target=\"_blank\">Rote Hilfe e.V.<\/a>, eine Gruppe, die zum Beispiel f\u00fcr die <a title=\"RAF Rote-Hilfe\" href=\"http:\/\/www.rote-hilfe.de\/literaturvertrieb\/sonderpreise--restposten\/freilassung-f\u00fcr-die-politischen-gefangenen-der-raf\" target=\"_blank\">Freilassung der Strafgefangenen der RAF<\/a> eingetreten ist.<\/p>\n<p>Mit einigen Mitgliedschaften verpflichtet sich der StuRa bereits zudem zu j\u00e4hrlichen Mitgliedsbeitr\u00e4gen, welche ab 2017 fast 30.0000 Euro betragen werden. Den gr\u00f6\u00dften Kostenpunkt macht hierbei die <a title=\"FZS\" href=\"http:\/\/www.fzs.de\" target=\"_blank\">fzs<\/a> aus, eine Gruppierung, die f\u00fcr ihre linksideologisch gepr\u00e4gte Grundausrichtung bekannt ist.<\/p>\n<p>Mit einer von uns geforderten Sperre m\u00f6chten wir die politisch getriebene Querfinanzierung solcher Organisationen unterbinden und die Mittel des StuRa auf die lokale Arbeit konzentrieren.<\/p>\n<\/div>\n<\/div>\n<\/div>\n<p>&nbsp;<\/p>\n<\/div><\/div>","protected":false},"excerpt":{"rendered":"<p>\u00a0Effizient. Transparent. Modern. Online Anmeldung f\u00fcr Sprachkurse Wir fordern eine bequeme Online-Anmeldung zu allen studienbegleitenden Sprachkursen. Bisher muss man sich nach einem Einstufungstest zu fest vorgegebenen Zeiten im Zentralen Sprachlabor in Listen eintragen, was bei nachgefragten Sprachkursen zu langen Schlangen und, damit verbunden, \u00e4tzend langen Wartezeiten f\u00fchrt. Die Vergabe der Pl\u00e4tze bei gro\u00dfer Nachfrage nach [&hellip;]<\/p>\n","protected":false},"author":1006,"featured_media":0,"parent":1019,"menu_order":0,"comment_status":"open","ping_status":"open","template":"","meta":{"footnotes":""},"class_list":["post-1035","page","type-page","status-publish","hentry"],"_links":{"self":[{"href":"https:\/\/lhg-bw.de\/heidelberg\/index.php?rest_route=\/wp\/v2\/pages\/1035","targetHints":{"allow":["GET"]}}],"collection":[{"href":"https:\/\/lhg-bw.de\/heidelberg\/index.php?rest_route=\/wp\/v2\/pages"}],"about":[{"href":"https:\/\/lhg-bw.de\/heidelberg\/index.php?rest_route=\/wp\/v2\/types\/page"}],"author":[{"embeddable":true,"href":"https:\/\/lhg-bw.de\/heidelberg\/index.php?rest_route=\/wp\/v2\/users\/1006"}],"replies":[{"embeddable":true,"href":"https:\/\/lhg-bw.de\/heidelberg\/index.php?rest_route=%2Fwp%2Fv2%2Fcomments&post=1035"}],"version-history":[{"count":17,"href":"https:\/\/lhg-bw.de\/heidelberg\/index.php?rest_route=\/wp\/v2\/pages\/1035\/revisions"}],"predecessor-version":[{"id":1616,"href":"https:\/\/lhg-bw.de\/heidelberg\/index.php?rest_route=\/wp\/v2\/pages\/1035\/revisions\/1616"}],"up":[{"embeddable":true,"href":"https:\/\/lhg-bw.de\/heidelberg\/index.php?rest_route=\/wp\/v2\/pages\/1019"}],"wp:attachment":[{"href":"https:\/\/lhg-bw.de\/heidelberg\/index.php?rest_route=%2Fwp%2Fv2%2Fmedia&parent=1035"}],"curies":[{"name":"wp","href":"https:\/\/api.w.org\/{rel}","templated":true}]}}