{"id":122,"date":"2008-07-03T14:48:29","date_gmt":"2008-07-03T13:48:29","guid":{"rendered":"http:\/\/lhg-bw.de\/heidelberg\/mitglied-werden-2\/"},"modified":"2024-01-03T15:21:39","modified_gmt":"2024-01-03T13:21:39","slug":"mitglied-werden-2","status":"publish","type":"page","link":"https:\/\/lhg-bw.de\/heidelberg\/?page_id=122","title":{"rendered":"Mitmachen"},"content":{"rendered":"<div id=\"dslc-theme-content\"><div id=\"dslc-theme-content-inner\"><p style=\"text-align: left;\" align=\"center\">Du m\u00f6chtest Dich f\u00fcr die Freiheit an der Universit\u00e4t Heidelberg einsetzen und Dich in der Hochschulpolitik engagieren?<\/p>\n<p style=\"text-align: left;\" align=\"center\">Werde jetzt Mitglied und\/oder schaue bei unserem n\u00e4chsten Treffen vorbei!<\/p>\n<p style=\"text-align: left;\" align=\"center\"><strong><a href=\"https:\/\/lhg-bw.de\/heidelberg\/files\/2022\/01\/Satzung-der-Liberalen-Hochschulgruppe-Heidelberg.pdf\">Hier findest Du au\u00dferdem unsere Satzung.<\/a><\/strong><\/p>\n<p style=\"text-align: left;\" align=\"center\">Du kannst uns auch eine E-Mail schreiben an:<\/p>\n<p style=\"text-align: left;\" align=\"center\"><strong>info@lhg-heidelberg.de<\/strong><\/p>\n<p align=\"center\">\n<\/div><\/div>","protected":false},"excerpt":{"rendered":"<p>Du m\u00f6chtest Dich f\u00fcr die Freiheit an der Universit\u00e4t Heidelberg einsetzen und Dich in der Hochschulpolitik engagieren? Werde jetzt Mitglied und\/oder schaue bei unserem n\u00e4chsten Treffen vorbei! Hier findest Du au\u00dferdem unsere Satzung. Du kannst uns auch eine E-Mail schreiben an: info@lhg-heidelberg.de<\/p>\n","protected":false},"author":258,"featured_media":0,"parent":0,"menu_order":8,"comment_status":"closed","ping_status":"open","template":"","meta":{"footnotes":""},"class_list":["post-122","page","type-page","status-publish","hentry"],"_links":{"self":[{"href":"https:\/\/lhg-bw.de\/heidelberg\/index.php?rest_route=\/wp\/v2\/pages\/122","targetHints":{"allow":["GET"]}}],"collection":[{"href":"https:\/\/lhg-bw.de\/heidelberg\/index.php?rest_route=\/wp\/v2\/pages"}],"about":[{"href":"https:\/\/lhg-bw.de\/heidelberg\/index.php?rest_route=\/wp\/v2\/types\/page"}],"author":[{"embeddable":true,"href":"https:\/\/lhg-bw.de\/heidelberg\/index.php?rest_route=\/wp\/v2\/users\/258"}],"replies":[{"embeddable":true,"href":"https:\/\/lhg-bw.de\/heidelberg\/index.php?rest_route=%2Fwp%2Fv2%2Fcomments&post=122"}],"version-history":[{"count":29,"href":"https:\/\/lhg-bw.de\/heidelberg\/index.php?rest_route=\/wp\/v2\/pages\/122\/revisions"}],"predecessor-version":[{"id":3100,"href":"https:\/\/lhg-bw.de\/heidelberg\/index.php?rest_route=\/wp\/v2\/pages\/122\/revisions\/3100"}],"wp:attachment":[{"href":"https:\/\/lhg-bw.de\/heidelberg\/index.php?rest_route=%2Fwp%2Fv2%2Fmedia&parent=122"}],"curies":[{"name":"wp","href":"https:\/\/api.w.org\/{rel}","templated":true}]}}