{"id":1320,"date":"2014-06-30T11:26:42","date_gmt":"2014-06-30T09:26:42","guid":{"rendered":"http:\/\/lhg-bw.de\/heidelberg\/?page_id=1320"},"modified":"2015-01-15T13:55:28","modified_gmt":"2015-01-15T11:55:28","slug":"unsere-themen","status":"publish","type":"page","link":"https:\/\/lhg-bw.de\/heidelberg\/?page_id=1320","title":{"rendered":"Unsere Themen"},"content":{"rendered":"<div id=\"dslc-theme-content\"><div id=\"dslc-theme-content-inner\"><p style=\"text-align: left\"><a href=\"http:\/\/lhg-bw.de\/heidelberg\/files\/2014\/07\/flyer_front.png\"><img decoding=\"async\" class=\"alignright wp-image-1365 size-medium\" src=\"http:\/\/lhg-bw.de\/heidelberg\/files\/2014\/07\/flyer_front-214x300.png\" alt=\"flyer_front\" width=\"214\" height=\"300\" srcset=\"https:\/\/lhg-bw.de\/heidelberg\/files\/2014\/07\/flyer_front-214x300.png 214w, https:\/\/lhg-bw.de\/heidelberg\/files\/2014\/07\/flyer_front-730x1024.png 730w, https:\/\/lhg-bw.de\/heidelberg\/files\/2014\/07\/flyer_front.png 843w\" sizes=\"(max-width: 214px) 100vw, 214px\" \/><\/a><strong>Wahlfreiheit statt Veggie-Day &#8211; Wasserspender statt Getr\u00e4nkewucher<br \/>\n<\/strong><span class=\"_5yl5\"><span class=\"null\">Wir stellen uns gegen eine Bevormundung der Studenten in den Mensen und Caf\u00e9s. Einen Veggie-Day lehnen wir daher entschieden ab. Jeder soll t\u00e4glich selbst entscheiden k\u00f6nnen, was er isst &#8211; egal ob Fleisch oder Fisch, vegetarisch oder vegan. Ein Umdenken in der Bev\u00f6lkerung \u00fcber die Folgen von zu hohem Fleischkonsum und Massentierhaltung erreicht man nicht durch Fleischverbote, sondern durch Aufkl\u00e4rung. Au\u00dferdem fordern wir in den Mensen die Anschaffung von Wasserspendern an der Essensausgabe, an denen man sich frei bedienen kann. Damit soll eine kostenlose Alternative zu den \u00fcberteuerten Getr\u00e4nken angeboten werden.<\/span><\/span><\/p>\n<p style=\"text-align: left\"><span class=\"UFICommentBody\"><strong>Nein zur Zivilklausel &#8211; Ja zur Forschungsfreiheit<\/strong><br \/>\nWir lehnen die von anderen Hochschulgruppen geforderte Einf\u00fchrung einer Zivilklausel in die Grundordnung der Universit\u00e4t entschieden ab. Die Freiheit von Wissenschaft, Forschung und Lehre ist ein elementares Grundrecht, das im deutschen Grundgesetz garantiert wird, und darf nicht aus ideologischen Motiven eingeschr\u00e4nkt werden. Viele Errungenschaften wie das Internet gingen aus der milit\u00e4rischen Forschung hervor und sind nicht mehr wegzudenken.<\/span><\/p>\n<p style=\"text-align: left\"><strong>Anwesenheitspflicht und Pflichtveranstaltungen reduzieren<\/strong><span class=\"UFICommentBody\"><br \/>\nWir setzen uns f\u00fcr die Abschaffung der Anwesenheitspflicht in Vorlesungen ein. Jeder soll selbst entscheiden k\u00f6nnen, ob er eine Vorlesung besucht oder sich die Lehrinhalte im Selbststudium aneignet. In Seminaren, die von den Diskussionsbeitr\u00e4gen der Teilnehmer leben, macht die Anwesenheitspflicht dagegen durchaus Sinn.<br \/>\nAu\u00dferdem setzen wir uns f\u00fcr mehr Wahlfreiheit bei der Veranstaltungsbelegung ein. Auch wenn es in jedem Studienfach Grundlagenveranstaltungen gibt, die unabdingbar sind, darf die individuelle Schwerpunktsetzung nicht durch zu viele Pflichtveranstaltungen unn\u00f6tig eingeschr\u00e4nkt werden.<\/span><\/p>\n<p style=\"text-align: left\"><strong>Mehr Lernpl\u00e4tze schaffen<\/strong><span class=\"UFICommentBody\"><br \/>\nIn vielen Bibliotheken herrscht nicht nur in der Pr\u00fcfungsphase ein Mangel an Lern- und Arbeitspl\u00e4tzen. Viele Studenten m\u00fcssen sogar auf fachfremde Bibliotheken ausweichen und versch\u00e4rfen die dortige Situation. Wir fordern daher die Einrichtung zus\u00e4tzlicher Lern- und Arbeitspl\u00e4tze in den betroffenen Bibliotheken. Bei akutem Bedarf sollten auch freie Seminarr\u00e4ume zur Verf\u00fcgung gestellt werden.<\/span><\/p>\n<\/div><\/div>","protected":false},"excerpt":{"rendered":"<p>Wahlfreiheit statt Veggie-Day &#8211; Wasserspender statt Getr\u00e4nkewucher Wir stellen uns gegen eine Bevormundung der Studenten in den Mensen und Caf\u00e9s. Einen Veggie-Day lehnen wir daher entschieden ab. Jeder soll t\u00e4glich selbst entscheiden k\u00f6nnen, was er isst &#8211; egal ob Fleisch oder Fisch, vegetarisch oder vegan. Ein Umdenken in der Bev\u00f6lkerung \u00fcber die Folgen von zu [&hellip;]<\/p>\n","protected":false},"author":266,"featured_media":0,"parent":1296,"menu_order":0,"comment_status":"open","ping_status":"open","template":"","meta":{"footnotes":""},"class_list":["post-1320","page","type-page","status-publish","hentry"],"_links":{"self":[{"href":"https:\/\/lhg-bw.de\/heidelberg\/index.php?rest_route=\/wp\/v2\/pages\/1320","targetHints":{"allow":["GET"]}}],"collection":[{"href":"https:\/\/lhg-bw.de\/heidelberg\/index.php?rest_route=\/wp\/v2\/pages"}],"about":[{"href":"https:\/\/lhg-bw.de\/heidelberg\/index.php?rest_route=\/wp\/v2\/types\/page"}],"author":[{"embeddable":true,"href":"https:\/\/lhg-bw.de\/heidelberg\/index.php?rest_route=\/wp\/v2\/users\/266"}],"replies":[{"embeddable":true,"href":"https:\/\/lhg-bw.de\/heidelberg\/index.php?rest_route=%2Fwp%2Fv2%2Fcomments&post=1320"}],"version-history":[{"count":15,"href":"https:\/\/lhg-bw.de\/heidelberg\/index.php?rest_route=\/wp\/v2\/pages\/1320\/revisions"}],"predecessor-version":[{"id":1659,"href":"https:\/\/lhg-bw.de\/heidelberg\/index.php?rest_route=\/wp\/v2\/pages\/1320\/revisions\/1659"}],"up":[{"embeddable":true,"href":"https:\/\/lhg-bw.de\/heidelberg\/index.php?rest_route=\/wp\/v2\/pages\/1296"}],"wp:attachment":[{"href":"https:\/\/lhg-bw.de\/heidelberg\/index.php?rest_route=%2Fwp%2Fv2%2Fmedia&parent=1320"}],"curies":[{"name":"wp","href":"https:\/\/api.w.org\/{rel}","templated":true}]}}