{"id":2000,"date":"2015-10-17T13:17:36","date_gmt":"2015-10-17T11:17:36","guid":{"rendered":"http:\/\/lhg-bw.de\/heidelberg\/?page_id=2000"},"modified":"2022-02-01T23:29:12","modified_gmt":"2022-02-01T21:29:12","slug":"archiv","status":"publish","type":"page","link":"https:\/\/lhg-bw.de\/heidelberg\/?page_id=2000","title":{"rendered":"Archiv"},"content":{"rendered":"<div id=\"dslc-theme-content\"><div id=\"dslc-theme-content-inner\"><p>Wof\u00fcr hat die LHG in den vergangenen Jahren gek\u00e4mpft? Wer war ganz vorne mit dabei? Womit haben wir 2014 Werbung gemacht?<\/p>\n<p>Antworten auf diese Fragen und noch viel mehr findest du in unserem Archiv. Egal ob du etwas in Nostalgie schwelgen m\u00f6chtest oder dich f\u00fcr unsere Geschichte interessierst. Hier wirst du garantiert f\u00fcndig!<\/p>\n<p>&nbsp;<\/p>\n<blockquote class=\"wp-embedded-content\" data-secret=\"AHKcd3tmTQ\"><p><a href=\"https:\/\/lhg-bw.de\/heidelberg\/?p=2870\">Wahlprogramm der Liberalen Hochschulgruppe Heidelberg<\/a><\/p><\/blockquote>\n<p><iframe class=\"wp-embedded-content\" sandbox=\"allow-scripts\" security=\"restricted\" style=\"position: absolute; clip: rect(1px, 1px, 1px, 1px);\" title=\"&#8222;Wahlprogramm der Liberalen Hochschulgruppe Heidelberg&#8220; &#8212; LHG Heidelberg\" src=\"https:\/\/lhg-bw.de\/heidelberg\/?p=2870&#038;embed=true#?secret=5vpN47EgFn#?secret=AHKcd3tmTQ\" data-secret=\"AHKcd3tmTQ\" width=\"600\" height=\"338\" frameborder=\"0\" marginwidth=\"0\" marginheight=\"0\" scrolling=\"no\"><\/iframe><\/p>\n<blockquote class=\"wp-embedded-content\" data-secret=\"jW6w1cnLMZ\"><p><a href=\"https:\/\/lhg-bw.de\/heidelberg\/?page_id=2610\">Gremienwahlen 2018<\/a><\/p><\/blockquote>\n<p><iframe class=\"wp-embedded-content\" sandbox=\"allow-scripts\" security=\"restricted\" style=\"position: absolute; clip: rect(1px, 1px, 1px, 1px);\" title=\"&#8222;Gremienwahlen 2018&#8220; &#8212; LHG Heidelberg\" src=\"https:\/\/lhg-bw.de\/heidelberg\/?page_id=2610&#038;embed=true#?secret=1GnEtHR1Bn#?secret=jW6w1cnLMZ\" data-secret=\"jW6w1cnLMZ\" width=\"600\" height=\"338\" frameborder=\"0\" marginwidth=\"0\" marginheight=\"0\" scrolling=\"no\"><\/iframe><\/p>\n<blockquote class=\"wp-embedded-content\" data-secret=\"jj4b6XLAHG\"><p><a href=\"https:\/\/lhg-bw.de\/heidelberg\/?page_id=2198\">Gremienwahlen 2017<\/a><\/p><\/blockquote>\n<p><iframe class=\"wp-embedded-content\" sandbox=\"allow-scripts\" security=\"restricted\" style=\"position: absolute; clip: rect(1px, 1px, 1px, 1px);\" title=\"&#8222;Gremienwahlen 2017&#8220; &#8212; LHG Heidelberg\" src=\"https:\/\/lhg-bw.de\/heidelberg\/?page_id=2198&#038;embed=true#?secret=kPjS7C3MHI#?secret=jj4b6XLAHG\" data-secret=\"jj4b6XLAHG\" width=\"600\" height=\"338\" frameborder=\"0\" marginwidth=\"0\" marginheight=\"0\" scrolling=\"no\"><\/iframe><\/p>\n<blockquote class=\"wp-embedded-content\" data-secret=\"iUTKYZMrWP\"><p><a href=\"https:\/\/lhg-bw.de\/heidelberg\/?page_id=1752\">StuRa-Wahl<\/a><\/p><\/blockquote>\n<p><iframe class=\"wp-embedded-content\" sandbox=\"allow-scripts\" security=\"restricted\" style=\"position: absolute; clip: rect(1px, 1px, 1px, 1px);\" title=\"&#8222;StuRa-Wahl&#8220; &#8212; LHG Heidelberg\" src=\"https:\/\/lhg-bw.de\/heidelberg\/?page_id=1752&#038;embed=true#?secret=GMrpDe4CwM#?secret=iUTKYZMrWP\" data-secret=\"iUTKYZMrWP\" width=\"600\" height=\"338\" frameborder=\"0\" marginwidth=\"0\" marginheight=\"0\" scrolling=\"no\"><\/iframe><\/p>\n<p>&nbsp;<\/p>\n<blockquote class=\"wp-embedded-content\" data-secret=\"YY05mPewpv\"><p><a href=\"https:\/\/lhg-bw.de\/heidelberg\/?page_id=2752\">Gremienwahlen 2014<\/a><\/p><\/blockquote>\n<p><iframe class=\"wp-embedded-content\" sandbox=\"allow-scripts\" security=\"restricted\" style=\"position: absolute; clip: rect(1px, 1px, 1px, 1px);\" title=\"&#8222;Gremienwahlen 2014&#8220; &#8212; LHG Heidelberg\" src=\"https:\/\/lhg-bw.de\/heidelberg\/?page_id=2752&#038;embed=true#?secret=QcVmX22LLF#?secret=YY05mPewpv\" data-secret=\"YY05mPewpv\" width=\"600\" height=\"338\" frameborder=\"0\" marginwidth=\"0\" marginheight=\"0\" scrolling=\"no\"><\/iframe><\/p>\n<\/div><\/div>","protected":false},"excerpt":{"rendered":"<p>Wof\u00fcr hat die LHG in den vergangenen Jahren gek\u00e4mpft? Wer war ganz vorne mit dabei? Womit haben wir 2014 Werbung gemacht? Antworten auf diese Fragen und noch viel mehr findest du in unserem Archiv. Egal ob du etwas in Nostalgie schwelgen m\u00f6chtest oder dich f\u00fcr unsere Geschichte interessierst. Hier wirst du garantiert f\u00fcndig! &nbsp; Wahlprogramm [&hellip;]<\/p>\n","protected":false},"author":1031,"featured_media":0,"parent":0,"menu_order":0,"comment_status":"open","ping_status":"open","template":"","meta":{"footnotes":""},"class_list":["post-2000","page","type-page","status-publish","hentry"],"_links":{"self":[{"href":"https:\/\/lhg-bw.de\/heidelberg\/index.php?rest_route=\/wp\/v2\/pages\/2000","targetHints":{"allow":["GET"]}}],"collection":[{"href":"https:\/\/lhg-bw.de\/heidelberg\/index.php?rest_route=\/wp\/v2\/pages"}],"about":[{"href":"https:\/\/lhg-bw.de\/heidelberg\/index.php?rest_route=\/wp\/v2\/types\/page"}],"author":[{"embeddable":true,"href":"https:\/\/lhg-bw.de\/heidelberg\/index.php?rest_route=\/wp\/v2\/users\/1031"}],"replies":[{"embeddable":true,"href":"https:\/\/lhg-bw.de\/heidelberg\/index.php?rest_route=%2Fwp%2Fv2%2Fcomments&post=2000"}],"version-history":[{"count":12,"href":"https:\/\/lhg-bw.de\/heidelberg\/index.php?rest_route=\/wp\/v2\/pages\/2000\/revisions"}],"predecessor-version":[{"id":2926,"href":"https:\/\/lhg-bw.de\/heidelberg\/index.php?rest_route=\/wp\/v2\/pages\/2000\/revisions\/2926"}],"wp:attachment":[{"href":"https:\/\/lhg-bw.de\/heidelberg\/index.php?rest_route=%2Fwp%2Fv2%2Fmedia&parent=2000"}],"curies":[{"name":"wp","href":"https:\/\/api.w.org\/{rel}","templated":true}]}}