{"id":551,"date":"2011-06-24T15:29:13","date_gmt":"2011-06-24T13:29:13","guid":{"rendered":"http:\/\/lhg-bw.de\/heidelberg\/?page_id=551"},"modified":"2024-08-27T11:47:00","modified_gmt":"2024-08-27T09:47:00","slug":"impressum","status":"publish","type":"page","link":"https:\/\/lhg-bw.de\/heidelberg\/?page_id=551","title":{"rendered":"Impressum"},"content":{"rendered":"<div id=\"dslc-theme-content\"><div id=\"dslc-theme-content-inner\"><h2>Angaben gem\u00e4\u00df \u00a7 5 TMG:<\/h2>\n<p>Liberale Hochschulgruppe Heidelberg<\/p>\n<p>StuRa-B\u00fcro<br \/>\nLiberale Hochschulgruppe<br \/>\nAlbert-Ueberle-Stra\u00dfe 3-5<br \/>\n69120 Heidelberg<\/p>\n<p>info@lhg-heidelberg.de<\/p>\n<p>Internet:\u00a0https:\/\/lhg-bw.de\/heidelberg\/<\/p>\n<h2>Vertreten durch:<\/h2>\n<p>Vertretungsberechtigter Vorstand:<\/p>\n<p>Faisal Dieterich (Zentrales Fachschaftenb\u00fcro, Liberale Hochschulgruppe, Albert-Ueberle-Stra\u00dfe 3-5, 69120 Heidelberg)<\/p>\n<p>Die auf unseren Seiten zur Verf\u00fcgung gestellten Informationen dienen der politischen Willensbildung und der Unterrichtung der \u00d6ffentlichkeit. Sie geben die Meinung der Liberalen Hochschulgruppe Heidelberg bzw. der genannten Personen wieder.<\/p>\n<p>Hinweise auf fremde Seiten, zu denen wir lediglich den Zugang zur Nutzung im Sinne des Telemediengesetzes vermitteln, werden ausschlie\u00dflich zu Zwecken der politischen Bildung und politischen Information angegeben.<\/p>\n<h2>Kontakt:<\/h2>\n<p>E-Mail: info@lhg-heidelberg.de<\/p>\n<h2>Verantwortlich f\u00fcr den Inhalt nach \u00a7 55 Abs. 2 RStV:<\/h2>\n<p>Faisal Dieterich (Adresse wie oben)<\/p>\n<h2>Streitschlichtung<\/h2>\n<p>Wir sind nicht bereit oder verpflichtet, an Streitbeilegungsverfahren vor einer<br \/>\nVerbraucherschlichtungsstelle teilzunehmen.<\/p>\n<h3>HAFTUNG F\u00dcR INHALTE<\/h3>\n<p>Als Diensteanbieter sind wir gem\u00e4\u00df \u00a7 7 Abs.1 TMG f\u00fcr eigene Inhalte auf diesen Seiten\u00a0nach den allgemeinen Gesetzen verantwortlich. Nach \u00a7\u00a7 8 bis 10 TMG sind wir als\u00a0Diensteanbieter jedoch nicht verpflichtet, \u00fcbermittelte oder gespeicherte fremde Informationen zu \u00fcberwachen oder nach Umst\u00e4nden zu forschen, die auf eine rechtswidrige T\u00e4tigkeit hinweisen.<\/p>\n<p>Verpflichtungen zur Entfernung oder Sperrung der Nutzung von Informationen nach<br \/>\nden allgemeinen Gesetzen bleiben hiervon unber\u00fchrt. Eine diesbez\u00fcgliche Haftung ist jedoch erst ab dem Zeitpunkt der Kenntnis einer konkreten Rechtsverletzung m\u00f6glich. Bei Bekanntwerden von entsprechenden Rechtsverletzungen werden wir diese Inhalte umgehend entfernen.<\/p>\n<h3>HAFTUNG F\u00dcR LINKS<\/h3>\n<p>Unser Angebot enth\u00e4lt Links zu externen Websites Dritter, auf<br \/>\nderen Inhalte wir keinen Einfluss haben. Deshalb k\u00f6nnen wir f\u00fcr diese fremden Inhalte auch keine Gew\u00e4hr \u00fcbernehmen. F\u00fcr die Inhalte der verlinkten Seiten ist stets der jeweilige Anbieter oder Betreiber der Seiten verantwortlich. Die verlinkten Seiten wurden zum Zeitpunkt der Verlinkung auf m\u00f6gliche Rechtsverst\u00f6\u00dfe \u00fcberpr\u00fcft. Rechtswidrige Inhalte waren zum Zeitpunkt der Verlinkung nicht erkennbar.<\/p>\n<p>Eine permanente inhaltliche Kontrolle der verlinkten Seiten ist jedoch ohne konkrete Anhaltspunkte einer Rechtsverletzung nicht zumutbar. Bei Bekanntwerden von Rechtsverletzungen werden wir derartige Links umgehend entfernen.<\/p>\n<h3>URHEBERRECHT<\/h3>\n<p>Die durch die Seitenbetreiber erstellten Inhalte und Werke auf diesen Seiten<br \/>\nunterliegen dem deutschen Urheberrecht. Die Vervielf\u00e4ltigung, Bearbeitung, Verbreitung und jede\u00a0Art der Verwertung au\u00dferhalb der Grenzen des Urheberrechtes bed\u00fcrfen der schriftlichen\u00a0Zustimmung des jeweiligen Autors bzw. Erstellers. Downloads und Kopien dieser Seite sind nur f\u00fcr\u00a0den privaten, nicht kommerziellen Gebrauch gestattet.<\/p>\n<p>Soweit die Inhalte auf dieser Seite nicht\u00a0vom Betreiber erstellt wurden, werden die Urheberrechte Dritter beachtet. Insbesondere werden Inhalte\u00a0Dritter als solche gekennzeichnet. Sollten Sie trotzdem auf eine Urheberrechtsverletzung aufmerksam\u00a0werden, bitten wir um einen entsprechenden Hinweis. Bei Bekanntwerden von Rechtsverletzungen\u00a0werden wir derartige Inhalte umgehend entfernen.<\/p>\n<p><strong>Haftungshinweis<\/strong><\/p>\n<p>Trotz sorgf\u00e4ltiger inhaltlicher Kontrolle \u00fcbernehmen wir keine Haftung f\u00fcr die Inhalte externer Links. F\u00fcr den Inhalt der verlinkten Seiten sind ausschlie\u00dflich deren Betreiber verantwortlich.<\/p>\n<p>Die von uns durchgef\u00fchrten Meinungsumfragen sind nicht repr\u00e4sentativ.<\/p>\n<p>Bitte beachten Sie, dass \u00dcbermittlungen per E-Mail nicht gegen die Kenntnisnahme durch Dritte gesch\u00fctzt sind.<\/p>\n<p>Verwendung von Facebook-Plugins<\/p>\n<p>Auf diesen Internetseiten werden Plugins des sozialen Netzwerkes facebook.com verwendet, das von der Facebook Inc., 1601 S. California Ave, Palo Alto, CA 94304, USA betrieben wird (\u201cFacebook\u201d).<br \/>\nWenn Sie mit einen solchen Plugin versehene Internetseiten unserer Internetpr\u00e4senz aufrufen, wird eine Verbindung zu den Facebook-Servern hergestellt und dabei das Plugin durch Mitteilung an Ihren Browser auf der Internetseite dargestellt. Hierdurch wird an den Facebook-Server \u00fcbermittelt, welche unserer Internetseiten Sie besucht haben. Sind Sie dabei als Mitglied bei Facebook eingeloggt, ordnet Facebook diese Information Ihrem pers\u00f6nlichen Facebook-Benutzerkonto zu. Bei der Nutzung der Plugin-Funktionen (z.B. Anklicken des \u201eGef\u00e4llt mir\u201c-Buttons, Abgabe eines Kommentars) werden auch diese Informationen Ihrem Facebook-Konto zugeordnet, was Sie nur durch Ausloggen vor Nutzung des Plugins verhindern k\u00f6nnen.\u00a0N\u00e4here Informationen zur Erhebung und Nutzung der Daten durch Facebook, \u00fcber Ihre diesbez\u00fcglichen Rechte M\u00f6glichkeiten zum Schutz Ihrer Privatsph\u00e4re finden Sie in den Datenschutzhinweisen von Facebook.<\/p>\n<p><strong>Design und Content Management<\/strong><\/p>\n<p>Diese Seiten basieren auf dem Content Management System <a href=\"http:\/\/wpde.org\/\">WordPress<\/a>. Bei Fehlern oder \u00c4nderungsw\u00fcnschen bitte E-Mail an: admin(\u00e4t)lhg-bw.de.<\/p>\n<p>________________________________________________________________________<\/p>\n<\/div><\/div>","protected":false},"excerpt":{"rendered":"<p>Angaben gem\u00e4\u00df \u00a7 5 TMG: Liberale Hochschulgruppe Heidelberg StuRa-B\u00fcro Liberale Hochschulgruppe Albert-Ueberle-Stra\u00dfe 3-5 69120 Heidelberg info@lhg-heidelberg.de Internet:\u00a0https:\/\/lhg-bw.de\/heidelberg\/ Vertreten durch: Vertretungsberechtigter Vorstand: Faisal Dieterich (Zentrales Fachschaftenb\u00fcro, Liberale Hochschulgruppe, Albert-Ueberle-Stra\u00dfe 3-5, 69120 Heidelberg) Die auf unseren Seiten zur Verf\u00fcgung gestellten Informationen dienen der politischen Willensbildung und der Unterrichtung der \u00d6ffentlichkeit. Sie geben die Meinung der Liberalen Hochschulgruppe [&hellip;]<\/p>\n","protected":false},"author":258,"featured_media":0,"parent":0,"menu_order":11,"comment_status":"closed","ping_status":"open","template":"","meta":{"footnotes":""},"class_list":["post-551","page","type-page","status-publish","hentry"],"_links":{"self":[{"href":"https:\/\/lhg-bw.de\/heidelberg\/index.php?rest_route=\/wp\/v2\/pages\/551","targetHints":{"allow":["GET"]}}],"collection":[{"href":"https:\/\/lhg-bw.de\/heidelberg\/index.php?rest_route=\/wp\/v2\/pages"}],"about":[{"href":"https:\/\/lhg-bw.de\/heidelberg\/index.php?rest_route=\/wp\/v2\/types\/page"}],"author":[{"embeddable":true,"href":"https:\/\/lhg-bw.de\/heidelberg\/index.php?rest_route=\/wp\/v2\/users\/258"}],"replies":[{"embeddable":true,"href":"https:\/\/lhg-bw.de\/heidelberg\/index.php?rest_route=%2Fwp%2Fv2%2Fcomments&post=551"}],"version-history":[{"count":31,"href":"https:\/\/lhg-bw.de\/heidelberg\/index.php?rest_route=\/wp\/v2\/pages\/551\/revisions"}],"predecessor-version":[{"id":3137,"href":"https:\/\/lhg-bw.de\/heidelberg\/index.php?rest_route=\/wp\/v2\/pages\/551\/revisions\/3137"}],"wp:attachment":[{"href":"https:\/\/lhg-bw.de\/heidelberg\/index.php?rest_route=%2Fwp%2Fv2%2Fmedia&parent=551"}],"curies":[{"name":"wp","href":"https:\/\/api.w.org\/{rel}","templated":true}]}}