{"id":802,"date":"2013-07-10T13:08:59","date_gmt":"2013-07-10T11:08:59","guid":{"rendered":"http:\/\/lhg-bw.de\/heidelberg\/?page_id=802"},"modified":"2014-08-02T00:48:52","modified_gmt":"2014-08-01T22:48:52","slug":"spenden-2","status":"publish","type":"page","link":"https:\/\/lhg-bw.de\/heidelberg\/?page_id=802","title":{"rendered":"Spenden"},"content":{"rendered":"<div id=\"dslc-theme-content\"><div id=\"dslc-theme-content-inner\"><p align=\"center\"><strong>Sie halten Freiheit und Verantwortung f\u00fcr wichtige Werte?<\/strong><\/p>\n<p align=\"center\"><strong>Ein gr\u00f6\u00dferer Einfluss des Liberalismus in der deutschen Hochschullandschaft liegt Ihnen am Herzen?<\/strong><\/p>\n<p align=\"center\"><strong>Sie wollen die Arbeit der LHG Heidelberg bei der Durchf\u00fchrung ihrer Projekte unterst\u00fctzen?<\/strong><\/p>\n<p align=\"center\"><strong><strong>Dann freuen wir uns auf Ihre Spende.<\/strong><\/strong><\/p>\n<p><em><strong>Spendenkonto:<\/strong><\/em><br \/>\nKontoinhaber: F\u00f6rderverein der LHG-BW e.V.<br \/>\nKontonummer: 10040507<br \/>\nBankleitzahl: 66190000<br \/>\nBankhaus: Volksbank Karlsruhe<\/p>\n<p><em><strong>Kontoangaben nach neuem S\u20acPA-Standard:<\/strong><\/em><br \/>\nIBAN: DE74 6619 0000 0010 0405 07<br \/>\nBIC: GENODE61KA1<\/p>\n<p><em><strong>Verwendungszweck:<\/strong><\/em><br \/>\nLHG Heidelberg<\/p>\n<p>Die Servicearbeit des Landesverbands Liberaler Hochschulgruppen Baden-W\u00fcrttemberg (LHG-BW) wird gr\u00f6\u00dftenteils vom <strong>F\u00f6rderverein der LHG-BW e.V.<\/strong> geleistet. Der F\u00f6rderverein ist ein gemeinn\u00fctziger Verein im Sinne der \u00a7\u00a7 51 ff. AO und finanziert sich vorwiegend aus Spenden.<\/p>\n<p>Der <strong>F\u00f6rderverein der LHG-BW e.V.<\/strong> unterst\u00fctzt die Arbeit des LHG-Landesverbands und der Hochschulgruppen vor Ort in Baden-W\u00fcrttemberg. Er ist eingetragen im Vereinsregister des Amtsgerichts Mannheim unter Nr. VR 103052.<\/p>\n<p>Wir sind wegen F\u00f6rderung der Studentenhilfe von der K\u00f6rperschaftssteuer befreit (als ausschlie\u00dflich und unmittelbar <strong>gemeinn\u00fctzigen Zwecken<\/strong> dienend anerkannt). Spenden an unseren Verein k\u00f6nnen daher im Sinne des \u00a710b des Einkommensteuergesetzes <strong>von der Steuer abgesetzt<\/strong> werden. Bitte unter Verwendungszweck &#8220;<strong>LHG Heidelberg<\/strong>&#8221; angeben.<\/p>\n<p>Bitte vergessen Sie nicht, uns die Adresse f\u00fcr die Zusendung der Spendenbescheinigung mitzuteilen. Dies geht beispielsweise per E-Mail an schatzmeister(\u00e4t)lhg-bw.de oder im Verwendungszweck Ihrer \u00dcberweisung (beim Online-Banking k\u00f6nnen Sie bei vielen Banken zus\u00e4tzliche Zeilen hinzuf\u00fcgen, wenn der Platz nicht reicht).<\/p>\n<\/div><\/div>","protected":false},"excerpt":{"rendered":"<p>Sie halten Freiheit und Verantwortung f\u00fcr wichtige Werte? Ein gr\u00f6\u00dferer Einfluss des Liberalismus in der deutschen Hochschullandschaft liegt Ihnen am Herzen? Sie wollen die Arbeit der LHG Heidelberg bei der Durchf\u00fchrung ihrer Projekte unterst\u00fctzen? Dann freuen wir uns auf Ihre Spende. Spendenkonto: Kontoinhaber: F\u00f6rderverein der LHG-BW e.V. Kontonummer: 10040507 Bankleitzahl: 66190000 Bankhaus: Volksbank Karlsruhe Kontoangaben [&hellip;]<\/p>\n","protected":false},"author":266,"featured_media":0,"parent":0,"menu_order":9,"comment_status":"open","ping_status":"open","template":"","meta":{"footnotes":""},"class_list":["post-802","page","type-page","status-publish","hentry"],"_links":{"self":[{"href":"https:\/\/lhg-bw.de\/heidelberg\/index.php?rest_route=\/wp\/v2\/pages\/802","targetHints":{"allow":["GET"]}}],"collection":[{"href":"https:\/\/lhg-bw.de\/heidelberg\/index.php?rest_route=\/wp\/v2\/pages"}],"about":[{"href":"https:\/\/lhg-bw.de\/heidelberg\/index.php?rest_route=\/wp\/v2\/types\/page"}],"author":[{"embeddable":true,"href":"https:\/\/lhg-bw.de\/heidelberg\/index.php?rest_route=\/wp\/v2\/users\/266"}],"replies":[{"embeddable":true,"href":"https:\/\/lhg-bw.de\/heidelberg\/index.php?rest_route=%2Fwp%2Fv2%2Fcomments&post=802"}],"version-history":[{"count":5,"href":"https:\/\/lhg-bw.de\/heidelberg\/index.php?rest_route=\/wp\/v2\/pages\/802\/revisions"}],"predecessor-version":[{"id":1427,"href":"https:\/\/lhg-bw.de\/heidelberg\/index.php?rest_route=\/wp\/v2\/pages\/802\/revisions\/1427"}],"wp:attachment":[{"href":"https:\/\/lhg-bw.de\/heidelberg\/index.php?rest_route=%2Fwp%2Fv2%2Fmedia&parent=802"}],"curies":[{"name":"wp","href":"https:\/\/api.w.org\/{rel}","templated":true}]}}