{"id":2,"date":"2006-12-27T22:59:15","date_gmt":"2006-12-27T22:59:15","guid":{"rendered":""},"modified":"2019-09-27T17:08:06","modified_gmt":"2019-09-27T15:08:06","slug":"uber","status":"publish","type":"page","link":"https:\/\/lhg-bw.de\/hohenheim\/uber\/","title":{"rendered":"Wir \u00fcber uns"},"content":{"rendered":"<div id=\"dslc-theme-content\"><div id=\"dslc-theme-content-inner\"><p dir=\"ltr\">Ein selbstbestimmtes und flexibles Studium f\u00fcr jeden &#8211; das ist unser Ziel.<br \/>\nBereits seit zwei Jahrzehnten sind wir die Stimme f\u00fcr liberal gesinnte Studenten in Hohenheim.<br \/>\nIn dieser Zeit haben wir einiges erreicht und haben f\u00fcr die Zukunft noch viel vor.<\/p>\n<h2>Daf\u00fcr stehen wir<\/h2>\n<p dir=\"ltr\">Wir m\u00f6chten online und offline noch besser verkn\u00fcpfen. Konkret sollen die M\u00f6glichkeiten f\u00fcr eLearning weiter ausgebaut und noch mehr Vorlesungen aufgezeichnet werden. Zus\u00e4tzlich w\u00fcnschen wir uns eine 24\/7 Bib und dauerhaft ge\u00f6ffnete Lernr\u00e4ume, damit jeder zu seiner Zeit lernen kann, egal ob Fr\u00fchaufsteher oder Nachtschw\u00e4rmer.<br \/>\nEine effiziente und sinnvolle Verwendung unserer Semesterbeitr\u00e4ge ist uns auch sehr wichtig &#8211; Stichwort landesweites Semesterticket.<br \/>\nAllgemein m\u00f6chten wir in Hohenheim eine freie Bildungslandschaft schaffen, in der sich Leistung lohnt und die individuellen Begabungen jedes Einzelnen gef\u00f6rdert werden.<\/p>\n<h2>Das bekommst du bei uns geboten<\/h2>\n<p>Bei uns geht es ganz locker zu, liberal eben. Es gibt weder eine verbindliche Anmeldung noch einen Mitgliedsbeitrag.<br \/>\nMit uns kannst du an der Hochschulpolitik der Uni Hohenheim mitwirken, Antr\u00e4ge in die Politik einbringen oder von unserem liberalen Netzwerk profitieren, um nur einige Beispiele zu nennen.<br \/>\nEgal ob du dich aktiv an der Hochschulpolitik beteiligen m\u00f6chtest oder nur Interesse am freien Gedankenaustausch hast, bei uns ist jeder willkommen!<\/p>\n<h2>Die Liberalen Hochschulgruppen Baden-W\u00fcrttemberg<\/h2>\n<p dir=\"ltr\">Auch wenn wir weitestgehend eigenst\u00e4ndig sind, sind wir nat\u00fcrlich landesweit in Form der <strong><a href=\"http:\/\/www.lhg-bw.de\">Liberalen Hochschulgruppen Baden-W\u00fcrttemberg (LHG-BW)<\/a><\/strong>\u00a0vernetzt. Wir alle zusammen verstehen uns als<strong> Interessenvertretung der Studenten an den Hochschulen und in der Gesellschaft.<\/strong> Basis der Arbeit der Liberalen Hochschulgruppen ist die <em>Autonomie der Mitgliedsgruppen an den Hochschulen<\/em>. Zur Durchf\u00fchrung ihrer Aufgaben sieht die LHG die <em>Mitarbeit in den Gremien der akademischen und studentischen Selbstverwaltung<\/em> als unverzichtbar an. Zur Erf\u00fcllung ihrer Aufgaben arbeitet die LHG mit anderen Gruppen, Verb\u00e4nden und Institutionen zusammen.<\/p>\n<p><strong>Der <a href=\"http:\/\/www.lhg-bw.de\">Landesverband Liberaler Hochschulgruppen<\/a> hat es sich zum Ziel gesetzt, die Arbeit der einzelnen LHGs vor Ort optimal zu unterst\u00fctzen.<\/strong> Zweck des Landesverbands ist die <em>F\u00f6rderung der Studentenhilfe<\/em>. Dazu geh\u00f6rt die Bereitstellung von <em>Informations- und Werbematerial<\/em> sowie die <em>Durchf\u00fchrung von mehrt\u00e4gigen Seminaren<\/em> zu hochschulbezogenen Themenstellungen. Au\u00dferdem ist die <a href=\"http:\/\/www.lhg-bw.de\">Internetseite des Landesverbands<\/a> erste Anlaufstelle f\u00fcr interessierte Studenten, um den Kontakt zu ihrer lokalen LHG zu erleichtern. Durch die Vernetzung der einzelnen Gruppen entsteht ein <em>Forum zum Kennenlernen<\/em>, <em>Spa\u00df haben<\/em>, zum <em>Erfahrungsaustausch<\/em> und nat\u00fcrlich zur <em>Diskussion \u00fcber liberale Hochschulpolitik<\/em>, zur <em>gemeinsamen programmatischen Arbeit zur Erarbeitung von hochschulpolitischen Reformvorschl\u00e4gen<\/em>, die der \u00f6ffentlichen Diskussion zugef\u00fchrt werden und diese bereichern sollen und zur <em>F\u00f6rderung der aktiven Beteiligung der Studierenden an der Hochschulpolitik<\/em>.<\/p>\n<h2>Warum Liberalismus an der Hochschule?<\/h2>\n<p><strong>Die Grundlagen liberaler Politik stellen das Individuum in den Mittelpunkt.<\/strong> Der Staat sollte so wenig wie m\u00f6glich durch Reglementierungen in das Leben jedes Einzelnen eingreifen. Seine Aufgabe ist es stattdessen, die B\u00fcrger- und Freiheitsrechte zu sichern. Damit die B\u00fcrgerrechte nicht nur auf dem Papier existieren, hat der Staat zudem die Aufgabe, daf\u00fcr zu sorgen, dass der B\u00fcrger seine potentiellen M\u00f6glichkeiten auch wahrnehmen kann. Dazu geh\u00f6rt sowohl eine Angleichung der Startchancen als auch soziale Verantwortung. Liberale Politik ist traditionell aufs Engste mit Bildungspolitik verkn\u00fcpft.<\/p>\n<p><strong>Das Ziel der Bildung f\u00fcr alle und Humboldts Ideal von freier Forschung und Lehre reichen bis in die heutige Zeit und haben die deutsche Hochschullandschaft entscheidend gepr\u00e4gt.<\/strong> Auf der anderen Seite stellt gerade Bildung eine Vorraussetzung f\u00fcr liberale Politik dar. Diese versetzt den Menschen in die Lage, sein Tun, seine Herkunft und seine Umwelt kritisch zu reflektieren und seine Verantwortung zu erkennen. Erst auf diese Weise entsteht eine pluralistische Gesellschaft voller Meinungsvielfalt, die f\u00fcr die Erhaltung unserer Demokratie so wichtig ist. Im Sinne einer solcherma\u00dfen verstandenen liberalen Politik haben sich in der LHG Studierende zusammengeschlossen, die sich den unterschiedlichsten politischen Parteien zuordnen. <strong>Gemeinsam ist uns allen das Interesse an der Bewahrung und dem Ausbau der einzigartigen Freiheit an den deutschen Hochschulen.<\/strong><\/p>\n<\/div><\/div>","protected":false},"excerpt":{"rendered":"<p>Ein selbstbestimmtes und flexibles Studium f\u00fcr jeden &#8211; das ist unser Ziel. Bereits seit zwei Jahrzehnten sind wir die Stimme f\u00fcr liberal gesinnte Studenten in Hohenheim. In dieser Zeit haben wir einiges erreicht und haben f\u00fcr die Zukunft noch viel vor. Daf\u00fcr stehen wir Wir m\u00f6chten online und offline noch besser verkn\u00fcpfen. Konkret sollen die [&hellip;]<\/p>\n","protected":false},"author":2,"featured_media":0,"parent":0,"menu_order":4,"comment_status":"closed","ping_status":"open","template":"","meta":{"footnotes":""},"class_list":["post-2","page","type-page","status-publish","hentry"],"_links":{"self":[{"href":"https:\/\/lhg-bw.de\/hohenheim\/wp-json\/wp\/v2\/pages\/2","targetHints":{"allow":["GET"]}}],"collection":[{"href":"https:\/\/lhg-bw.de\/hohenheim\/wp-json\/wp\/v2\/pages"}],"about":[{"href":"https:\/\/lhg-bw.de\/hohenheim\/wp-json\/wp\/v2\/types\/page"}],"author":[{"embeddable":true,"href":"https:\/\/lhg-bw.de\/hohenheim\/wp-json\/wp\/v2\/users\/2"}],"replies":[{"embeddable":true,"href":"https:\/\/lhg-bw.de\/hohenheim\/wp-json\/wp\/v2\/comments?post=2"}],"version-history":[{"count":4,"href":"https:\/\/lhg-bw.de\/hohenheim\/wp-json\/wp\/v2\/pages\/2\/revisions"}],"predecessor-version":[{"id":738,"href":"https:\/\/lhg-bw.de\/hohenheim\/wp-json\/wp\/v2\/pages\/2\/revisions\/738"}],"wp:attachment":[{"href":"https:\/\/lhg-bw.de\/hohenheim\/wp-json\/wp\/v2\/media?parent=2"}],"curies":[{"name":"wp","href":"https:\/\/api.w.org\/{rel}","templated":true}]}}