{"id":4,"date":"2007-01-06T18:06:44","date_gmt":"2007-01-06T17:06:44","guid":{"rendered":"http:\/\/lhg-bw.de\/hohenheim\/spenden\/"},"modified":"2019-09-20T15:06:01","modified_gmt":"2019-09-20T13:06:01","slug":"spenden","status":"publish","type":"page","link":"https:\/\/lhg-bw.de\/hohenheim\/spenden\/","title":{"rendered":"Spenden"},"content":{"rendered":"<div id=\"dslc-theme-content\"><div id=\"dslc-theme-content-inner\"><p style=\"text-align: left\" align=\"center\"><span style=\"font-weight: 300\">Mit Ihrer Spende unterst\u00fctzen Sie den Einsatz der Liberalen Hochschulgruppe an der Universit\u00e4t Hohenheim und unsere soziale Serviceleistung f\u00fcr unsere Kommilitonen. Ihre Unterst\u00fctzung zeigt uns auch, dass sich dieser Einsatz lohnt und auch au\u00dferhalb der Hochschulen wahrgenommen und honoriert wird. Daf\u00fcr danken wir Ihnen sehr herzlich.<\/span><\/p>\n<p style=\"text-align: left\" align=\"center\"><strong>Direktspende an die LHG Hohenheim<\/strong><br \/>\nKontoinhaber: Liberale Hochschulgruppe Hohenheim<br \/>\nBankhaus: Kreissparkasse B\u00f6blingen<br \/>\nIBAN: DE76 6035 0130 0001 0845 99<br \/>\nVerwendungszweck: Spende &amp; Name<\/p>\n<p><em><strong>Offizielles Spendenkonto der LHG BW<\/strong><\/em><br \/>\nKontoinhaber: F\u00f6rderverein der LHG-BW e.V.<br \/>\nBankhaus: Volksbank Karlsruhe<br \/>\nIBAN: DE74 6619 0000 0010 0405 07<br \/>\nBIC: GENODE61KA1<br \/>\nKontonummer: 10040507<br \/>\nBankleitzahl: 66190000<br \/>\nVerwendungszweck: LHG Hohenheim<\/p>\n<p>Die Servicearbeit des Landesverbands Liberaler Hochschulgruppen Baden-W\u00fcrttemberg (LHG-BW) wird gr\u00f6\u00dftenteils vom <strong>F\u00f6rderverein der LHG-BW e.V.<\/strong> geleistet. Der F\u00f6rderverein ist ein gemeinn\u00fctziger Verein im Sinne der <a href=\"http:\/\/www.bundesrecht.juris.de\/ao_1977\/__51.html\" target=\"_blank\" rel=\"noopener noreferrer\">\u00a7\u00a7 51 ff. AO<\/a> und finanziert sich vorwiegend aus Spenden.<\/p>\n<p>Der <strong>F\u00f6rderverein der LHG-BW e.V.<\/strong> unterst\u00fctzt die Arbeit des LHG-Landesverbands und der Hochschulgruppen vor Ort in Baden-W\u00fcrttemberg. Er ist eingetragen im Vereinsregister des Amtsgerichts Mannheim unter Nr. VR 103052.<\/p>\n<p>Wir sind wegen F\u00f6rderung der Studentenhilfe von der K\u00f6rperschaftssteuer befreit (als ausschlie\u00dflich und unmittelbar <strong>gemeinn\u00fctzigen Zwecken<\/strong> dienend anerkannt). Spenden an unseren Verein k\u00f6nnen daher im Sinne des <a href=\"http:\/\/www.gesetze-im-internet.de\/estg\/__10b.html\" target=\"_blank\" rel=\"noopener noreferrer\">\u00a710b des Einkommensteuergesetzes<\/a> <strong>von der Steuer abgesetzt<\/strong> werden.<\/p>\n<p>Bitte denken Sie daran, uns Ihre Adresse f\u00fcr die Zusendung der Spendenbescheinigung mitzuteilen. Dies geht beispielsweise per E-Mail an schatzmeister(\u00e4t)lhg-bw.de oder im Verwendungszweck Ihrer \u00dcberweisung (beim Online-Banking k\u00f6nnen Sie bei vielen Banken zus\u00e4tzliche Zeilen hinzuf\u00fcgen, wenn der Platz nicht reicht).<\/p>\n<\/div><\/div>","protected":false},"excerpt":{"rendered":"<p>Mit Ihrer Spende unterst\u00fctzen Sie den Einsatz der Liberalen Hochschulgruppe an der Universit\u00e4t Hohenheim und unsere soziale Serviceleistung f\u00fcr unsere Kommilitonen. Ihre Unterst\u00fctzung zeigt uns auch, dass sich dieser Einsatz lohnt und auch au\u00dferhalb der Hochschulen wahrgenommen und honoriert wird. Daf\u00fcr danken wir Ihnen sehr herzlich. Direktspende an die LHG Hohenheim Kontoinhaber: Liberale Hochschulgruppe Hohenheim [&hellip;]<\/p>\n","protected":false},"author":2,"featured_media":0,"parent":0,"menu_order":5,"comment_status":"closed","ping_status":"open","template":"","meta":{"footnotes":""},"class_list":["post-4","page","type-page","status-publish","hentry"],"_links":{"self":[{"href":"https:\/\/lhg-bw.de\/hohenheim\/wp-json\/wp\/v2\/pages\/4","targetHints":{"allow":["GET"]}}],"collection":[{"href":"https:\/\/lhg-bw.de\/hohenheim\/wp-json\/wp\/v2\/pages"}],"about":[{"href":"https:\/\/lhg-bw.de\/hohenheim\/wp-json\/wp\/v2\/types\/page"}],"author":[{"embeddable":true,"href":"https:\/\/lhg-bw.de\/hohenheim\/wp-json\/wp\/v2\/users\/2"}],"replies":[{"embeddable":true,"href":"https:\/\/lhg-bw.de\/hohenheim\/wp-json\/wp\/v2\/comments?post=4"}],"version-history":[{"count":7,"href":"https:\/\/lhg-bw.de\/hohenheim\/wp-json\/wp\/v2\/pages\/4\/revisions"}],"predecessor-version":[{"id":713,"href":"https:\/\/lhg-bw.de\/hohenheim\/wp-json\/wp\/v2\/pages\/4\/revisions\/713"}],"wp:attachment":[{"href":"https:\/\/lhg-bw.de\/hohenheim\/wp-json\/wp\/v2\/media?parent=4"}],"curies":[{"name":"wp","href":"https:\/\/api.w.org\/{rel}","templated":true}]}}