{"id":89,"date":"2008-04-05T10:48:45","date_gmt":"2008-04-05T09:48:45","guid":{"rendered":"http:\/\/lhg-bw.de\/karlsruhe\/spenden-2\/"},"modified":"2024-01-02T17:09:44","modified_gmt":"2024-01-02T16:09:44","slug":"spenden-2","status":"publish","type":"page","link":"https:\/\/lhg-bw.de\/karlsruhe\/spenden-2\/","title":{"rendered":"Spenden"},"content":{"rendered":"<div id=\"dslc-theme-content\"><div id=\"dslc-theme-content-inner\"><p><img decoding=\"async\" class=\"alignleft\" style=\"text-align: -webkit-center;\" src=\"http:\/\/lhg-bw.de\/files\/2008\/06\/marx.jpg\" alt=\"Marx\" width=\"180\" align=\"left\" \/><\/p>\n<p align=\"center\"><strong>Sie wollen, dass nicht nur<\/strong><strong> <span style=\"color: #ff0000; font-family: 'Comic Sans MS';\">ROTE<\/span> und <span style=\"color: #00ff00; font-family: 'Comic Sans MS';\">GR\u00dcNE<\/span> Akademiker die Hochschulen unseres Landes verlassen?<\/strong><\/p>\n<p align=\"center\"><strong>Sie wollen liberale Hochschulpolitik?<\/strong><\/p>\n<p align=\"center\"><strong>Sie wollen die Arbeit der LHG Karlsruhe bei der Durchf\u00fchrung ihrer Projekte unterst\u00fctzen?<\/strong><\/p>\n<p align=\"center\"><strong>Dann spenden Sie.<br \/>\n<\/strong><\/p>\n<p>Mit Ihrer Spende unterst\u00fctzen Sie den Einsatz der LHG an der Uni Karlsruhe und unsere soziale Serviceleistung f\u00fcr unsere Kommilitonen. Ihre Unterst\u00fctzung zeigt uns auch, dass sich dieser Einsatz lohnt und auch au\u00dferhalb der Hochschulen wahrgenommen und honoriert wird. Daf\u00fcr danken wir Ihnen sehr herzlich.<\/p>\n<p><em><strong>Spendenkonto:<\/strong><\/em><br \/>\nKontoinhaber: F\u00f6rderverein der LHG-BW e.V.<br \/>\nKontonummer: 10040507<br \/>\nBankleitzahl: 66190000<br \/>\nBankhaus: Volksbank Karlsruhe<\/p>\n<p><em><strong>Kontoangaben nach neuem S\u20acPA-Standard:<\/strong><\/em><br \/>\nIBAN: DE74 6619 0000 0010 0405 07<br \/>\nBIC: GENODE61KA1<\/p>\n<p><em><strong>Verwendungszweck:<\/strong><\/em><br \/>\nLHG Karlsruhe<\/p>\n<p>Die Servicearbeit des Landesverbands Liberaler Hochschulgruppen Baden-W\u00fcrttemberg (LHG-BW) wird gr\u00f6\u00dftenteils vom <strong>F\u00f6rderverein der LHG-BW e.V.<\/strong> geleistet. Der F\u00f6rderverein ist ein gemeinn\u00fctziger Verein im Sinne der <a href=\"http:\/\/www.bundesrecht.juris.de\/ao_1977\/__51.html\" target=\"_blank\" rel=\"noopener\">\u00a7\u00a7 51 ff. AO<\/a> und finanziert sich vorwiegend aus Spenden.<\/p>\n<p>Der <strong>F\u00f6rderverein der LHG-BW e.V.<\/strong> unterst\u00fctzt die Arbeit des LHG-Landesverbands und der Hochschulgruppen vor Ort in Baden-W\u00fcrttemberg. Er ist eingetragen im Vereinsregister des Amtsgerichts Mannheim unter Nr. VR 103052.<\/p>\n<p>Wir sind wegen F\u00f6rderung der Studentenhilfe von der K\u00f6rperschaftssteuer befreit (als ausschlie\u00dflich und unmittelbar <strong>gemeinn\u00fctzigen Zwecken<\/strong> dienend anerkannt). Spenden an unseren Verein k\u00f6nnen daher im Sinne des <a href=\"http:\/\/www.gesetze-im-internet.de\/estg\/__10b.html\" target=\"_blank\" rel=\"noopener\">\u00a710b des Einkommensteuergesetzes<\/a> <strong>von der Steuer abgesetzt<\/strong> werden.<\/p>\n<p>Bitte denken Sie daran, uns Ihre Adresse f\u00fcr die Zusendung der Spendenbescheinigung mitzuteilen. Dies geht beispielsweise per E-Mail an schatzmeister(\u00e4t)lhg-bw.de oder im Verwendungszweck Ihrer \u00dcberweisung (beim Online-Banking k\u00f6nnen Sie bei vielen Banken zus\u00e4tzliche Zeilen hinzuf\u00fcgen, wenn der Platz nicht reicht).<\/p>\n<\/div><\/div>","protected":false},"excerpt":{"rendered":"<p>Sie wollen, dass nicht nur ROTE und GR\u00dcNE Akademiker die Hochschulen unseres Landes verlassen? Sie wollen liberale Hochschulpolitik? Sie wollen die Arbeit der LHG Karlsruhe bei der Durchf\u00fchrung ihrer Projekte unterst\u00fctzen? Dann spenden Sie. Mit Ihrer Spende unterst\u00fctzen Sie den Einsatz der LHG an der Uni Karlsruhe und unsere soziale Serviceleistung f\u00fcr unsere Kommilitonen. Ihre [&hellip;]<\/p>\n","protected":false},"author":10,"featured_media":0,"parent":0,"menu_order":4,"comment_status":"open","ping_status":"open","template":"","meta":{"footnotes":""},"class_list":["post-89","page","type-page","status-publish","hentry"],"yoast_head":"<!-- This site is optimized with the Yoast SEO plugin v22.3 - https:\/\/yoast.com\/wordpress\/plugins\/seo\/ -->\n<title>Spenden - LHG Karlsruhe<\/title>\n<meta name=\"robots\" content=\"index, follow, max-snippet:-1, max-image-preview:large, max-video-preview:-1\" \/>\n<link rel=\"canonical\" href=\"https:\/\/lhg-bw.de\/karlsruhe\/spenden-2\/\" \/>\n<meta property=\"og:locale\" content=\"de_DE\" \/>\n<meta property=\"og:type\" content=\"article\" \/>\n<meta property=\"og:title\" content=\"Spenden - LHG Karlsruhe\" \/>\n<meta property=\"og:description\" content=\"Sie wollen, dass nicht nur ROTE und GR\u00dcNE Akademiker die Hochschulen unseres Landes verlassen? Sie wollen liberale Hochschulpolitik? Sie wollen die Arbeit der LHG Karlsruhe bei der Durchf\u00fchrung ihrer Projekte unterst\u00fctzen? Dann spenden Sie. Mit Ihrer Spende unterst\u00fctzen Sie den Einsatz der LHG an der Uni Karlsruhe und unsere soziale Serviceleistung f\u00fcr unsere Kommilitonen. Ihre [&hellip;]\" \/>\n<meta property=\"og:url\" content=\"https:\/\/lhg-bw.de\/karlsruhe\/spenden-2\/\" \/>\n<meta property=\"og:site_name\" content=\"LHG Karlsruhe\" \/>\n<meta property=\"article:modified_time\" content=\"2024-01-02T16:09:44+00:00\" \/>\n<meta property=\"og:image\" content=\"http:\/\/lhg-bw.de\/files\/2008\/06\/marx.jpg\" \/>\n<meta name=\"twitter:card\" content=\"summary_large_image\" \/>\n<meta name=\"twitter:label1\" content=\"Gesch\u00e4tzte Lesezeit\" \/>\n\t<meta name=\"twitter:data1\" content=\"1\u00a0Minute\" \/>\n<script type=\"application\/ld+json\" class=\"yoast-schema-graph\">{\"@context\":\"https:\/\/schema.org\",\"@graph\":[{\"@type\":\"WebPage\",\"@id\":\"https:\/\/lhg-bw.de\/karlsruhe\/spenden-2\/\",\"url\":\"https:\/\/lhg-bw.de\/karlsruhe\/spenden-2\/\",\"name\":\"Spenden - LHG Karlsruhe\",\"isPartOf\":{\"@id\":\"https:\/\/lhg-bw.de\/karlsruhe\/#website\"},\"primaryImageOfPage\":{\"@id\":\"https:\/\/lhg-bw.de\/karlsruhe\/spenden-2\/#primaryimage\"},\"image\":{\"@id\":\"https:\/\/lhg-bw.de\/karlsruhe\/spenden-2\/#primaryimage\"},\"thumbnailUrl\":\"http:\/\/lhg-bw.de\/files\/2008\/06\/marx.jpg\",\"datePublished\":\"2008-04-05T09:48:45+00:00\",\"dateModified\":\"2024-01-02T16:09:44+00:00\",\"breadcrumb\":{\"@id\":\"https:\/\/lhg-bw.de\/karlsruhe\/spenden-2\/#breadcrumb\"},\"inLanguage\":\"de\",\"potentialAction\":[{\"@type\":\"ReadAction\",\"target\":[\"https:\/\/lhg-bw.de\/karlsruhe\/spenden-2\/\"]}]},{\"@type\":\"ImageObject\",\"inLanguage\":\"de\",\"@id\":\"https:\/\/lhg-bw.de\/karlsruhe\/spenden-2\/#primaryimage\",\"url\":\"http:\/\/lhg-bw.de\/files\/2008\/06\/marx.jpg\",\"contentUrl\":\"http:\/\/lhg-bw.de\/files\/2008\/06\/marx.jpg\"},{\"@type\":\"BreadcrumbList\",\"@id\":\"https:\/\/lhg-bw.de\/karlsruhe\/spenden-2\/#breadcrumb\",\"itemListElement\":[{\"@type\":\"ListItem\",\"position\":1,\"name\":\"Startseite\",\"item\":\"https:\/\/lhg-bw.de\/karlsruhe\/\"},{\"@type\":\"ListItem\",\"position\":2,\"name\":\"Spenden\"}]},{\"@type\":\"WebSite\",\"@id\":\"https:\/\/lhg-bw.de\/karlsruhe\/#website\",\"url\":\"https:\/\/lhg-bw.de\/karlsruhe\/\",\"name\":\"Liberale Hochschulgruppe Karlsruhe\",\"description\":\"Wilkommen bei der LHG Karlsruhe!\",\"publisher\":{\"@id\":\"https:\/\/lhg-bw.de\/karlsruhe\/#organization\"},\"alternateName\":\"LHG Karlsruhe\",\"potentialAction\":[{\"@type\":\"SearchAction\",\"target\":{\"@type\":\"EntryPoint\",\"urlTemplate\":\"https:\/\/lhg-bw.de\/karlsruhe\/?s={search_term_string}\"},\"query-input\":\"required name=search_term_string\"}],\"inLanguage\":\"de\"},{\"@type\":\"Organization\",\"@id\":\"https:\/\/lhg-bw.de\/karlsruhe\/#organization\",\"name\":\"Liberale Hochschulgruppe Karlsruhe\",\"alternateName\":\"LHG Karlsruhe\",\"url\":\"https:\/\/lhg-bw.de\/karlsruhe\/\",\"logo\":{\"@type\":\"ImageObject\",\"inLanguage\":\"de\",\"@id\":\"https:\/\/lhg-bw.de\/karlsruhe\/#\/schema\/logo\/image\/\",\"url\":\"https:\/\/lhg-bw.de\/karlsruhe\/files\/2025\/06\/LHG-Logo-Website.png\",\"contentUrl\":\"https:\/\/lhg-bw.de\/karlsruhe\/files\/2025\/06\/LHG-Logo-Website.png\",\"width\":2200,\"height\":600,\"caption\":\"Liberale Hochschulgruppe Karlsruhe\"},\"image\":{\"@id\":\"https:\/\/lhg-bw.de\/karlsruhe\/#\/schema\/logo\/image\/\"},\"sameAs\":[\"https:\/\/www.instagram.com\/lhg_karlsruhe\/\"]}]}<\/script>\n<!-- \/ Yoast SEO plugin. -->","yoast_head_json":{"title":"Spenden - LHG Karlsruhe","robots":{"index":"index","follow":"follow","max-snippet":"max-snippet:-1","max-image-preview":"max-image-preview:large","max-video-preview":"max-video-preview:-1"},"canonical":"https:\/\/lhg-bw.de\/karlsruhe\/spenden-2\/","og_locale":"de_DE","og_type":"article","og_title":"Spenden - LHG Karlsruhe","og_description":"Sie wollen, dass nicht nur ROTE und GR\u00dcNE Akademiker die Hochschulen unseres Landes verlassen? Sie wollen liberale Hochschulpolitik? Sie wollen die Arbeit der LHG Karlsruhe bei der Durchf\u00fchrung ihrer Projekte unterst\u00fctzen? Dann spenden Sie. Mit Ihrer Spende unterst\u00fctzen Sie den Einsatz der LHG an der Uni Karlsruhe und unsere soziale Serviceleistung f\u00fcr unsere Kommilitonen. Ihre [&hellip;]","og_url":"https:\/\/lhg-bw.de\/karlsruhe\/spenden-2\/","og_site_name":"LHG Karlsruhe","article_modified_time":"2024-01-02T16:09:44+00:00","og_image":[{"url":"http:\/\/lhg-bw.de\/files\/2008\/06\/marx.jpg"}],"twitter_card":"summary_large_image","twitter_misc":{"Gesch\u00e4tzte Lesezeit":"1\u00a0Minute"},"schema":{"@context":"https:\/\/schema.org","@graph":[{"@type":"WebPage","@id":"https:\/\/lhg-bw.de\/karlsruhe\/spenden-2\/","url":"https:\/\/lhg-bw.de\/karlsruhe\/spenden-2\/","name":"Spenden - LHG Karlsruhe","isPartOf":{"@id":"https:\/\/lhg-bw.de\/karlsruhe\/#website"},"primaryImageOfPage":{"@id":"https:\/\/lhg-bw.de\/karlsruhe\/spenden-2\/#primaryimage"},"image":{"@id":"https:\/\/lhg-bw.de\/karlsruhe\/spenden-2\/#primaryimage"},"thumbnailUrl":"http:\/\/lhg-bw.de\/files\/2008\/06\/marx.jpg","datePublished":"2008-04-05T09:48:45+00:00","dateModified":"2024-01-02T16:09:44+00:00","breadcrumb":{"@id":"https:\/\/lhg-bw.de\/karlsruhe\/spenden-2\/#breadcrumb"},"inLanguage":"de","potentialAction":[{"@type":"ReadAction","target":["https:\/\/lhg-bw.de\/karlsruhe\/spenden-2\/"]}]},{"@type":"ImageObject","inLanguage":"de","@id":"https:\/\/lhg-bw.de\/karlsruhe\/spenden-2\/#primaryimage","url":"http:\/\/lhg-bw.de\/files\/2008\/06\/marx.jpg","contentUrl":"http:\/\/lhg-bw.de\/files\/2008\/06\/marx.jpg"},{"@type":"BreadcrumbList","@id":"https:\/\/lhg-bw.de\/karlsruhe\/spenden-2\/#breadcrumb","itemListElement":[{"@type":"ListItem","position":1,"name":"Startseite","item":"https:\/\/lhg-bw.de\/karlsruhe\/"},{"@type":"ListItem","position":2,"name":"Spenden"}]},{"@type":"WebSite","@id":"https:\/\/lhg-bw.de\/karlsruhe\/#website","url":"https:\/\/lhg-bw.de\/karlsruhe\/","name":"Liberale Hochschulgruppe Karlsruhe","description":"Wilkommen bei der LHG Karlsruhe!","publisher":{"@id":"https:\/\/lhg-bw.de\/karlsruhe\/#organization"},"alternateName":"LHG Karlsruhe","potentialAction":[{"@type":"SearchAction","target":{"@type":"EntryPoint","urlTemplate":"https:\/\/lhg-bw.de\/karlsruhe\/?s={search_term_string}"},"query-input":"required name=search_term_string"}],"inLanguage":"de"},{"@type":"Organization","@id":"https:\/\/lhg-bw.de\/karlsruhe\/#organization","name":"Liberale Hochschulgruppe Karlsruhe","alternateName":"LHG Karlsruhe","url":"https:\/\/lhg-bw.de\/karlsruhe\/","logo":{"@type":"ImageObject","inLanguage":"de","@id":"https:\/\/lhg-bw.de\/karlsruhe\/#\/schema\/logo\/image\/","url":"https:\/\/lhg-bw.de\/karlsruhe\/files\/2025\/06\/LHG-Logo-Website.png","contentUrl":"https:\/\/lhg-bw.de\/karlsruhe\/files\/2025\/06\/LHG-Logo-Website.png","width":2200,"height":600,"caption":"Liberale Hochschulgruppe Karlsruhe"},"image":{"@id":"https:\/\/lhg-bw.de\/karlsruhe\/#\/schema\/logo\/image\/"},"sameAs":["https:\/\/www.instagram.com\/lhg_karlsruhe\/"]}]}},"_links":{"self":[{"href":"https:\/\/lhg-bw.de\/karlsruhe\/wp-json\/wp\/v2\/pages\/89","targetHints":{"allow":["GET"]}}],"collection":[{"href":"https:\/\/lhg-bw.de\/karlsruhe\/wp-json\/wp\/v2\/pages"}],"about":[{"href":"https:\/\/lhg-bw.de\/karlsruhe\/wp-json\/wp\/v2\/types\/page"}],"author":[{"embeddable":true,"href":"https:\/\/lhg-bw.de\/karlsruhe\/wp-json\/wp\/v2\/users\/10"}],"replies":[{"embeddable":true,"href":"https:\/\/lhg-bw.de\/karlsruhe\/wp-json\/wp\/v2\/comments?post=89"}],"version-history":[{"count":7,"href":"https:\/\/lhg-bw.de\/karlsruhe\/wp-json\/wp\/v2\/pages\/89\/revisions"}],"predecessor-version":[{"id":744,"href":"https:\/\/lhg-bw.de\/karlsruhe\/wp-json\/wp\/v2\/pages\/89\/revisions\/744"}],"wp:attachment":[{"href":"https:\/\/lhg-bw.de\/karlsruhe\/wp-json\/wp\/v2\/media?parent=89"}],"curies":[{"name":"wp","href":"https:\/\/api.w.org\/{rel}","templated":true}]}}