{"id":1512,"date":"2022-01-08T18:59:26","date_gmt":"2022-01-08T17:59:26","guid":{"rendered":"https:\/\/lhg-bw.de\/konstanz\/?page_id=1512"},"modified":"2024-01-03T19:17:10","modified_gmt":"2024-01-03T18:17:10","slug":"thalia-eshaghzadeh-bouchehrian","status":"publish","type":"page","link":"https:\/\/lhg-bw.de\/konstanz\/thalia-eshaghzadeh-bouchehrian\/","title":{"rendered":"Thalia Eshaghzadeh-Bouchehrian"},"content":{"rendered":"<div id=\"dslc-theme-content\"><div id=\"dslc-theme-content-inner\"><h2>Schatzmeisterin<\/h2>\n<p><img decoding=\"async\" class=\" wp-image-1520 alignright\" src=\"https:\/\/lhg-bw.de\/konstanz\/files\/2022\/01\/6b490fc4-1e4f-41aa-a8dc-2257af24f01f-300x200.jpg\" alt=\"\" width=\"440\" height=\"293\" srcset=\"https:\/\/lhg-bw.de\/konstanz\/files\/2022\/01\/6b490fc4-1e4f-41aa-a8dc-2257af24f01f-300x200.jpg 300w, https:\/\/lhg-bw.de\/konstanz\/files\/2022\/01\/6b490fc4-1e4f-41aa-a8dc-2257af24f01f-768x512.jpg 768w, https:\/\/lhg-bw.de\/konstanz\/files\/2022\/01\/6b490fc4-1e4f-41aa-a8dc-2257af24f01f.jpg 1024w\" sizes=\"(max-width: 440px) 100vw, 440px\" \/><\/p>\n<ul>\n<li>Jahrgang 2003<\/li>\n<li>Studium: Politik- und Verwaltungswissenschaften<\/li>\n<li>Stellv. Organisation JuLis Konstanz<\/li>\n<li>Mitglied im StuPa 2022\/23<\/li>\n<\/ul>\n<p>&nbsp;<\/p>\n<blockquote>\n<p style=\"text-align: left;\">&#8220;Sei du selbst die Ver\u00e4nderung, die du dir w\u00fcnschst f\u00fcr diese Welt.&#8221;<br \/>\n<em>Mahatma Gandhi<\/em><\/p>\n<\/blockquote>\n<\/div><\/div>","protected":false},"excerpt":{"rendered":"<p>Schatzmeisterin Jahrgang 2003 Studium: Politik- und Verwaltungswissenschaften Stellv. Organisation JuLis Konstanz Mitglied im StuPa 2022\/23 &nbsp; &#8220;Sei du selbst die Ver\u00e4nderung, die du dir w\u00fcnschst f\u00fcr diese Welt.&#8221; Mahatma Gandhi<\/p>\n","protected":false},"author":1092,"featured_media":0,"parent":0,"menu_order":0,"comment_status":"closed","ping_status":"closed","template":"","meta":{"footnotes":""},"class_list":["post-1512","page","type-page","status-publish","hentry"],"_links":{"self":[{"href":"https:\/\/lhg-bw.de\/konstanz\/wp-json\/wp\/v2\/pages\/1512","targetHints":{"allow":["GET"]}}],"collection":[{"href":"https:\/\/lhg-bw.de\/konstanz\/wp-json\/wp\/v2\/pages"}],"about":[{"href":"https:\/\/lhg-bw.de\/konstanz\/wp-json\/wp\/v2\/types\/page"}],"author":[{"embeddable":true,"href":"https:\/\/lhg-bw.de\/konstanz\/wp-json\/wp\/v2\/users\/1092"}],"replies":[{"embeddable":true,"href":"https:\/\/lhg-bw.de\/konstanz\/wp-json\/wp\/v2\/comments?post=1512"}],"version-history":[{"count":11,"href":"https:\/\/lhg-bw.de\/konstanz\/wp-json\/wp\/v2\/pages\/1512\/revisions"}],"predecessor-version":[{"id":3057,"href":"https:\/\/lhg-bw.de\/konstanz\/wp-json\/wp\/v2\/pages\/1512\/revisions\/3057"}],"wp:attachment":[{"href":"https:\/\/lhg-bw.de\/konstanz\/wp-json\/wp\/v2\/media?parent=1512"}],"curies":[{"name":"wp","href":"https:\/\/api.w.org\/{rel}","templated":true}]}}