{"id":229,"date":"2013-10-15T15:23:04","date_gmt":"2013-10-15T14:23:04","guid":{"rendered":"http:\/\/lhg-bw.de\/konstanz\/?page_id=229"},"modified":"2023-01-15T12:14:53","modified_gmt":"2023-01-15T11:14:53","slug":"personen","status":"publish","type":"page","link":"https:\/\/lhg-bw.de\/konstanz\/personen\/","title":{"rendered":"Vorstand"},"content":{"rendered":"<div id=\"dslc-theme-content\"><div id=\"dslc-theme-content-inner\"><p style=\"text-align: left\"><a href=\"https:\/\/lhg-bw.de\/konstanz\/jonas-erlinghagen\/\"><b>Jonas Erlinghagen<\/b><\/a><\/p>\n<p style=\"text-align: left\">Vorsitzender der Liberalen Hochschulgruppe Konstanz<\/p>\n<p>Jonas.Erlinghagen@uni-konstanz.de<\/p>\n<hr \/>\n<p><a href=\"https:\/\/lhg-bw.de\/konstanz\/henri-bockhoefer\/\"><b>Henri Bockh\u00f6fer<\/b><\/a><\/p>\n<p>Presse und \u00d6ffentlichkeitsarbeit<\/p>\n<p>Herni.Bockh\u00f6fer@uni-konstanz.de<\/p>\n<hr \/>\n<p><a href=\"https:\/\/lhg-bw.de\/konstanz\/thalia-eshaghzadeh-bouchehrian\/\">Thalia Eshaghzadeh-Bouchehrian<\/a><\/p>\n<p>Schatzmeisterin<\/p>\n<p>Thalia.Eshaghzadeh-Bouchehrian@uni-konstanz.de<\/p>\n<hr \/>\n<p><a href=\"https:\/\/lhg-bw.de\/konstanz\/lea-banger\/\">Lea Banger<\/a><\/p>\n<p>Programmatik<\/p>\n<p>Lea.Banger@uni-konstanz.de<\/p>\n<hr \/>\n<p><a href=\"https:\/\/lhg-bw.de\/konstanz\/hendrik-trimper\/\">Hendrik Trimper<\/a><\/p>\n<p>Organisation<\/p>\n<p>Hendrik.Trimper@uni-konstanz.de<\/p>\n<p>&nbsp;<\/p>\n<\/div><\/div>","protected":false},"excerpt":{"rendered":"<p>Jonas Erlinghagen Vorsitzender der Liberalen Hochschulgruppe Konstanz Jonas.Erlinghagen@uni-konstanz.de Henri Bockh\u00f6fer Presse und \u00d6ffentlichkeitsarbeit Herni.Bockh\u00f6fer@uni-konstanz.de Thalia Eshaghzadeh-Bouchehrian Schatzmeisterin Thalia.Eshaghzadeh-Bouchehrian@uni-konstanz.de Lea Banger Programmatik Lea.Banger@uni-konstanz.de Hendrik Trimper Organisation Hendrik.Trimper@uni-konstanz.de &nbsp;<\/p>\n","protected":false},"author":327,"featured_media":0,"parent":0,"menu_order":0,"comment_status":"open","ping_status":"open","template":"","meta":{"footnotes":""},"class_list":["post-229","page","type-page","status-publish","hentry"],"_links":{"self":[{"href":"https:\/\/lhg-bw.de\/konstanz\/wp-json\/wp\/v2\/pages\/229","targetHints":{"allow":["GET"]}}],"collection":[{"href":"https:\/\/lhg-bw.de\/konstanz\/wp-json\/wp\/v2\/pages"}],"about":[{"href":"https:\/\/lhg-bw.de\/konstanz\/wp-json\/wp\/v2\/types\/page"}],"author":[{"embeddable":true,"href":"https:\/\/lhg-bw.de\/konstanz\/wp-json\/wp\/v2\/users\/327"}],"replies":[{"embeddable":true,"href":"https:\/\/lhg-bw.de\/konstanz\/wp-json\/wp\/v2\/comments?post=229"}],"version-history":[{"count":97,"href":"https:\/\/lhg-bw.de\/konstanz\/wp-json\/wp\/v2\/pages\/229\/revisions"}],"predecessor-version":[{"id":2754,"href":"https:\/\/lhg-bw.de\/konstanz\/wp-json\/wp\/v2\/pages\/229\/revisions\/2754"}],"wp:attachment":[{"href":"https:\/\/lhg-bw.de\/konstanz\/wp-json\/wp\/v2\/media?parent=229"}],"curies":[{"name":"wp","href":"https:\/\/api.w.org\/{rel}","templated":true}]}}