{"id":124,"date":"2011-02-24T13:22:23","date_gmt":"2011-02-24T13:22:23","guid":{"rendered":"http:\/\/lhg-bw.de\/mannheim\/wir\/"},"modified":"2024-01-04T07:29:53","modified_gmt":"2024-01-04T05:29:53","slug":"wir","status":"publish","type":"page","link":"https:\/\/lhg-bw.de\/mannheim\/wir\/","title":{"rendered":"Ortsgruppe"},"content":{"rendered":"<div id=\"dslc-theme-content\"><div id=\"dslc-theme-content-inner\"><p>Die LHG Mannheim ist Dein Ansprechpartner f\u00fcr liberale Hochschulpolitik an der Uni Mannheim.<br \/>\nIn unserer lokalen Gruppe machen wir im pers\u00f6hnlichen Umfeld Hochschulpolitk und nehmen jede(n) liberal Denkende(n) gerne auf.<br \/>\nWir sind Mitglied im <a href=\"http:\/\/www.bundes-lhg.de\/\">Bundesverband Liberaler Hochschulgruppen,<\/a> des zweitgr\u00f6\u00dften politischen Studierendenverbands in Deutschland, vertreten an \u00fcber 80 Hochschulen. Desweiteren engagieren wir uns auf Landesebene im <a href=\"http:\/\/www.lhg-bw.de\/\">Landesverband Liberaler Hochschulgruppen Baden-W\u00fcrttemberg<\/a>. in dem wir ebenso Mitglied sind.<\/p>\n<p>Im Gegensatz zu anderen Hochschulgruppen sind wir eigenst\u00e4ndig und nicht vom Scheckbuch einer Partei abh\u00e4ngig!<\/p>\n<h2>Vorstand<\/h2>\n<p><strong>Luca Zeitler<\/strong><br \/>\nVorsitzender<\/p>\n<p><strong>Thomas Hoffjan<\/strong><br \/>\nSchatzmeister<\/p>\n<p><strong>Moritz Icking<\/strong><br \/>\nProgrammatik<\/p>\n<p><strong>Leonie Sindel<\/strong><br \/>\n\u00d6ffentlichkeitsarbeit<\/p>\n<p><strong>David Jacob<\/strong><br \/>\nOrganisation<\/p>\n<\/div><\/div>","protected":false},"excerpt":{"rendered":"<p>Die LHG Mannheim ist Dein Ansprechpartner f\u00fcr liberale Hochschulpolitik an der Uni Mannheim. In unserer lokalen Gruppe machen wir im pers\u00f6hnlichen Umfeld Hochschulpolitk und nehmen jede(n) liberal Denkende(n) gerne auf. Wir sind Mitglied im Bundesverband Liberaler Hochschulgruppen, des zweitgr\u00f6\u00dften politischen Studierendenverbands in Deutschland, vertreten an \u00fcber 80 Hochschulen. Desweiteren engagieren wir uns auf Landesebene im [&hellip;]<\/p>\n","protected":false},"author":308,"featured_media":0,"parent":0,"menu_order":0,"comment_status":"closed","ping_status":"open","template":"","meta":{"footnotes":""},"class_list":["post-124","page","type-page","status-publish","hentry"],"_links":{"self":[{"href":"https:\/\/lhg-bw.de\/mannheim\/wp-json\/wp\/v2\/pages\/124","targetHints":{"allow":["GET"]}}],"collection":[{"href":"https:\/\/lhg-bw.de\/mannheim\/wp-json\/wp\/v2\/pages"}],"about":[{"href":"https:\/\/lhg-bw.de\/mannheim\/wp-json\/wp\/v2\/types\/page"}],"author":[{"embeddable":true,"href":"https:\/\/lhg-bw.de\/mannheim\/wp-json\/wp\/v2\/users\/308"}],"replies":[{"embeddable":true,"href":"https:\/\/lhg-bw.de\/mannheim\/wp-json\/wp\/v2\/comments?post=124"}],"version-history":[{"count":173,"href":"https:\/\/lhg-bw.de\/mannheim\/wp-json\/wp\/v2\/pages\/124\/revisions"}],"predecessor-version":[{"id":1442,"href":"https:\/\/lhg-bw.de\/mannheim\/wp-json\/wp\/v2\/pages\/124\/revisions\/1442"}],"wp:attachment":[{"href":"https:\/\/lhg-bw.de\/mannheim\/wp-json\/wp\/v2\/media?parent=124"}],"curies":[{"name":"wp","href":"https:\/\/api.w.org\/{rel}","templated":true}]}}