{"id":1242,"date":"2024-01-04T07:33:52","date_gmt":"2024-01-04T05:33:52","guid":{"rendered":"https:\/\/lhg-bw.de\/mannheim\/?page_id=1242"},"modified":"2024-07-18T02:35:38","modified_gmt":"2024-07-18T00:35:38","slug":"mitglied-werden","status":"publish","type":"page","link":"https:\/\/lhg-bw.de\/mannheim\/mitglied-werden\/","title":{"rendered":"Mitglied werden"},"content":{"rendered":"<div id=\"dslc-theme-content\"><div id=\"dslc-theme-content-inner\"><p>Wenn du Mitglied der Liberalen Hochschulgruppe Mannheim werden m\u00f6chtest, kannst du hier einen Mitgliedsantrag stellen.<\/p>\n<p>Wir werden uns dann schnellstm\u00f6glich bei dir melden!<\/p>\n<p>Du kannst den Antrag jederzeit zur\u00fcckziehen, wenn du dich anders entscheiden solltest.<\/p>\n<p>Bitte beachte, dass nur vollst\u00e4ndig ausgef\u00fcllte Mitgliedsantr\u00e4ge ber\u00fccksichtigt werden k\u00f6nnen!<\/p>\n<\/div><\/div>","protected":false},"excerpt":{"rendered":"<p>Wenn du Mitglied der Liberalen Hochschulgruppe Mannheim werden m\u00f6chtest, kannst du hier einen Mitgliedsantrag stellen. Wir werden uns dann schnellstm\u00f6glich bei dir melden! Du kannst den Antrag jederzeit zur\u00fcckziehen, wenn du dich anders entscheiden solltest. Bitte beachte, dass nur vollst\u00e4ndig ausgef\u00fcllte Mitgliedsantr\u00e4ge ber\u00fccksichtigt werden k\u00f6nnen!<\/p>\n","protected":false},"author":1087,"featured_media":0,"parent":0,"menu_order":0,"comment_status":"closed","ping_status":"closed","template":"","meta":{"footnotes":""},"class_list":["post-1242","page","type-page","status-publish","hentry"],"_links":{"self":[{"href":"https:\/\/lhg-bw.de\/mannheim\/wp-json\/wp\/v2\/pages\/1242","targetHints":{"allow":["GET"]}}],"collection":[{"href":"https:\/\/lhg-bw.de\/mannheim\/wp-json\/wp\/v2\/pages"}],"about":[{"href":"https:\/\/lhg-bw.de\/mannheim\/wp-json\/wp\/v2\/types\/page"}],"author":[{"embeddable":true,"href":"https:\/\/lhg-bw.de\/mannheim\/wp-json\/wp\/v2\/users\/1087"}],"replies":[{"embeddable":true,"href":"https:\/\/lhg-bw.de\/mannheim\/wp-json\/wp\/v2\/comments?post=1242"}],"version-history":[{"count":9,"href":"https:\/\/lhg-bw.de\/mannheim\/wp-json\/wp\/v2\/pages\/1242\/revisions"}],"predecessor-version":[{"id":1464,"href":"https:\/\/lhg-bw.de\/mannheim\/wp-json\/wp\/v2\/pages\/1242\/revisions\/1464"}],"wp:attachment":[{"href":"https:\/\/lhg-bw.de\/mannheim\/wp-json\/wp\/v2\/media?parent=1242"}],"curies":[{"name":"wp","href":"https:\/\/api.w.org\/{rel}","templated":true}]}}