{"id":3,"date":"2008-04-08T21:02:45","date_gmt":"2008-04-08T21:02:45","guid":{"rendered":"http:\/\/lhg-bw.de\/mannheim\/impressum\/"},"modified":"2024-01-04T07:09:32","modified_gmt":"2024-01-04T05:09:32","slug":"impressum","status":"publish","type":"page","link":"https:\/\/lhg-bw.de\/mannheim\/impressum\/","title":{"rendered":"Impressum"},"content":{"rendered":"<div id=\"dslc-theme-content\"><div id=\"dslc-theme-content-inner\"><h2>Angaben gem\u00e4\u00df \u00a7 5 TMG:<\/h2>\n<p>Liberale Hochschulgruppe Mannheim (LHG Mannheim)<br \/>\nL9, 6<br \/>\n68161 Mannheim<br \/>\nE-Mail: vorstand@lhg-mannheim.de<br \/>\nInternet: <a href=\"http:\/\/www.lhg-mannheim.de\">www.lhg-mannheim.de<\/a><\/p>\n<h2>Vertreten durch:<\/h2>\n<p>den Vorstand der LHG Mannheim:<br \/>\nNamentlich: David Jacob, Thomas Hoffjan, Moritz Icking, Vincent Oehme, Hermann K\u00f6ster<\/p>\n<p>Verantwortlich f\u00fcr den Inhalt nach \u00a7 55 Abs. 2 RStV:<\/p>\n<p>der Vorstand der LHG Mannheim:<br \/>\nNamentlich: David Jacob, Thomas Hoffjan, Moritz Icking, Vincent Oehme, Hermann K\u00f6ster<\/p>\n<p>Liberale Hochschulgruppe Mannheim (LHG Mannheim)<br \/>\nL9, 6<br \/>\n68161 Mannheim<\/p>\n<p>Die auf unseren Seiten zur Verf\u00fcgung gestellten Informationen dienen der politischen Willensbildung und der Unterrichtung der \u00d6ffentlichkeit. Sie geben die Meinung der Liberalen Hochschulgruppe Mannheim bzw. der genannten Personen wieder.Hinweise auf fremde Seiten, zu denen wir lediglich den Zugang zur Nutzung im Sinne des Telemediengesetzes vermitteln, werden ausschlie\u00dflich zu Zwecken der politischen Bildung und politischen Information angegeben.<\/p>\n<h2 style=\"font-weight: bold;\">Haftungshinweis<\/h2>\n<p>Trotz sorgf\u00e4ltiger inhaltlicher Kontrolle \u00fcbernehmen wir keine Haftung f\u00fcr die Inhalte externer Links. F\u00fcr den Inhalt der verlinkten Seiten sind ausschlie\u00dflich deren Betreiber verantwortlich.<\/p>\n<p style=\"width: 80%;\">Die von uns durchgef\u00fchrten Meinungsumfragen sind nicht repr\u00e4sentativ.Bitte beachten Sie, dass \u00dcbermittlungen per E-Mail nicht gegen die Kenntnisnahme durch Dritte gesch\u00fctzt sind.<\/p>\n<h2>Verwendung von Facebook PlugIn<\/h2>\n<p style=\"width: 80%;\">Auf diesen Internetseiten werden Plugins des sozialen Netzwerkes facebook.com verwendet, das von der Facebook Inc., 1601 S. California Ave, Palo Alto, CA 94304, USA betrieben wird (\u201dFacebook\u201d). Wenn Sie mit einen solchen Plugin versehene Internetseiten unserer Internetpr\u00e4senz aufrufen, wird eine Verbindung zu den Facebook-Servern hergestellt und dabei das Plugin durch Mitteilung an Ihren Browser auf der Internetseite dargestellt. Hierdurch wird an den Facebook-Server \u00fcbermittelt, welche unserer Internetseiten Sie besucht haben. Sind Sie dabei als Mitglied bei Facebook eingeloggt, ordnet Facebook diese Information Ihrem pers\u00f6nlichen Facebook-Benutzerkonto zu. Bei der Nutzung der Plugin-Funktionen (z.B. Anklicken des \u201eGef\u00e4llt mir\u201c-Buttons, Abgabe eines Kommentars) werden auch diese Informationen Ihrem Facebook-Konto zugeordnet, was Sie nur durch Ausloggen vor Nutzung des Plugins verhindern k\u00f6nnen. N\u00e4here Informationen zur Erhebung und Nutzung der Daten durch Facebook, \u00fcber Ihre diesbez\u00fcglichen Rechte M\u00f6glichkeiten zum Schutz Ihrer Privatsph\u00e4re finden Sie in den Datenschutzhinweisen von Facebook.<\/p>\n<h2>Design und Content Management<\/h2>\n<div style=\"width: 80%;\">Diese Seiten basieren auf dem Content Management System\u00a0<a href=\"http:\/\/wpde.org\/\">WordPress.<\/a>\u00a0Bei Fehlern oder \u00c4nderungsw\u00fcnschen bitte E-Mail an: admin(\u00e4t)lhg-bw.de.<\/div>\n<\/div><\/div>","protected":false},"excerpt":{"rendered":"<p>Angaben gem\u00e4\u00df \u00a7 5 TMG: Liberale Hochschulgruppe Mannheim (LHG Mannheim) L9, 6 68161 Mannheim E-Mail: vorstand@lhg-mannheim.de Internet: www.lhg-mannheim.de Vertreten durch: den Vorstand der LHG Mannheim: Namentlich: David Jacob, Thomas Hoffjan, Moritz Icking, Vincent Oehme, Hermann K\u00f6ster Verantwortlich f\u00fcr den Inhalt nach \u00a7 55 Abs. 2 RStV: der Vorstand der LHG Mannheim: Namentlich: David Jacob, Thomas [&hellip;]<\/p>\n","protected":false},"author":308,"featured_media":0,"parent":0,"menu_order":7,"comment_status":"closed","ping_status":"open","template":"","meta":{"footnotes":""},"class_list":["post-3","page","type-page","status-publish","hentry"],"_links":{"self":[{"href":"https:\/\/lhg-bw.de\/mannheim\/wp-json\/wp\/v2\/pages\/3","targetHints":{"allow":["GET"]}}],"collection":[{"href":"https:\/\/lhg-bw.de\/mannheim\/wp-json\/wp\/v2\/pages"}],"about":[{"href":"https:\/\/lhg-bw.de\/mannheim\/wp-json\/wp\/v2\/types\/page"}],"author":[{"embeddable":true,"href":"https:\/\/lhg-bw.de\/mannheim\/wp-json\/wp\/v2\/users\/308"}],"replies":[{"embeddable":true,"href":"https:\/\/lhg-bw.de\/mannheim\/wp-json\/wp\/v2\/comments?post=3"}],"version-history":[{"count":39,"href":"https:\/\/lhg-bw.de\/mannheim\/wp-json\/wp\/v2\/pages\/3\/revisions"}],"predecessor-version":[{"id":1430,"href":"https:\/\/lhg-bw.de\/mannheim\/wp-json\/wp\/v2\/pages\/3\/revisions\/1430"}],"wp:attachment":[{"href":"https:\/\/lhg-bw.de\/mannheim\/wp-json\/wp\/v2\/media?parent=3"}],"curies":[{"name":"wp","href":"https:\/\/api.w.org\/{rel}","templated":true}]}}