{"id":4,"date":"2008-04-08T21:04:00","date_gmt":"2008-04-08T21:04:00","guid":{"rendered":"http:\/\/lhg-bw.de\/mannheim\/spenden\/"},"modified":"2014-08-02T00:50:40","modified_gmt":"2014-08-01T22:50:40","slug":"spenden","status":"publish","type":"page","link":"https:\/\/lhg-bw.de\/mannheim\/spenden\/","title":{"rendered":"Spenden"},"content":{"rendered":"<div id=\"dslc-theme-content\"><div id=\"dslc-theme-content-inner\"><p align=\"center\"><strong>Sie halten Verantwortung und Freiheit f\u00fcr wichtige Werte?<\/strong><\/p>\n<p align=\"center\"><strong>Ein gr\u00f6\u00dferer Einfluss des Liberalismus in der deutschen Hochschullandschaft liegt Ihnen am Herzen?<\/strong><\/p>\n<p align=\"center\"><strong>Sie wollen die Arbeit der LHG Mannheim unterst\u00fctzen?<\/strong><\/p>\n<p align=\"center\"><strong>Sie wollen spenden. Aber gerne!<\/strong><\/p>\n<div style=\"width: 80%\">\n<h3 style=\"font-weight:bold\">Spendenkonto:<\/h3>\n<p style=\"text-align: justify;font-family: Calibri\">\nKontoinhaber: F\u00f6rderverein der LHG-BW e.V.<br \/>\nKontonummer: 10040507<br \/>\nBankleitzahl: 66190000<br \/>\nBankhaus: Volksbank Karlsruhe\n<\/p>\n<h3 style=\"font-weight:bold\">Kontoangaben nach neuem S\u20acPA-Standard:<\/strong><\/h3>\n<p style=\"text-align: justify;font-family: Calibri\">\nIBAN: DE74 6619 0000 0010 0405 07<br \/>\nBIC: GENODE61KA1\n<\/p>\n<p style=\"text-align: justify;font-family: Calibri\">Der <strong>F\u00f6rderverein der LHG-BW e.V.<\/strong> unterst\u00fctzt die Arbeit des LHG-Landesverbands und der Hochschulgruppen vor Ort in Baden-W\u00fcrttemberg. Er ist eingetragen im Vereinsregister des Amtsgerichts Mannheim unter Nr. VR 103052.<\/p>\n<p style=\"text-align: justify;font-family: Calibri\">Wir sind wegen F\u00f6rderung der Studentenhilfe von der K\u00f6rperschaftssteuer befreit (als ausschlie\u00dflich und unmittelbar <strong>gemeinn\u00fctzigen Zwecken<\/strong> dienend anerkannt). Spenden an unseren Verein k\u00f6nnen daher im Sinne des \u00a710b des Einkommensteuergesetzes <strong>von der Steuer abgesetzt<\/strong> werden. Bitte unter Verwendungszweck &#8220;<strong>LHG Mannheim<\/strong>&#8221; angeben.<\/p>\n<p style=\"text-align: justify;font-family: Calibri\">Bitte vergessen Sie nicht, uns die Adresse f\u00fcr die Zusendung der Spendenbescheinigung mitzuteilen. Dies geht beispielsweise per E-Mail an schatzmeister(\u00e4t)lhg-bw.de oder im Verwendungszweck Ihrer \u00dcberweisung (beim Online-Banking k\u00f6nnen Sie bei vielen Banken zus\u00e4tzliche Zeilen hinzuf\u00fcgen, wenn der Platz nicht reicht).<\/p>\n<\/div><\/div>","protected":false},"excerpt":{"rendered":"<p>Sie halten Verantwortung und Freiheit f\u00fcr wichtige Werte? Ein gr\u00f6\u00dferer Einfluss des Liberalismus in der deutschen Hochschullandschaft liegt Ihnen am Herzen? Sie wollen die Arbeit der LHG Mannheim unterst\u00fctzen? Sie wollen spenden. Aber gerne! Spendenkonto: Kontoinhaber: F\u00f6rderverein der LHG-BW e.V. Kontonummer: 10040507 Bankleitzahl: 66190000 Bankhaus: Volksbank Karlsruhe Kontoangaben nach neuem S\u20acPA-Standard: IBAN: DE74 6619 0000 [&hellip;]<\/p>\n","protected":false},"author":292,"featured_media":0,"parent":0,"menu_order":6,"comment_status":"closed","ping_status":"open","template":"","meta":{"footnotes":""},"class_list":["post-4","page","type-page","status-publish","hentry"],"_links":{"self":[{"href":"https:\/\/lhg-bw.de\/mannheim\/wp-json\/wp\/v2\/pages\/4","targetHints":{"allow":["GET"]}}],"collection":[{"href":"https:\/\/lhg-bw.de\/mannheim\/wp-json\/wp\/v2\/pages"}],"about":[{"href":"https:\/\/lhg-bw.de\/mannheim\/wp-json\/wp\/v2\/types\/page"}],"author":[{"embeddable":true,"href":"https:\/\/lhg-bw.de\/mannheim\/wp-json\/wp\/v2\/users\/292"}],"replies":[{"embeddable":true,"href":"https:\/\/lhg-bw.de\/mannheim\/wp-json\/wp\/v2\/comments?post=4"}],"version-history":[{"count":6,"href":"https:\/\/lhg-bw.de\/mannheim\/wp-json\/wp\/v2\/pages\/4\/revisions"}],"predecessor-version":[{"id":728,"href":"https:\/\/lhg-bw.de\/mannheim\/wp-json\/wp\/v2\/pages\/4\/revisions\/728"}],"wp:attachment":[{"href":"https:\/\/lhg-bw.de\/mannheim\/wp-json\/wp\/v2\/media?parent=4"}],"curies":[{"name":"wp","href":"https:\/\/api.w.org\/{rel}","templated":true}]}}