{"id":54,"date":"2009-01-15T13:02:55","date_gmt":"2009-01-15T13:02:55","guid":{"rendered":"http:\/\/lhg-bw.de\/mannheim\/mitglied-werden\/"},"modified":"2023-08-30T14:44:59","modified_gmt":"2023-08-30T12:44:59","slug":"mitmachen","status":"publish","type":"page","link":"https:\/\/lhg-bw.de\/mannheim\/mitmachen\/","title":{"rendered":"Mitmachen"},"content":{"rendered":"<div id=\"dslc-theme-content\"><div id=\"dslc-theme-content-inner\"><div style=\"width: 80%\">\n<p style=\"text-align: justify;font-family: Calibri\">Wenn du die Situation f\u00fcr die Studierenden verbessern und die Zukunft der Universit\u00e4t aktiv mitgestalten m\u00f6chtest, ein freiheitlich denkender Mensch bist und dich nicht nur f\u00fcr unsere Positionen, sondern auch unsere sachliche, ergebnisorientierte Herangehensweise begeistern kannst, sollten wir uns kennen lernen!<\/p>\n<p style=\"text-align: justify;font-family: Calibri\">Bei uns hast du die M\u00f6glichkeit, rasch <strong>Verantwortung<\/strong> zu \u00fcbernehmen. In einem Umfeld, das konsequenten <strong>Liberalismus<\/strong>, <strong>Engagement<\/strong> und <strong>Toleranz<\/strong> als zentrale Motive hochh\u00e4lt, kannst du dein organisatorisches Geschick unter Beweis stellen und dich in der Auseinandersetzung mit aktuellen hochschulpolitischen Fragestellungen programmatisch wie auch in der \u00d6ffentlichkeitsarbeit einbringen.<\/p>\n<p style=\"text-align: justify;font-family: Calibri\">W\u00e4hrend der Vorlesungszeit treffen wir uns in der Regel alle 2 Wochen Montags. Die genauen Sitzungstermine findest du auf unserem Instagram-Kanal <a href=\"https:\/\/www.instagram.com\/lhg_ma\/\">Liberale Hochschulgruppe (LHG) Mannheim (@lhg_ma) \u2022 Instagram-Fotos und -Videos<\/a><\/p>\n<p style=\"text-align: justify;font-family: Calibri\">Bei Interesse meldet euch gerne vorher per E-Mail an vorstand@lhg-mannheim.de.<\/p>\n<p>Wir freuen uns auf dich!<\/p>\n<\/div>\n<\/div><\/div>","protected":false},"excerpt":{"rendered":"<p>Wenn du die Situation f\u00fcr die Studierenden verbessern und die Zukunft der Universit\u00e4t aktiv mitgestalten m\u00f6chtest, ein freiheitlich denkender Mensch bist und dich nicht nur f\u00fcr unsere Positionen, sondern auch unsere sachliche, ergebnisorientierte Herangehensweise begeistern kannst, sollten wir uns kennen lernen! Bei uns hast du die M\u00f6glichkeit, rasch Verantwortung zu \u00fcbernehmen. In einem Umfeld, das [&hellip;]<\/p>\n","protected":false},"author":308,"featured_media":0,"parent":0,"menu_order":0,"comment_status":"closed","ping_status":"open","template":"","meta":{"footnotes":""},"class_list":["post-54","page","type-page","status-publish","hentry"],"_links":{"self":[{"href":"https:\/\/lhg-bw.de\/mannheim\/wp-json\/wp\/v2\/pages\/54","targetHints":{"allow":["GET"]}}],"collection":[{"href":"https:\/\/lhg-bw.de\/mannheim\/wp-json\/wp\/v2\/pages"}],"about":[{"href":"https:\/\/lhg-bw.de\/mannheim\/wp-json\/wp\/v2\/types\/page"}],"author":[{"embeddable":true,"href":"https:\/\/lhg-bw.de\/mannheim\/wp-json\/wp\/v2\/users\/308"}],"replies":[{"embeddable":true,"href":"https:\/\/lhg-bw.de\/mannheim\/wp-json\/wp\/v2\/comments?post=54"}],"version-history":[{"count":17,"href":"https:\/\/lhg-bw.de\/mannheim\/wp-json\/wp\/v2\/pages\/54\/revisions"}],"predecessor-version":[{"id":1378,"href":"https:\/\/lhg-bw.de\/mannheim\/wp-json\/wp\/v2\/pages\/54\/revisions\/1378"}],"wp:attachment":[{"href":"https:\/\/lhg-bw.de\/mannheim\/wp-json\/wp\/v2\/media?parent=54"}],"curies":[{"name":"wp","href":"https:\/\/api.w.org\/{rel}","templated":true}]}}