{"id":12,"date":"2018-05-18T09:00:38","date_gmt":"2018-05-18T07:00:38","guid":{"rendered":"http:\/\/lhg-bw.de\/stuttgart\/impressum\/"},"modified":"2024-01-02T16:13:10","modified_gmt":"2024-01-02T14:13:10","slug":"impressum","status":"publish","type":"page","link":"https:\/\/lhg-bw.de\/stuttgart\/impressum\/","title":{"rendered":"Impressum"},"content":{"rendered":"<div id=\"dslc-theme-content\"><div id=\"dslc-theme-content-inner\"><p>Liberale Hochschulgruppe Stuttgart (abgek. LHG Stuttgart)<br \/>\nLucas Weyrich \u2013 Haldenweg 5 \u2013 70839 Gerlingen<br \/>\nE-Mail: lucas.weyrich(\u00e4t)lhg-stuttgart.de \u2013 (\u00e4t) bitte gegen das @-Zeichen ersetzen<br \/>\nInternet: <a href=\"http:\/\/www.lhg-stuttgart.de\">www.lhg-stuttgart.de<\/a><\/p>\n<p>Vertretungsberechtigter Vorstand:<br \/>\nLucas Weyrich (Vorsitzender)<br \/>\nPhilipp Berner (stv. Vorsitzender)<br \/>\nElias Moll (stv. Vorsitzender)<br \/>\nFinn-Jannik Mundinger (stv. Vorsitzender)<\/p>\n<p>Inhaltlich Verantwortlicher gem\u00e4\u00df \u00a7 55 Abs. 2 RStV: Lucas Weyrich (Anschrift wie oben)<\/p>\n<p>Die auf unseren Seiten zur Verf\u00fcgung gestellten Informationen dienen der politischen Willensbildung und der Unterrichtung der \u00d6ffentlichkeit. Sie geben die Meinung der Liberalen Hochschulgruppe Stuttgart bzw. der genannten Personen wieder.<\/p>\n<p>Hinweise auf fremde Seiten, zu denen wir lediglich den Zugang zur Nutzung im Sinne des Telemediengesetzes vermitteln, werden ausschlie\u00dflich zu Zwecken der politischen Bildung und politischen Information angegeben.<\/p>\n<h2><strong>Haftungshinweis<\/strong><\/h2>\n<p>Trotz sorgf\u00e4ltiger inhaltlicher Kontrolle \u00fcbernehmen wir keine Haftung f\u00fcr die Inhalte externer Links. F\u00fcr den Inhalt der verlinkten Seiten sind ausschlie\u00dflich deren Betreiber verantwortlich.<\/p>\n<p>Die von uns durchgef\u00fchrten Meinungsumfragen sind nicht repr\u00e4sentativ.<\/p>\n<p>Bitte beachten Sie, dass \u00dcbermittlungen per E-Mail nicht gegen die Kenntnisnahme durch Dritte gesch\u00fctzt sind.<\/p>\n<p>Verwendung von Facebook-Plugins<br \/>\nAuf diesen Internetseiten werden Plugins des sozialen Netzwerkes facebook.com verwendet, das von der Facebook Inc., 1601 S. California Ave, Palo Alto, CA 94304, USA betrieben wird (\u201dFacebook\u201d).<br \/>\nWenn Sie mit einen solchen Plugin versehene Internetseiten unserer Internetpr\u00e4senz aufrufen, wird eine Verbindung zu den Facebook-Servern hergestellt und dabei das Plugin durch Mitteilung an Ihren Browser auf der Internetseite dargestellt. Hierdurch wird an den Facebook-Server \u00fcbermittelt, welche unserer Internetseiten Sie besucht haben. Sind Sie dabei als Mitglied bei Facebook eingeloggt, ordnet Facebook diese Information Ihrem pers\u00f6nlichen Facebook-Benutzerkonto zu. Bei der Nutzung der Plugin-Funktionen (z.B. Anklicken des \u201eGef\u00e4llt mir\u201c-Buttons, Abgabe eines Kommentars) werden auch diese Informationen Ihrem Facebook-Konto zugeordnet, was Sie nur durch Ausloggen vor Nutzung des Plugins verhindern k\u00f6nnen.<br \/>\nN\u00e4here Informationen zur Erhebung und Nutzung der Daten durch Facebook, \u00fcber Ihre diesbez\u00fcglichen Rechte M\u00f6glichkeiten zum Schutz Ihrer Privatsph\u00e4re finden Sie in den Datenschutzhinweisen von Facebook.<\/p>\n<h2><strong>Design und Content Management<\/strong><\/h2>\n<p>Diese Seiten basieren auf dem Content Management System\u00a0<a href=\"http:\/\/wpde.org\/\">WordPress<\/a>. Bei Fehlern oder \u00c4nderungsw\u00fcnschen bitte E-Mail an: admin(\u00e4t)lhg-bw.de.<\/p>\n<\/div><\/div>","protected":false},"excerpt":{"rendered":"<p>Liberale Hochschulgruppe Stuttgart (abgek. LHG Stuttgart) Lucas Weyrich \u2013 Haldenweg 5 \u2013 70839 Gerlingen E-Mail: lucas.weyrich(\u00e4t)lhg-stuttgart.de \u2013 (\u00e4t) bitte gegen das @-Zeichen ersetzen Internet: www.lhg-stuttgart.de Vertretungsberechtigter Vorstand: Lucas Weyrich (Vorsitzender) Philipp Berner (stv. Vorsitzender) Elias Moll (stv. Vorsitzender) Finn-Jannik Mundinger (stv. Vorsitzender) Inhaltlich Verantwortlicher gem\u00e4\u00df \u00a7 55 Abs. 2 RStV: Lucas Weyrich (Anschrift wie oben) [&hellip;]<\/p>\n","protected":false},"author":3,"featured_media":0,"parent":0,"menu_order":6,"comment_status":"closed","ping_status":"open","template":"","meta":{"footnotes":""},"class_list":["post-12","page","type-page","status-publish","hentry"],"_links":{"self":[{"href":"https:\/\/lhg-bw.de\/stuttgart\/wp-json\/wp\/v2\/pages\/12","targetHints":{"allow":["GET"]}}],"collection":[{"href":"https:\/\/lhg-bw.de\/stuttgart\/wp-json\/wp\/v2\/pages"}],"about":[{"href":"https:\/\/lhg-bw.de\/stuttgart\/wp-json\/wp\/v2\/types\/page"}],"author":[{"embeddable":true,"href":"https:\/\/lhg-bw.de\/stuttgart\/wp-json\/wp\/v2\/users\/3"}],"replies":[{"embeddable":true,"href":"https:\/\/lhg-bw.de\/stuttgart\/wp-json\/wp\/v2\/comments?post=12"}],"version-history":[{"count":24,"href":"https:\/\/lhg-bw.de\/stuttgart\/wp-json\/wp\/v2\/pages\/12\/revisions"}],"predecessor-version":[{"id":2668,"href":"https:\/\/lhg-bw.de\/stuttgart\/wp-json\/wp\/v2\/pages\/12\/revisions\/2668"}],"wp:attachment":[{"href":"https:\/\/lhg-bw.de\/stuttgart\/wp-json\/wp\/v2\/media?parent=12"}],"curies":[{"name":"wp","href":"https:\/\/api.w.org\/{rel}","templated":true}]}}