{"id":13,"date":"2006-12-11T16:03:58","date_gmt":"2006-12-11T15:03:58","guid":{"rendered":"http:\/\/lhg-bw.de\/stuttgart\/spenden\/"},"modified":"2019-04-25T14:23:04","modified_gmt":"2019-04-25T12:23:04","slug":"spenden","status":"publish","type":"page","link":"https:\/\/lhg-bw.de\/stuttgart\/spenden\/","title":{"rendered":"Spenden"},"content":{"rendered":"<div id=\"dslc-theme-content\"><div id=\"dslc-theme-content-inner\"><p style=\"text-align: center\"><strong>Du willst, dass nicht nur<span style=\"color: #ff0000\"> rote <\/span><\/strong><strong>und <span style=\"color: #00ff00\">gr\u00fcne<\/span> Akademiker die Hochschulen unseres Landes verlassen?<\/strong><\/p>\n<p style=\"text-align: center\" align=\"center\"><strong>Du willst liberale Hochschulpolitik?<\/strong><\/p>\n<p style=\"text-align: center\" align=\"center\"><strong>Du willst die Arbeit der LHG Stuttgart bei der Durchf\u00fchrung ihrer Projekte unterst\u00fctzen?<\/strong><\/p>\n<p style=\"text-align: center\" align=\"center\"><strong>Wir freuen uns \u00fcber deine Spende! <\/strong><span class=\"emoji\">&#x1f911;<\/span><strong>\u00a0<\/strong><\/p>\n<p align=\"left\">Mit deiner Spende unterst\u00fctzt du den Einsatz der LHG an der Uni Stuttgart und unsere soziale Serviceleistung f\u00fcr unsere Kommilitonen. Deine Unterst\u00fctzung zeigt uns auch, dass sich dieser Einsatz lohnt und auch au\u00dferhalb der Hochschulen wahrgenommen und honoriert wird. Daf\u00fcr danken wir dir sehr herzlich.<\/p>\n<p><em><strong>Spendenkonto:<\/strong><\/em><br \/>\nKontoinhaber: F\u00f6rderverein der LHG-BW e.V.<br \/>\nKontonummer: 10040507<br \/>\nBankleitzahl: 66190000<br \/>\nBankhaus: Volksbank Karlsruhe<\/p>\n<p><em><strong>Kontoangaben nach neuem S\u20acPA-Standard:<\/strong><\/em><br \/>\nIBAN: DE74 6619 0000 0010 0405 07<br \/>\nBIC: GENODE61KA1<\/p>\n<p><em><strong>Verwendungszweck:<\/strong><\/em><br \/>\nLHG Stuttgart<\/p>\n<p>Die Servicearbeit des Landesverbands Liberaler Hochschulgruppen Baden-W\u00fcrttemberg (LHG-BW) wird gr\u00f6\u00dftenteils vom <strong>F\u00f6rderverein der LHG-BW e.V.<\/strong> geleistet. Der F\u00f6rderverein ist ein gemeinn\u00fctziger Verein im Sinne der <a href=\"http:\/\/www.bundesrecht.juris.de\/ao_1977\/__51.html\" target=\"_blank\" rel=\"noopener noreferrer\">\u00a7\u00a7 51 ff. AO<\/a> und finanziert sich vorwiegend aus Spenden.<\/p>\n<p>Der <strong>F\u00f6rderverein der LHG-BW e.V.<\/strong> unterst\u00fctzt die Arbeit des LHG-Landesverbands und der Hochschulgruppen vor Ort in Baden-W\u00fcrttemberg. Er ist eingetragen im Vereinsregister des Amtsgerichts Karlsruhe unter Nr. VR 3052.<\/p>\n<p>Wir sind wegen F\u00f6rderung der Studentenhilfe von der K\u00f6rperschaftssteuer befreit (als ausschlie\u00dflich und unmittelbar <strong>gemeinn\u00fctzigen Zwecken<\/strong> dienend anerkannt). Spenden an unseren Verein k\u00f6nnen daher im Sinne des <a href=\"http:\/\/www.gesetze-im-internet.de\/estg\/__10b.html\" target=\"_blank\" rel=\"noopener noreferrer\">\u00a710b des Einkommensteuergesetzes<\/a> <strong>von der Steuer abgesetzt<\/strong> werden.<\/p>\n<p>Bitte denk daran, uns deine Adresse f\u00fcr die Zusendung der Spendenbescheinigung mitzuteilen. Dies geht beispielsweise per E-Mail an schatzmeister(\u00e4t)lhg-bw.de oder im Verwendungszweck Ihrer \u00dcberweisung (beim Online-Banking kannst du bei vielen Banken zus\u00e4tzliche Zeilen hinzuf\u00fcgen, wenn der Platz nicht reicht).<\/p>\n<\/div><\/div>","protected":false},"excerpt":{"rendered":"<p>Du willst, dass nicht nur rote und gr\u00fcne Akademiker die Hochschulen unseres Landes verlassen? Du willst liberale Hochschulpolitik? Du willst die Arbeit der LHG Stuttgart bei der Durchf\u00fchrung ihrer Projekte unterst\u00fctzen? Wir freuen uns \u00fcber deine Spende! &#x1f911;\u00a0 Mit deiner Spende unterst\u00fctzt du den Einsatz der LHG an der Uni Stuttgart und unsere soziale Serviceleistung [&hellip;]<\/p>\n","protected":false},"author":3,"featured_media":0,"parent":0,"menu_order":5,"comment_status":"closed","ping_status":"open","template":"","meta":{"footnotes":""},"class_list":["post-13","page","type-page","status-publish","hentry"],"_links":{"self":[{"href":"https:\/\/lhg-bw.de\/stuttgart\/wp-json\/wp\/v2\/pages\/13","targetHints":{"allow":["GET"]}}],"collection":[{"href":"https:\/\/lhg-bw.de\/stuttgart\/wp-json\/wp\/v2\/pages"}],"about":[{"href":"https:\/\/lhg-bw.de\/stuttgart\/wp-json\/wp\/v2\/types\/page"}],"author":[{"embeddable":true,"href":"https:\/\/lhg-bw.de\/stuttgart\/wp-json\/wp\/v2\/users\/3"}],"replies":[{"embeddable":true,"href":"https:\/\/lhg-bw.de\/stuttgart\/wp-json\/wp\/v2\/comments?post=13"}],"version-history":[{"count":6,"href":"https:\/\/lhg-bw.de\/stuttgart\/wp-json\/wp\/v2\/pages\/13\/revisions"}],"predecessor-version":[{"id":862,"href":"https:\/\/lhg-bw.de\/stuttgart\/wp-json\/wp\/v2\/pages\/13\/revisions\/862"}],"wp:attachment":[{"href":"https:\/\/lhg-bw.de\/stuttgart\/wp-json\/wp\/v2\/media?parent=13"}],"curies":[{"name":"wp","href":"https:\/\/api.w.org\/{rel}","templated":true}]}}