{"id":2,"date":"2006-12-11T03:02:33","date_gmt":"2006-12-11T02:02:33","guid":{"rendered":""},"modified":"2025-01-06T22:14:43","modified_gmt":"2025-01-06T20:14:43","slug":"about","status":"publish","type":"page","link":"https:\/\/lhg-bw.de\/stuttgart\/about\/","title":{"rendered":"\u00dcber uns"},"content":{"rendered":"<div id=\"dslc-theme-content\"><div id=\"dslc-theme-content-inner\"><h2>Bei der Liberalen Hochschulgruppe Stuttgart engagieren sich unabh\u00e4ngige und liberale Studenten, die sich gemeinsam f\u00fcr die Idee des Liberalismus einsetzen<\/h2>\n<p><strong>Die <a href=\"http:\/\/www.lhg-bw.de\">Liberalen Hochschulgruppen Baden-W\u00fcrttemberg (LHG-BW)<\/a> verstehen sich als Interessenvertretung der Studenten an den Hochschulen und in der Gesellschaft.<\/strong> Basis der Arbeit der Liberalen Hochschulgruppen ist die <em>Autonomie der Mitgliedsgruppen an den Hochschulen<\/em>. Zur Durchf\u00fchrung ihrer Aufgaben sieht die LHG die <em>Mitarbeit in den Gremien der akademischen und studentischen Selbstverwaltung<\/em> als unverzichtbar an. Zur Erf\u00fcllung ihrer Aufgaben arbeitet die LHG mit anderen Gruppen, Verb\u00e4nden und Institutionen zusammen.<\/p>\n<p><strong>Der <a href=\"http:\/\/www.lhg-bw.de\">Landesverband Liberaler Hochschulgruppen<\/a> hat es sich zum Ziel gesetzt, die Arbeit der einzelnen LHGs vor Ort optimal zu unterst\u00fctzen.<\/strong> Zweck des Landesverbands ist die <em>F\u00f6rderung der Studentenhilfe<\/em>. Dazu geh\u00f6rt die Bereitstellung von <em>Informations- und Werbematerial<\/em> sowie die <em>Durchf\u00fchrung von mehrt\u00e4gigen Seminaren<\/em> zu hochschulbezogenen Themenstellungen. Au\u00dferdem ist die <a href=\"http:\/\/www.lhg-bw.de\">Internetseite des Landesverbands<\/a> erste Anlaufstelle f\u00fcr interessierte Studenten, um den Kontakt zu ihrer lokalen LHG zu erleichtern. Durch die Vernetzung der einzelnen Gruppen entsteht ein <em>Forum zum Kennenlernen<\/em>, <em>Spa\u00df haben<\/em>, zum <em>Erfahrungsaustausch<\/em> und nat\u00fcrlich zur <em>Diskussion \u00fcber liberale Hochschulpolitik<\/em>, zur <em>gemeinsamen programmatischen Arbeit zur Erarbeitung von hochschulpolitischen Reformvorschl\u00e4gen<\/em>, die der \u00f6ffentlichen Diskussion zugef\u00fchrt werden und diese bereichern sollen und zur <em>F\u00f6rderung der aktiven Beteiligung der Studierenden an der Hochschulpolitik<\/em>.<\/p>\n<h2>Warum Liberalismus an der Hochschule?<\/h2>\n<p><strong>Die Grundlagen liberaler Politik stellen das Individuum in den Mittelpunkt.<\/strong> Der Staat sollte so wenig wie m\u00f6glich durch Reglementierungen in das Leben jedes Einzelnen eingreifen. Seine Aufgabe ist es stattdessen, die B\u00fcrger- und Freiheitsrechte zu sichern. Damit die B\u00fcrgerrechte nicht nur auf dem Papier existieren, hat der Staat zudem die Aufgabe, daf\u00fcr zu sorgen, dass der B\u00fcrger seine potentiellen M\u00f6glichkeiten auch wahrnehmen kann. Dazu geh\u00f6rt sowohl eine Angleichung der Startchancen als auch soziale Verantwortung. Liberale Politik ist traditionell aufs Engste mit Bildungspolitik verkn\u00fcpft.<\/p>\n<p><strong>Das Ziel der Bildung f\u00fcr alle und Humboldts Ideal von freier Forschung und Lehre reichen bis in die heutige Zeit und haben die deutsche Hochschullandschaft entscheidend gepr\u00e4gt.<\/strong> Auf der anderen Seite stellt gerade Bildung eine Vorraussetzung f\u00fcr liberale Politik dar. Diese versetzt den Menschen in die Lage, sein Tun, seine Herkunft und seine Umwelt kritisch zu reflektieren und seine Verantwortung zu erkennen. Erst auf diese Weise entsteht eine pluralistische Gesellschaft voller Meinungsvielfalt, die f\u00fcr die Erhaltung unserer Demokratie so wichtig ist. Im Sinne einer solcherma\u00dfen verstandenen liberalen Politik haben sich in der LHG Studierende zusammengeschlossen, die sich den unterschiedlichsten politischen Parteien zuordnen. <strong>Gemeinsam ist uns allen das Interesse an der Bewahrung und dem Ausbau der einzigartigen Freiheit an den deutschen Hochschulen.<\/strong><\/p>\n<p><a title=\"Hochschulpolitik? Aber bitte mit Hirn!\" href=\"http:\/\/lhg-bw.de\/stuttgart\/files\/2009\/04\/plakat_stuttgart1.jpg\"><img decoding=\"async\" src=\"http:\/\/lhg-bw.de\/stuttgart\/files\/2009\/04\/plakat_stuttgart1.jpg\" alt=\"Hochschulpolitik? Aber bitte mit Hirn!\" width=\"650\" \/><\/a><\/p>\n<\/div><\/div>","protected":false},"excerpt":{"rendered":"<p>Bei der Liberalen Hochschulgruppe Stuttgart engagieren sich unabh\u00e4ngige und liberale Studenten, die sich gemeinsam f\u00fcr die Idee des Liberalismus einsetzen Die Liberalen Hochschulgruppen Baden-W\u00fcrttemberg (LHG-BW) verstehen sich als Interessenvertretung der Studenten an den Hochschulen und in der Gesellschaft. Basis der Arbeit der Liberalen Hochschulgruppen ist die Autonomie der Mitgliedsgruppen an den Hochschulen. Zur Durchf\u00fchrung ihrer [&hellip;]<\/p>\n","protected":false},"author":3,"featured_media":0,"parent":0,"menu_order":2,"comment_status":"closed","ping_status":"open","template":"","meta":{"footnotes":""},"class_list":["post-2","page","type-page","status-publish","hentry"],"_links":{"self":[{"href":"https:\/\/lhg-bw.de\/stuttgart\/wp-json\/wp\/v2\/pages\/2","targetHints":{"allow":["GET"]}}],"collection":[{"href":"https:\/\/lhg-bw.de\/stuttgart\/wp-json\/wp\/v2\/pages"}],"about":[{"href":"https:\/\/lhg-bw.de\/stuttgart\/wp-json\/wp\/v2\/types\/page"}],"author":[{"embeddable":true,"href":"https:\/\/lhg-bw.de\/stuttgart\/wp-json\/wp\/v2\/users\/3"}],"replies":[{"embeddable":true,"href":"https:\/\/lhg-bw.de\/stuttgart\/wp-json\/wp\/v2\/comments?post=2"}],"version-history":[{"count":5,"href":"https:\/\/lhg-bw.de\/stuttgart\/wp-json\/wp\/v2\/pages\/2\/revisions"}],"predecessor-version":[{"id":2778,"href":"https:\/\/lhg-bw.de\/stuttgart\/wp-json\/wp\/v2\/pages\/2\/revisions\/2778"}],"wp:attachment":[{"href":"https:\/\/lhg-bw.de\/stuttgart\/wp-json\/wp\/v2\/media?parent=2"}],"curies":[{"name":"wp","href":"https:\/\/api.w.org\/{rel}","templated":true}]}}