{"id":108,"date":"2010-05-19T20:51:46","date_gmt":"2010-05-19T19:51:46","guid":{"rendered":"http:\/\/lhg-bw.de\/tuebingen\/stocherkahn-grillfest\/"},"modified":"2023-10-24T10:45:11","modified_gmt":"2023-10-24T09:45:11","slug":"fotos","status":"publish","type":"page","link":"https:\/\/lhg-bw.de\/tuebingen\/aktuelles\/fotos\/","title":{"rendered":"Fotos"},"content":{"rendered":"<div id=\"dslc-theme-content\"><div id=\"dslc-theme-content-inner\"><p>&nbsp;<\/p>\n<div id=\"attachment_1197\" style=\"width: 594px\" class=\"wp-caption aligncenter\"><a href=\"http:\/\/lhg-bw.de\/tuebingen\/files\/2017\/07\/Gruppenbild-LHG-Lindner-2017.jpg\"><img decoding=\"async\" aria-describedby=\"caption-attachment-1197\" class=\"size-large wp-image-1197\" src=\"http:\/\/lhg-bw.de\/tuebingen\/files\/2017\/07\/Gruppenbild-LHG-Lindner-2017-1024x682.jpg\" alt=\"\" width=\"584\" height=\"389\" srcset=\"https:\/\/lhg-bw.de\/tuebingen\/files\/2017\/07\/Gruppenbild-LHG-Lindner-2017-1024x682.jpg 1024w, https:\/\/lhg-bw.de\/tuebingen\/files\/2017\/07\/Gruppenbild-LHG-Lindner-2017-300x200.jpg 300w, https:\/\/lhg-bw.de\/tuebingen\/files\/2017\/07\/Gruppenbild-LHG-Lindner-2017-768x512.jpg 768w, https:\/\/lhg-bw.de\/tuebingen\/files\/2017\/07\/Gruppenbild-LHG-Lindner-2017-450x300.jpg 450w, https:\/\/lhg-bw.de\/tuebingen\/files\/2017\/07\/Gruppenbild-LHG-Lindner-2017.jpg 1280w\" sizes=\"(max-width: 584px) 100vw, 584px\" \/><\/a><p id=\"caption-attachment-1197\" class=\"wp-caption-text\">LHG T\u00fcbingen mit Christian Lindner im Juli 2017<\/p><\/div>\n<div id=\"attachment_1191\" style=\"width: 594px\" class=\"wp-caption aligncenter\"><a href=\"http:\/\/lhg-bw.de\/tuebingen\/files\/2010\/05\/20170531-161258_T\u00fcbingen_LHG-3-e1500728466876.jpg\"><img decoding=\"async\" aria-describedby=\"caption-attachment-1191\" class=\"size-large wp-image-1191\" src=\"http:\/\/lhg-bw.de\/tuebingen\/files\/2010\/05\/20170531-161258_T\u00fcbingen_LHG-3-e1500728466876-867x1024.jpg\" alt=\"\" width=\"584\" height=\"690\" srcset=\"https:\/\/lhg-bw.de\/tuebingen\/files\/2010\/05\/20170531-161258_T\u00fcbingen_LHG-3-e1500728466876-867x1024.jpg 867w, https:\/\/lhg-bw.de\/tuebingen\/files\/2010\/05\/20170531-161258_T\u00fcbingen_LHG-3-e1500728466876-254x300.jpg 254w, https:\/\/lhg-bw.de\/tuebingen\/files\/2010\/05\/20170531-161258_T\u00fcbingen_LHG-3-e1500728466876-768x907.jpg 768w, https:\/\/lhg-bw.de\/tuebingen\/files\/2010\/05\/20170531-161258_T\u00fcbingen_LHG-3-e1500728466876.jpg 1274w\" sizes=\"(max-width: 584px) 100vw, 584px\" \/><\/a><p id=\"caption-attachment-1191\" class=\"wp-caption-text\">LHG Gruppenbild Ende Mai 2017<\/p><\/div>\n<div id=\"attachment_1050\" style=\"width: 594px\" class=\"wp-caption aligncenter\"><a href=\"http:\/\/lhg-bw.de\/tuebingen\/files\/2017\/02\/Gruppe-2017-neutral.jpg\"><img decoding=\"async\" aria-describedby=\"caption-attachment-1050\" class=\"size-large wp-image-1050\" src=\"http:\/\/lhg-bw.de\/tuebingen\/files\/2017\/02\/Gruppe-2017-neutral-1024x737.jpg\" alt=\"\" width=\"584\" height=\"420\" srcset=\"https:\/\/lhg-bw.de\/tuebingen\/files\/2017\/02\/Gruppe-2017-neutral-1024x737.jpg 1024w, https:\/\/lhg-bw.de\/tuebingen\/files\/2017\/02\/Gruppe-2017-neutral-300x216.jpg 300w, https:\/\/lhg-bw.de\/tuebingen\/files\/2017\/02\/Gruppe-2017-neutral-768x553.jpg 768w, https:\/\/lhg-bw.de\/tuebingen\/files\/2017\/02\/Gruppe-2017-neutral-417x300.jpg 417w\" sizes=\"(max-width: 584px) 100vw, 584px\" \/><\/a><p id=\"caption-attachment-1050\" class=\"wp-caption-text\">Gruppenfoto der LHG T\u00fcbingen im Januar 2017.<\/p><\/div>\n<div id=\"attachment_1013\" style=\"width: 476px\" class=\"wp-caption aligncenter\"><a href=\"http:\/\/lhg-bw.de\/tuebingen\/files\/2017\/01\/Timm-Kern-2017-e1484931564330.jpg\"><img decoding=\"async\" aria-describedby=\"caption-attachment-1013\" class=\" wp-image-1013\" src=\"http:\/\/lhg-bw.de\/tuebingen\/files\/2017\/01\/Timm-Kern-2017-e1484931564330.jpg\" alt=\"\" width=\"466\" height=\"322\" \/><\/a><p id=\"caption-attachment-1013\" class=\"wp-caption-text\">LHG T\u00fcbingen und LHG Stuttgart zu Besuch im Landtag beim MdL Timm Kern.<\/p><\/div>\n<div id=\"attachment_973\" style=\"width: 385px\" class=\"wp-caption aligncenter\"><a href=\"http:\/\/lhg-bw.de\/tuebingen\/files\/2016\/11\/14947680_1162764547149010_5721273935530398647_n.jpg\"><img decoding=\"async\" aria-describedby=\"caption-attachment-973\" class=\" wp-image-973\" src=\"http:\/\/lhg-bw.de\/tuebingen\/files\/2016\/11\/14947680_1162764547149010_5721273935530398647_n.jpg\" alt=\"\" width=\"375\" height=\"215\" \/><\/a><p id=\"caption-attachment-973\" class=\"wp-caption-text\">Diskussionveranstaltung am Tag nach der Trump-Wahl.<\/p><\/div>\n<div id=\"attachment_944\" style=\"width: 461px\" class=\"wp-caption aligncenter\"><a href=\"http:\/\/lhg-bw.de\/tuebingen\/files\/2016\/10\/IMG_20161020_194935.jpg\"><img decoding=\"async\" aria-describedby=\"caption-attachment-944\" class=\" wp-image-944\" src=\"http:\/\/lhg-bw.de\/tuebingen\/files\/2016\/10\/IMG_20161020_194935-1024x768.jpg\" alt=\"\" width=\"451\" height=\"341\" \/><\/a><p id=\"caption-attachment-944\" class=\"wp-caption-text\">LHG T\u00fcbingen beim Dies Universtitatis 2016.<\/p><\/div>\n<div id=\"attachment_838\" style=\"width: 970px\" class=\"wp-caption aligncenter\"><a href=\"http:\/\/lhg-bw.de\/tuebingen\/files\/2016\/02\/LHG-T\u00fc-Lindner-29.01.161.jpg\"><img decoding=\"async\" aria-describedby=\"caption-attachment-838\" class=\"size-full wp-image-838\" src=\"http:\/\/lhg-bw.de\/tuebingen\/files\/2016\/02\/LHG-T\u00fc-Lindner-29.01.161.jpg\" alt=\"\" width=\"960\" height=\"540\" srcset=\"https:\/\/lhg-bw.de\/tuebingen\/files\/2016\/02\/LHG-T\u00fc-Lindner-29.01.161.jpg 960w, https:\/\/lhg-bw.de\/tuebingen\/files\/2016\/02\/LHG-T\u00fc-Lindner-29.01.161-300x169.jpg 300w, https:\/\/lhg-bw.de\/tuebingen\/files\/2016\/02\/LHG-T\u00fc-Lindner-29.01.161-500x281.jpg 500w\" sizes=\"(max-width: 960px) 100vw, 960px\" \/><\/a><p id=\"caption-attachment-838\" class=\"wp-caption-text\">Christian Lindner zu Besuch in T\u00fcbingen Ende Januar 2016.<\/p><\/div>\n<div id=\"attachment_811\" style=\"width: 970px\" class=\"wp-caption aligncenter\"><a href=\"http:\/\/lhg-bw.de\/tuebingen\/files\/2016\/01\/12410529_947824365309697_971775006609712799_n.jpg\" rel=\"attachment wp-att-811\"><img decoding=\"async\" aria-describedby=\"caption-attachment-811\" class=\"wp-image-811 size-full\" src=\"http:\/\/lhg-bw.de\/tuebingen\/files\/2016\/01\/12410529_947824365309697_971775006609712799_n.jpg\" width=\"960\" height=\"720\" srcset=\"https:\/\/lhg-bw.de\/tuebingen\/files\/2016\/01\/12410529_947824365309697_971775006609712799_n.jpg 960w, https:\/\/lhg-bw.de\/tuebingen\/files\/2016\/01\/12410529_947824365309697_971775006609712799_n-300x225.jpg 300w, https:\/\/lhg-bw.de\/tuebingen\/files\/2016\/01\/12410529_947824365309697_971775006609712799_n-400x300.jpg 400w\" sizes=\"(max-width: 960px) 100vw, 960px\" \/><\/a><p id=\"caption-attachment-811\" class=\"wp-caption-text\">Die LHG bei einem ihrer Treffen im Januar 2016.<\/p><\/div>\n<div id=\"attachment_798\" style=\"width: 597px\" class=\"wp-caption aligncenter\"><a href=\"http:\/\/lhg-bw.de\/tuebingen\/files\/2015\/11\/Europaparlament-2015.jpg\"><img decoding=\"async\" aria-describedby=\"caption-attachment-798\" class=\"wp-image-798 \" src=\"http:\/\/lhg-bw.de\/tuebingen\/files\/2015\/11\/Europaparlament-2015.jpg\" width=\"587\" height=\"336\" \/><\/a><p id=\"caption-attachment-798\" class=\"wp-caption-text\">Die LHG zu Gast beim Europ\u00e4ischen Parlament in Stra\u00dfburg.<\/p><\/div>\n<div id=\"attachment_852\" style=\"width: 310px\" class=\"wp-caption aligncenter\"><a href=\"http:\/\/lhg-bw.de\/tuebingen\/files\/2010\/05\/12079600_902000233225444_5233591183943982893_n.jpg\" rel=\"attachment wp-att-852\"><img decoding=\"async\" aria-describedby=\"caption-attachment-852\" class=\"wp-image-852 size-medium\" src=\"http:\/\/lhg-bw.de\/tuebingen\/files\/2010\/05\/12079600_902000233225444_5233591183943982893_n-300x225.jpg\" alt=\"12079600_902000233225444_5233591183943982893_n\" width=\"300\" height=\"225\" srcset=\"https:\/\/lhg-bw.de\/tuebingen\/files\/2010\/05\/12079600_902000233225444_5233591183943982893_n-300x225.jpg 300w, https:\/\/lhg-bw.de\/tuebingen\/files\/2010\/05\/12079600_902000233225444_5233591183943982893_n-768x576.jpg 768w, https:\/\/lhg-bw.de\/tuebingen\/files\/2010\/05\/12079600_902000233225444_5233591183943982893_n-400x300.jpg 400w, https:\/\/lhg-bw.de\/tuebingen\/files\/2010\/05\/12079600_902000233225444_5233591183943982893_n.jpg 960w\" sizes=\"(max-width: 300px) 100vw, 300px\" \/><\/a><p id=\"caption-attachment-852\" class=\"wp-caption-text\">Die LHG T\u00fcbingen mit ihrem Stand beim Dies Universitatis im Jahr 2015.<\/p><\/div>\n<div id=\"attachment_851\" style=\"width: 970px\" class=\"wp-caption aligncenter\"><a href=\"http:\/\/lhg-bw.de\/tuebingen\/files\/2010\/05\/12033155_895564383869029_4876280689950368198_n.jpg\"><img decoding=\"async\" aria-describedby=\"caption-attachment-851\" class=\"size-full wp-image-851\" src=\"http:\/\/lhg-bw.de\/tuebingen\/files\/2010\/05\/12033155_895564383869029_4876280689950368198_n.jpg\" alt=\"\" width=\"960\" height=\"717\" srcset=\"https:\/\/lhg-bw.de\/tuebingen\/files\/2010\/05\/12033155_895564383869029_4876280689950368198_n.jpg 960w, https:\/\/lhg-bw.de\/tuebingen\/files\/2010\/05\/12033155_895564383869029_4876280689950368198_n-300x224.jpg 300w, https:\/\/lhg-bw.de\/tuebingen\/files\/2010\/05\/12033155_895564383869029_4876280689950368198_n-768x574.jpg 768w, https:\/\/lhg-bw.de\/tuebingen\/files\/2010\/05\/12033155_895564383869029_4876280689950368198_n-402x300.jpg 402w\" sizes=\"(max-width: 960px) 100vw, 960px\" \/><\/a><p id=\"caption-attachment-851\" class=\"wp-caption-text\">Sophia und Tilman haben im September 2015 Spenden eingesammelt und zum Roten Kreuz nach T\u00fcbingen gebracht. Damit soll vor allem Fl\u00fcchtlingen geholfen werden.<\/p><\/div>\n<div id=\"attachment_513\" style=\"width: 513px\" class=\"wp-caption aligncenter\"><a href=\"http:\/\/lhg-bw.de\/tuebingen\/files\/2014\/10\/DSC_3111.jpg\"><img decoding=\"async\" aria-describedby=\"caption-attachment-513\" class=\" wp-image-513\" src=\"http:\/\/lhg-bw.de\/tuebingen\/files\/2014\/10\/DSC_3111-1024x575.jpg\" alt=\"\" width=\"503\" height=\"288\" \/><\/a><p id=\"caption-attachment-513\" class=\"wp-caption-text\">Die LHG T\u00fcbingen beim Dies Universitatis 2014.<\/p><\/div>\n<div id=\"attachment_584\" style=\"width: 3930px\" class=\"wp-caption aligncenter\"><a href=\"http:\/\/lhg-bw.de\/tuebingen\/files\/2014\/11\/DSC_2883.jpg\" rel=\"attachment wp-att-584\"><img decoding=\"async\" aria-describedby=\"caption-attachment-584\" class=\"wp-image-584 size-full\" src=\"http:\/\/lhg-bw.de\/tuebingen\/files\/2014\/11\/DSC_2883.jpg\" alt=\"DSC_2883\" width=\"3920\" height=\"2204\" \/><\/a><p id=\"caption-attachment-584\" class=\"wp-caption-text\">Die LHG T\u00fcbingen zusammen mit dem RCDS im Jahr 2014 beim Flyern w\u00e4hrend der Demonstration gegen die K\u00fcrzung der Mittel im Hochschulsektor.<\/p><\/div>\n<p>&nbsp;<\/p>\n<p>&nbsp;<\/p>\n<\/div><\/div>","protected":false},"excerpt":{"rendered":"<p>&nbsp; &nbsp; &nbsp;<\/p>\n","protected":false},"author":306,"featured_media":0,"parent":89,"menu_order":4,"comment_status":"open","ping_status":"closed","template":"","meta":{"footnotes":""},"class_list":["post-108","page","type-page","status-publish","hentry"],"_links":{"self":[{"href":"https:\/\/lhg-bw.de\/tuebingen\/wp-json\/wp\/v2\/pages\/108","targetHints":{"allow":["GET"]}}],"collection":[{"href":"https:\/\/lhg-bw.de\/tuebingen\/wp-json\/wp\/v2\/pages"}],"about":[{"href":"https:\/\/lhg-bw.de\/tuebingen\/wp-json\/wp\/v2\/types\/page"}],"author":[{"embeddable":true,"href":"https:\/\/lhg-bw.de\/tuebingen\/wp-json\/wp\/v2\/users\/306"}],"replies":[{"embeddable":true,"href":"https:\/\/lhg-bw.de\/tuebingen\/wp-json\/wp\/v2\/comments?post=108"}],"version-history":[{"count":10,"href":"https:\/\/lhg-bw.de\/tuebingen\/wp-json\/wp\/v2\/pages\/108\/revisions"}],"predecessor-version":[{"id":3425,"href":"https:\/\/lhg-bw.de\/tuebingen\/wp-json\/wp\/v2\/pages\/108\/revisions\/3425"}],"up":[{"embeddable":true,"href":"https:\/\/lhg-bw.de\/tuebingen\/wp-json\/wp\/v2\/pages\/89"}],"wp:attachment":[{"href":"https:\/\/lhg-bw.de\/tuebingen\/wp-json\/wp\/v2\/media?parent=108"}],"curies":[{"name":"wp","href":"https:\/\/api.w.org\/{rel}","templated":true}]}}