{"id":17,"date":"2007-06-26T20:09:05","date_gmt":"2007-06-26T19:09:05","guid":{"rendered":"http:\/\/lhg-bw.de\/tuebingen\/spenden\/"},"modified":"2014-08-01T23:47:48","modified_gmt":"2014-08-01T22:47:48","slug":"spenden","status":"publish","type":"page","link":"https:\/\/lhg-bw.de\/tuebingen\/spenden\/","title":{"rendered":"Spenden"},"content":{"rendered":"<div id=\"dslc-theme-content\"><div id=\"dslc-theme-content-inner\"><p align=\"center\"><img decoding=\"async\" alt=\"Marx\" src=\"http:\/\/lhg-bw.de\/files\/2008\/06\/marx.jpg\" width=\"180\" align=\"left\" \/><strong>Sie wollen, dass nicht nur<\/strong><strong> <span style=\"color: #ff0000;font-family: 'Comic Sans MS'\">ROTE<\/span> und <span style=\"color: #00ff00;font-family: 'Comic Sans MS'\">GR\u00dcNE<\/span> Akademiker die Hochschulen unseres Landes verlassen?<\/strong><\/p>\n<p align=\"center\"><strong>Sie wollen liberale Hochschulpolitik?<\/strong><\/p>\n<p align=\"center\"><strong>Sie wollen die Arbeit der LHG T\u00fcbingen bei der Durchf\u00fchrung ihrer Projekte unterst\u00fctzen?<\/strong><\/p>\n<p align=\"center\"><strong>Dann spenden Sie.<br \/>\n<\/strong><\/p>\n<p align=\"left\">Mit Ihrer Spende unterst\u00fctzen Sie den Einsatz der LHG an der Uni T\u00fcbingen und unsere soziale Serviceleistung f\u00fcr unsere Kommilitonen. Ihre Unterst\u00fctzung zeigt uns auch, dass sich dieser Einsatz lohnt und auch au\u00dferhalb der Hochschulen wahrgenommen und honoriert wird. Daf\u00fcr danken wir Ihnen sehr herzlich.<\/p>\n<p><em><strong>Spendenkonto:<\/strong><\/em><br \/>\nKontoinhaber: F\u00f6rderverein der LHG-BW e.V.<br \/>\nKontonummer: 10040507<br \/>\nBankleitzahl: 66190000<br \/>\nBankhaus: Volksbank Karlsruhe<\/p>\n<p><em><strong>Kontoangaben nach neuem S\u20acPA-Standard:<\/strong><\/em><br \/>\nIBAN: DE74 6619 0000 0010 0405 07<br \/>\nBIC: GENODE61KA1<\/p>\n<p><em><strong>Verwendungszweck:<\/strong><\/em><br \/>\nLHG T\u00fcbingen<\/p>\n<p>Die Servicearbeit des Landesverbands Liberaler Hochschulgruppen Baden-W\u00fcrttemberg (LHG-BW) wird gr\u00f6\u00dftenteils vom <strong>F\u00f6rderverein der LHG-BW e.V.<\/strong> geleistet. Der F\u00f6rderverein ist ein gemeinn\u00fctziger Verein im Sinne der <a href=\"http:\/\/www.bundesrecht.juris.de\/ao_1977\/__51.html\" target=\"_blank\">\u00a7\u00a7 51 ff. AO<\/a> und finanziert sich vorwiegend aus Spenden.<\/p>\n<p>Der <strong>F\u00f6rderverein der LHG-BW e.V.<\/strong> unterst\u00fctzt die Arbeit des LHG-Landesverbands und der Hochschulgruppen vor Ort in Baden-W\u00fcrttemberg. Er ist eingetragen im Vereinsregister des Amtsgerichts Mannheim unter Nr. VR 103052.<\/p>\n<p>Wir sind wegen F\u00f6rderung der Studentenhilfe von der K\u00f6rperschaftssteuer befreit (als ausschlie\u00dflich und unmittelbar <strong>gemeinn\u00fctzigen Zwecken<\/strong> dienend anerkannt). Spenden an unseren Verein k\u00f6nnen daher im Sinne des <a href=\"http:\/\/www.gesetze-im-internet.de\/estg\/__10b.html\" target=\"_blank\">\u00a710b des Einkommensteuergesetzes<\/a> <strong>von der Steuer abgesetzt<\/strong> werden.<\/p>\n<p>Bitte denken Sie daran, uns Ihre Adresse f\u00fcr die Zusendung der Spendenbescheinigung mitzuteilen. Dies geht beispielsweise per E-Mail an schatzmeister(\u00e4t)lhg-bw.de oder im Verwendungszweck Ihrer \u00dcberweisung (beim Online-Banking k\u00f6nnen Sie bei vielen Banken zus\u00e4tzliche Zeilen hinzuf\u00fcgen, wenn der Platz nicht reicht).<\/p>\n<\/div><\/div>","protected":false},"excerpt":{"rendered":"<p>Sie wollen, dass nicht nur ROTE und GR\u00dcNE Akademiker die Hochschulen unseres Landes verlassen? Sie wollen liberale Hochschulpolitik? Sie wollen die Arbeit der LHG T\u00fcbingen bei der Durchf\u00fchrung ihrer Projekte unterst\u00fctzen? Dann spenden Sie. Mit Ihrer Spende unterst\u00fctzen Sie den Einsatz der LHG an der Uni T\u00fcbingen und unsere soziale Serviceleistung f\u00fcr unsere Kommilitonen. Ihre [&hellip;]<\/p>\n","protected":false},"author":306,"featured_media":0,"parent":0,"menu_order":6,"comment_status":"closed","ping_status":"open","template":"","meta":{"footnotes":""},"class_list":["post-17","page","type-page","status-publish","hentry"],"_links":{"self":[{"href":"https:\/\/lhg-bw.de\/tuebingen\/wp-json\/wp\/v2\/pages\/17","targetHints":{"allow":["GET"]}}],"collection":[{"href":"https:\/\/lhg-bw.de\/tuebingen\/wp-json\/wp\/v2\/pages"}],"about":[{"href":"https:\/\/lhg-bw.de\/tuebingen\/wp-json\/wp\/v2\/types\/page"}],"author":[{"embeddable":true,"href":"https:\/\/lhg-bw.de\/tuebingen\/wp-json\/wp\/v2\/users\/306"}],"replies":[{"embeddable":true,"href":"https:\/\/lhg-bw.de\/tuebingen\/wp-json\/wp\/v2\/comments?post=17"}],"version-history":[{"count":2,"href":"https:\/\/lhg-bw.de\/tuebingen\/wp-json\/wp\/v2\/pages\/17\/revisions"}],"predecessor-version":[{"id":450,"href":"https:\/\/lhg-bw.de\/tuebingen\/wp-json\/wp\/v2\/pages\/17\/revisions\/450"}],"wp:attachment":[{"href":"https:\/\/lhg-bw.de\/tuebingen\/wp-json\/wp\/v2\/media?parent=17"}],"curies":[{"name":"wp","href":"https:\/\/api.w.org\/{rel}","templated":true}]}}