{"id":367,"date":"2014-06-12T00:44:06","date_gmt":"2014-06-11T23:44:06","guid":{"rendered":"http:\/\/lhg-bw.de\/tuebingen\/?page_id=367"},"modified":"2021-02-18T19:49:36","modified_gmt":"2021-02-18T18:49:36","slug":"wie-funktioniert-die-uni-wahl","status":"publish","type":"page","link":"https:\/\/lhg-bw.de\/tuebingen\/wie-funktioniert-die-uni-wahl\/","title":{"rendered":"Wie funktioniert die Uni-Wahl?"},"content":{"rendered":"<div id=\"dslc-theme-content\"><div id=\"dslc-theme-content-inner\"><p style=\"text-align: justify\">Jedes Jahr gegen Ende Juni \/ Anfang Juli sind Uni-Wahlen in T\u00fcbingen. Dabei werden verschiedenste Gremien neu gew\u00e4hlt. Besonders wichtig dabei sind der <strong>Senat<\/strong> und der <strong>Studierendenrat<\/strong>:<\/p>\n<p style=\"text-align: justify\"><strong>Der Senat<\/strong><\/p>\n<p style=\"text-align: justify\">Der Senat ist das h\u00f6chste beschlussfassende Gremium der Uni. Hier sitzen Vertreter von Professoren, Angestellten, Mittelbau, Rektorat und auch 4 studentische Vertreter. Der Senat entscheidet \u00fcber die &#8220;gro\u00dfen&#8221; Themen der Uni: Sollen Auslandssemester beurlaubbar sein? Wo will man k\u00fcnftig besonders investieren?<\/p>\n<p style=\"text-align: justify\">Weil f\u00fcr den Senat 4 studentische Vertreter gew\u00e4hlt werden, <strong>hat jeder Student 4 Stimmen.<\/strong> Es kandidieren unterschiedliche Listen mit bis zu 12 Kandidaten. Ihr k\u00f6nnt eure Stimmen mehreren Kandidaten einer Liste oder auch Kandidaten von mehreren Listen geben. Schlussendlich werden alle Stimmen, die eine Liste als Ganzes bekommen hat addiert und dann geschaut, wie viele Senatoren dieser Liste zustehen. Hat eine Liste bspw. genug Stimmen f\u00fcr 2 Senatorenpl\u00e4tze gesammelt, ziehen die beiden Kandidaten mit den meisten Stimmen von dieser Liste in den Senat ein.<\/p>\n<p style=\"text-align: justify\"><strong>Der Studierendenrat (StuRa)<\/strong><\/p>\n<p style=\"text-align: justify\">Der Studierendenrat ist das zentrale Organ der Studierendenvertretung. Er hat im wesentlichen 2 Aufgaben:<\/p>\n<p style=\"text-align: justify\">1. Er soll sich politisch \u00e4u\u00dfern und dabei die Interessen der Studenten vertreten. Das k\u00f6nnte er beispielsweise bei Themen wie &#8220;Wohnraummangel&#8221;, &#8220;Mensaneubau&#8221; oder allem anderem tun, was euch wichtig ist.<\/p>\n<p style=\"text-align: justify\">2. Er f\u00f6rdert bzw. finanziert \u00fcber Semesterbeitr\u00e4ge, die er von jedem Studenten erhebt, Fachschaften, Hochschulgruppen und verschiedene Projekte.<\/p>\n<p style=\"text-align: justify\">Im Studierendenrat sitzen insgesamt 21 Abgeordnete verschiedener Fraktionen. Davon sind 4 die studentischen Senatoren und 17 direkt gew\u00e4hlt.\u00a0<strong>Weil f\u00fcr den Studierendenrat 17\u00a0studentische Vertreter gew\u00e4hlt werden, hat jeder Student 17 Stimmen.<\/strong> Es kandidieren unterschiedliche Listen mit bis zu 20 Kandidaten. Ihr k\u00f6nnt eure Stimmen mehreren Kandidaten einer Liste oder auch Kandidaten von mehreren Listen geben. Schlussendlich werden alle Stimmen, die eine Liste als Ganzes bekommen hat, addiert und dann geschaut, wie viele Abgeordnete\u00a0dieser Liste zustehen. Hat eine Liste bspw. genug Stimmen f\u00fcr 3 Abgeordnete im StuRa\u00a0gesammelt, ziehen die 3\u00a0Kandidaten mit den meisten Stimmen von dieser Liste in den StuRa\u00a0ein.<\/p>\n<p style=\"text-align: justify\"><strong>Wo und wann kann man w\u00e4hlen?<\/strong><\/p>\n<p style=\"text-align: justify\">Wo ihr w\u00e4hlen k\u00f6nnt, h\u00e4ngt davon ab, was ihr studiert (siehe unten).<\/p>\n<p style=\"text-align: justify\"><strong>Die Wahllokale haben Dienstag\u00a0(03. Juli) und Mittwoch (04. Juli) jeweils von 9 &#8211; 17 Uhr ge\u00f6ffnet:<\/strong><\/p>\n<p style=\"text-align: justify\">Evangelisch-Theologische Fakult\u00e4t (1), Katholisch-Theologische Fakult\u00e4t (2), Juristische Fakult\u00e4t (3), Wirtschafts- und Sozialwissenschaftliche Fakult\u00e4t (6), Mathematisch-Naturwissenschaftliche Fakult\u00e4t (7) \u2013 nur Geowissenschaften und Psychologie, Zentrum f\u00fcr Islamische Theologie<br \/>\n=&gt; H\u00f6rsaalgeb\u00e4ude Kupferbau, Foyer<\/p>\n<p style=\"text-align: justify\">Philosophische Fakult\u00e4t (5)<br \/>\n=&gt; Neuphilologie (Brechtbau), Eingangshalle<\/p>\n<p style=\"text-align: justify\">Mathematisch-Naturwissenschaftliche Fakult\u00e4t (7) &#8211; Biologie, Chemie, Informatik, Mathematik, Pharmazie und Biochemie, Physik<br \/>\n=&gt; H\u00f6rsaalzentrum \u00a0Morgenstelle, Foyer<\/p>\n<p style=\"text-align: justify\">Medizinische Fakult\u00e4t (4): alle Studieng\u00e4nge<br \/>\n=&gt; Crona Kliniken, Eingangshalle<\/p>\n<\/div><\/div>","protected":false},"excerpt":{"rendered":"<p>Jedes Jahr gegen Ende Juni \/ Anfang Juli sind Uni-Wahlen in T\u00fcbingen. Dabei werden verschiedenste Gremien neu gew\u00e4hlt. Besonders wichtig dabei sind der Senat und der Studierendenrat: Der Senat Der Senat ist das h\u00f6chste beschlussfassende Gremium der Uni. Hier sitzen Vertreter von Professoren, Angestellten, Mittelbau, Rektorat und auch 4 studentische Vertreter. Der Senat entscheidet \u00fcber [&hellip;]<\/p>\n","protected":false},"author":306,"featured_media":0,"parent":0,"menu_order":1,"comment_status":"open","ping_status":"closed","template":"","meta":{"footnotes":""},"class_list":["post-367","page","type-page","status-publish","hentry"],"_links":{"self":[{"href":"https:\/\/lhg-bw.de\/tuebingen\/wp-json\/wp\/v2\/pages\/367","targetHints":{"allow":["GET"]}}],"collection":[{"href":"https:\/\/lhg-bw.de\/tuebingen\/wp-json\/wp\/v2\/pages"}],"about":[{"href":"https:\/\/lhg-bw.de\/tuebingen\/wp-json\/wp\/v2\/types\/page"}],"author":[{"embeddable":true,"href":"https:\/\/lhg-bw.de\/tuebingen\/wp-json\/wp\/v2\/users\/306"}],"replies":[{"embeddable":true,"href":"https:\/\/lhg-bw.de\/tuebingen\/wp-json\/wp\/v2\/comments?post=367"}],"version-history":[{"count":16,"href":"https:\/\/lhg-bw.de\/tuebingen\/wp-json\/wp\/v2\/pages\/367\/revisions"}],"predecessor-version":[{"id":1623,"href":"https:\/\/lhg-bw.de\/tuebingen\/wp-json\/wp\/v2\/pages\/367\/revisions\/1623"}],"wp:attachment":[{"href":"https:\/\/lhg-bw.de\/tuebingen\/wp-json\/wp\/v2\/media?parent=367"}],"curies":[{"name":"wp","href":"https:\/\/api.w.org\/{rel}","templated":true}]}}