{"id":453,"date":"2014-09-07T11:22:49","date_gmt":"2014-09-07T10:22:49","guid":{"rendered":"http:\/\/lhg-bw.de\/tuebingen\/?page_id=453"},"modified":"2024-01-04T07:03:48","modified_gmt":"2024-01-04T06:03:48","slug":"unsere-geschichte","status":"publish","type":"page","link":"https:\/\/lhg-bw.de\/tuebingen\/aktuelles\/unsere-geschichte\/","title":{"rendered":"Unsere Geschichte"},"content":{"rendered":"<div id=\"dslc-theme-content\"><div id=\"dslc-theme-content-inner\"><h3>Geschichte<\/h3>\n<p>Die LHG wurde am 17. Dezember 1987 in K\u00f6ln von ca. 40 Hochschulgruppen gegr\u00fcndet. Die Gr\u00fcndungsgruppen geh\u00f6rten zuvor verschiedenen liberalen Hochschulverb\u00e4nden (Sozialliberaler Hochschulverband &#8211; SLH, JuLi-Hochschulgruppen, Liberale Studenteninitiative &#8211; LSI) an oder waren unabh\u00e4ngig. Mit der Gr\u00fcndung gab es erstmals seit der Trennung des LSD von der FDP im Jahre 1969 wieder einen bundesweiten Dachverband f\u00fcr alle liberalen Studenten.<\/p>\n<p>&nbsp;<\/p>\n<h3>Heute<\/h3>\n<p>Der Bundesverband Liberaler Hochschulgruppen vertritt die Interessen seiner Mitgliedsgruppen an \u00fcber 60 Standorten gegen\u00fcber Politik und Gesellschaft. Basis der Arbeit der LHG ist die Autonomie der Mitgliedsgruppen an den Hochschulen. Zur Durchf\u00fchrung seiner Aufgaben sieht der LHG die Mitarbeit in den Gremien der akademischen und studentischen Selbstverwaltung, insbesondere auf Fachschaftsebene als unverzichtbar an.<\/p>\n<p>Im Zentrum der Politik der LHG steht der Einsatz f\u00fcr die gr\u00f6\u00dftm\u00f6gliche Freiheit jedes einzelnen Menschen, die ihre Grenzen in der Freiheit anderer findet. Der LHG wendet sich dagegen, dass individuelle Gestaltungsm\u00f6glichkeiten &#8211; gerade im Bereich von Hochschule und Studium &#8211; durch administrative Regelungen unn\u00f6tig eingeschr\u00e4nkt werden.<\/p>\n<p>&nbsp;<\/p>\n<h3>T\u00fcbingen<\/h3>\n<p>Nach einigen Aufs und Abs in der Vergangenheit gibt es nun schon seit mehreren Jahren wieder eine sehr aktive LHG an der Uni T\u00fcbingen. Mit einem harten Kern von etwa 30 Aktiven stellen wir uns bei den Wahlen zu den Gremien der Studentenvertretung (Studierendenrat und Senat) zur Wahl, bringen uns dort konstruktiv ein und gestalten so aktiv Hochschulpolitik mit. Dar\u00fcber hinaus organisieren wir in jedem Semester spannende Info- und Diskussionsveranstaltungen mit hochkar\u00e4tigen Referenten und haben viel Spa\u00df bei gemeinsamen Ausfl\u00fcgen, Grillabenden oder Stocherkahnfahrten.<\/p>\n<\/div><\/div>","protected":false},"excerpt":{"rendered":"<p>Geschichte Die LHG wurde am 17. Dezember 1987 in K\u00f6ln von ca. 40 Hochschulgruppen gegr\u00fcndet. Die Gr\u00fcndungsgruppen geh\u00f6rten zuvor verschiedenen liberalen Hochschulverb\u00e4nden (Sozialliberaler Hochschulverband &#8211; SLH, JuLi-Hochschulgruppen, Liberale Studenteninitiative &#8211; LSI) an oder waren unabh\u00e4ngig. Mit der Gr\u00fcndung gab es erstmals seit der Trennung des LSD von der FDP im Jahre 1969 wieder einen bundesweiten [&hellip;]<\/p>\n","protected":false},"author":306,"featured_media":0,"parent":89,"menu_order":3,"comment_status":"open","ping_status":"open","template":"","meta":{"footnotes":""},"class_list":["post-453","page","type-page","status-publish","hentry"],"_links":{"self":[{"href":"https:\/\/lhg-bw.de\/tuebingen\/wp-json\/wp\/v2\/pages\/453","targetHints":{"allow":["GET"]}}],"collection":[{"href":"https:\/\/lhg-bw.de\/tuebingen\/wp-json\/wp\/v2\/pages"}],"about":[{"href":"https:\/\/lhg-bw.de\/tuebingen\/wp-json\/wp\/v2\/types\/page"}],"author":[{"embeddable":true,"href":"https:\/\/lhg-bw.de\/tuebingen\/wp-json\/wp\/v2\/users\/306"}],"replies":[{"embeddable":true,"href":"https:\/\/lhg-bw.de\/tuebingen\/wp-json\/wp\/v2\/comments?post=453"}],"version-history":[{"count":5,"href":"https:\/\/lhg-bw.de\/tuebingen\/wp-json\/wp\/v2\/pages\/453\/revisions"}],"predecessor-version":[{"id":3491,"href":"https:\/\/lhg-bw.de\/tuebingen\/wp-json\/wp\/v2\/pages\/453\/revisions\/3491"}],"up":[{"embeddable":true,"href":"https:\/\/lhg-bw.de\/tuebingen\/wp-json\/wp\/v2\/pages\/89"}],"wp:attachment":[{"href":"https:\/\/lhg-bw.de\/tuebingen\/wp-json\/wp\/v2\/media?parent=453"}],"curies":[{"name":"wp","href":"https:\/\/api.w.org\/{rel}","templated":true}]}}