{"id":470,"date":"2014-09-08T10:02:05","date_gmt":"2014-09-08T09:02:05","guid":{"rendered":"http:\/\/lhg-bw.de\/tuebingen\/?page_id=470"},"modified":"2014-09-11T16:08:31","modified_gmt":"2014-09-11T15:08:31","slug":"wie-kann-ich-mich-einbringen","status":"publish","type":"page","link":"https:\/\/lhg-bw.de\/tuebingen\/engagier-dich-bei-uns\/wie-kann-ich-mich-einbringen\/","title":{"rendered":"&#8220;Wie kann ich mich einbringen?&#8221;"},"content":{"rendered":"<div id=\"dslc-theme-content\"><div id=\"dslc-theme-content-inner\"><p>Innerhalb einer Hochschulgruppe gibt es genauso wie in Vereinen, Unternehmen, Beh\u00f6rden oder NGOs eine Vielzahl von Aufgaben. Erfolgreich ist man vor allem dann, wenn verschiedene Charaktere mit unterschiedlichen St\u00e4rken erfolgreich zusammenarbeiten. Da f\u00fcr uns Liberale Werte wie Eigenverantwortung und Selbstbestimmung sehr zentral sind, kann sich bei uns auch jeder direkt mit eigenen Projekten oder Ideen einbringen. <strong>Uns unterscheidet von anderen Hochschulgruppen vor allem, dass nicht unser Vorstand Aufgaben von oben nach unten delegiert um seine eigenen Ideen durchzusetzen. Unser Vorstand dient vielmehr dazu Mitglieder zu ermuntern, zu bef\u00e4higen und dabei zu unterst\u00fctzen eigene Ideen und Projekte zu entwickeln und umzusetzen.\u00a0<\/strong><\/p>\n<p>Im Folgenden zeigen\u00a0wir euch typische Aufgabenbereiche innerhalb unserer Hochschulgruppe auf. Bestimmt ist auch f\u00fcr dich etwas dabei! \ud83d\ude09<\/p>\n<p>&nbsp;<\/p>\n<p><strong>F\u00fcr Vision\u00e4re &#8211; Inhalte entwickeln und konkretisieren<\/strong><\/p>\n<p>Grundlage unserer Arbeit sind unsere Inhalte. Ohne das Bewusstsein f\u00fcr Missst\u00e4nde an der Uni und gute Ideen zur L\u00f6sung dieser Probleme w\u00e4ren wir ziemlich \u00fcberfl\u00fcssig. Deshalb sind Leute mit guten Ideen immer herzlich willkommen! Genauso wichtig ist es aber, diese Ideen zu konkretisieren und in klare und verst\u00e4ndliche Forderungen zu \u00fcbersetzen. <strong>Weltverbesserer und liberale \u00dcberzeugungst\u00e4ter werden in diesem Bereich sehr viel Spa\u00df haben und M\u00f6glichkeiten finden sich umfassend einzubringen.<\/strong><\/p>\n<p>&nbsp;<\/p>\n<p><strong>F\u00fcr Netzwerker &#8211; Kontakte kn\u00fcpfen und Mehrheiten organisieren<\/strong><\/p>\n<p>Zu wissen an wen man sich bei welchem Problem wenden kann erspart nicht nur Zeit und Energie, sondern ist essenzieller Bestandteil einer politischen Hochschulgruppe. <strong>Es ist unglaublich wichtig gute Kontakte zur (studentischen) Presse, unterschiedlichen Hochschulgruppen, Fachschaften und Verbindungen, wichtigen Stellen an der Uni aber auch Pers\u00f6nlichkeiten bei der Stadt und innerhalb des organisierten Liberalismus zu pflegen.<\/strong> Als LHG haben wir uns diese Kontakte \u00fcber Jahre sehr erfolgreich aufgebaut. Wir sind aber immer darauf angewiesen Leute zu finden, die Lust haben sie weiterzupflegen und auszubauen. <strong>Wer also Spa\u00df daran hat \u00fcberall seine Kontakte zu haben und ein sehr umfangreiches Netzwerk zu &#8220;erben&#8221;, ist hier ideal aufgehoben!<\/strong><\/p>\n<p>&nbsp;<\/p>\n<p><strong>F\u00fcr angehende Journalisten &#8211; die Presse- und \u00d6ffentlichkeitsarbeit<\/strong><\/p>\n<p>Als politische Hochschulgruppe sind wir darauf angewiesen unsere Ideen m\u00f6glichst effektiv zu m\u00f6glichst vielen Studenten\u00a0zu tragen. Hierf\u00fcr ist die Presse- und \u00d6ffentlichkeitsarbeit zust\u00e4ndig. Angefangen bei dem Verfassen von guten Pressemitteilungen, \u00fcber die Pflege der Homepage und des Facebook-Accounts bis hin zur Pflege von Kontakten zur Presse ist hier alles mit bei. <strong>Wer seine Zukunft im journalistischen Bereich sieht, schon einmal Kontakte zur Presse aufbauen m\u00f6chte und Praxiserfahrung in diesem Bereich sucht, findet hier eine ideale M\u00f6glichkeit sich einzubringen.<\/strong><\/p>\n<p>&nbsp;<\/p>\n<p><strong>F\u00fcr Rampens\u00e4ue &#8211; vor gro\u00dfem Publikum sprechen<\/strong><\/p>\n<p>Wer politisch aktiv ist muss f\u00fcr seine Ideen werben. Besonders wichtiger Bestandteil ist dabei die Vorstellung unserer Ideen in anderen Hochschulgruppen und Fachschaften, bei Verbindungen, aber auch die Bewerbung von Aktionen oder Veranstaltungen in Vorlesungen. <strong>Wer \u00fcben will vor Publikum \u00fcberzeugend r\u00fcberzukommen oder daran sogar Spa\u00df hat, ist hier besonders gut aufgehoben!\u00a0<\/strong><\/p>\n<p>&nbsp;<\/p>\n<p><strong>F\u00fcr Designer\u00a0&#8211; Flyer, Plakate und andere Werbemittel<\/strong><\/p>\n<p>Zumindest einmal im Jahr ist Wahlkampf. Daf\u00fcr brauchen wir jedes Mal aufs Neue Werbemittel, die wir nat\u00fcrlich auch immer selbst designen. <strong>Bei uns bietet sich dabei die ideale M\u00f6glichkeit sich in diesem Bereich auszuprobieren &#8211; und zus\u00e4tzlich bekommt man in Form des Wahlergebnisses noch ein wirklich ehrliches Feedback wie gut die eigene Arbeit ankam!<\/strong><\/p>\n<p>&nbsp;<\/p>\n<p><strong>F\u00fcr Manager\u00a0&#8211; Projekte leiten und im Vorstand mitwirken<\/strong><\/p>\n<p>Ob Wahlkampf, Veranstaltung, Aktion oder Infostand. Alles was wir machen muss m\u00f6glichst transparent und effizient organisiert werden. <strong>Daf\u00fcr braucht es immer wieder neue Organisationstalente und solche, die es werden wollen! <\/strong>Wer hierbei besonders viel Spa\u00df hat, kann sich nat\u00fcrlich auch in den Vorstand w\u00e4hlen lassen und\u00a0hat so\u00a0besonderen Einfluss auf die strategische Ausrichtung und Weiterentwicklung der Hochschulgruppe.<\/p>\n<p>&nbsp;<\/p>\n<p><strong>F\u00fcr Mathe-Pros &#8211; Finanzen managen und Mittel einwerben<\/strong><\/p>\n<p>Das allermeiste, was wir auf die Beine stellen kostet in irgendeiner Form Geld. Das Einwerben von Mitteln (bspw. beim Landesverband), die sichere Aufbewahrung von Belegen und das Erstellen eines Haushaltsplans sind deshalb unerl\u00e4sslich &#8211; und au\u00dferdem auch eine perfekte \u00dcbung f\u00fcr eine solche T\u00e4tigkeit innerhalb von Unternehmen, NGOs, Parteien oder Vereinen.<\/p>\n<p>&nbsp;<\/p>\n<\/div><\/div>","protected":false},"excerpt":{"rendered":"<p>Innerhalb einer Hochschulgruppe gibt es genauso wie in Vereinen, Unternehmen, Beh\u00f6rden oder NGOs eine Vielzahl von Aufgaben. Erfolgreich ist man vor allem dann, wenn verschiedene Charaktere mit unterschiedlichen St\u00e4rken erfolgreich zusammenarbeiten. Da f\u00fcr uns Liberale Werte wie Eigenverantwortung und Selbstbestimmung sehr zentral sind, kann sich bei uns auch jeder direkt mit eigenen Projekten oder Ideen [&hellip;]<\/p>\n","protected":false},"author":306,"featured_media":0,"parent":5,"menu_order":2,"comment_status":"open","ping_status":"open","template":"","meta":{"footnotes":""},"class_list":["post-470","page","type-page","status-publish","hentry"],"_links":{"self":[{"href":"https:\/\/lhg-bw.de\/tuebingen\/wp-json\/wp\/v2\/pages\/470","targetHints":{"allow":["GET"]}}],"collection":[{"href":"https:\/\/lhg-bw.de\/tuebingen\/wp-json\/wp\/v2\/pages"}],"about":[{"href":"https:\/\/lhg-bw.de\/tuebingen\/wp-json\/wp\/v2\/types\/page"}],"author":[{"embeddable":true,"href":"https:\/\/lhg-bw.de\/tuebingen\/wp-json\/wp\/v2\/users\/306"}],"replies":[{"embeddable":true,"href":"https:\/\/lhg-bw.de\/tuebingen\/wp-json\/wp\/v2\/comments?post=470"}],"version-history":[{"count":2,"href":"https:\/\/lhg-bw.de\/tuebingen\/wp-json\/wp\/v2\/pages\/470\/revisions"}],"predecessor-version":[{"id":479,"href":"https:\/\/lhg-bw.de\/tuebingen\/wp-json\/wp\/v2\/pages\/470\/revisions\/479"}],"up":[{"embeddable":true,"href":"https:\/\/lhg-bw.de\/tuebingen\/wp-json\/wp\/v2\/pages\/5"}],"wp:attachment":[{"href":"https:\/\/lhg-bw.de\/tuebingen\/wp-json\/wp\/v2\/media?parent=470"}],"curies":[{"name":"wp","href":"https:\/\/api.w.org\/{rel}","templated":true}]}}