{"id":491,"date":"2014-09-24T22:32:06","date_gmt":"2014-09-24T21:32:06","guid":{"rendered":"http:\/\/lhg-bw.de\/tuebingen\/?page_id=491"},"modified":"2020-10-08T19:54:23","modified_gmt":"2020-10-08T18:54:23","slug":"grundsaetze","status":"publish","type":"page","link":"https:\/\/lhg-bw.de\/tuebingen\/unsere-themen\/grundsaetze\/","title":{"rendered":"Grunds\u00e4tze"},"content":{"rendered":"<div id=\"dslc-theme-content\"><div id=\"dslc-theme-content-inner\"><p><strong>Grunds\u00e4tzliches<\/strong><\/p>\n<p>Als LHG T\u00fcbingen wollen wir uns nicht nur thematisch, sondern auch im Stil von anderen politischen Hochschulgruppen abgrenzen. F\u00fcr uns gelten deshalb folgende Grunds\u00e4tze:<\/p>\n<ol>\n<li>Keine Forderungen, die wir nicht umsetzen k\u00f6nnen, wenn wir gew\u00e4hlt werden!<\/li>\n<li>Offenheit gegen\u00fcber allen L\u00f6sungsans\u00e4tzen statt ideologischer Scheuklappen!<\/li>\n<li>Konstruktive Mitarbeit statt &#8220;Totalopposition&#8221;!<\/li>\n<li>Vertretung der Interessen ALLER Studierenden statt Klientelpolitik<\/li>\n<\/ol>\n<p>&nbsp;<\/p>\n<p><strong>Zwangsbeitr\u00e4ge<\/strong><\/p>\n<p>Durch die Einf\u00fchrung der &#8220;Verfassten Studierendenschaft&#8221; im Jahr 2013 m\u00fcssen die neu geschaffenen Gremien der Studentenvertretung von jedem Studenten Beitr\u00e4ge erheben. Als LHG haben wir uns auf Landesebene lange dagegen gewehrt. Viele Beispiele an anderen Unis in Deutschland zeigen, dass mit diesem Geld oft sehr verschwenderisch und nicht im Interesse der Studenten umgegangen wird.\u00a0<strong>Wir stehen deshalb f\u00fcr m\u00f6glichst niedrige Zwangsbeitr\u00e4ge!<\/strong><\/p>\n<p>&nbsp;<\/p>\n<p><strong>Transparenz<\/strong><\/p>\n<p>Eine gute Studierendenvertretung braucht transparente Strukturen, insbesondere wenn es um die Verwaltung von DEINEN Beitr\u00e4gen geht. Statt die hier etablierte &#8220;Hinterzimmerpolitik&#8221; fortzusetzen, streiten wir f\u00fcr\u00a0<strong>offene Strukturen sowie gute und verst\u00e4ndliche \u00d6ffentlichkeitsarbeit.<\/strong><\/p>\n<p>&nbsp;<\/p>\n<p><strong>Partizipation<\/strong><\/p>\n<p>Demokratie lebt von Demokraten &#8211; also von denjenigen, die bereit sind aktiv die Zukunft mitzugestalten und sich dem Wettbewerb der Ideen zu stellen. Leider sind Demokraten in der T\u00fcbinger Studierendenvertretung eine Minderheit. Deshalb ist es umso wichtiger, dass zumindest\u00a0<strong>wir immer wieder<\/strong>\u00a0<strong>daf\u00fcr werben, sich einzubringen und seine Meinung im Studierendenrat zu \u00e4u\u00dfern<\/strong>. Auch wenn es anstrengend ist &#8211; wir glauben, dass\u00a0<strong>deine Meinung Geh\u00f6r finden muss, weil du einfach am besten wei\u00dft, was gut f\u00fcr dich ist!<\/strong><\/p>\n<\/div><\/div>","protected":false},"excerpt":{"rendered":"<p>Grunds\u00e4tzliches Als LHG T\u00fcbingen wollen wir uns nicht nur thematisch, sondern auch im Stil von anderen politischen Hochschulgruppen abgrenzen. F\u00fcr uns gelten deshalb folgende Grunds\u00e4tze: Keine Forderungen, die wir nicht umsetzen k\u00f6nnen, wenn wir gew\u00e4hlt werden! Offenheit gegen\u00fcber allen L\u00f6sungsans\u00e4tzen statt ideologischer Scheuklappen! Konstruktive Mitarbeit statt &#8220;Totalopposition&#8221;! Vertretung der Interessen ALLER Studierenden statt Klientelpolitik &nbsp; [&hellip;]<\/p>\n","protected":false},"author":306,"featured_media":0,"parent":251,"menu_order":1,"comment_status":"open","ping_status":"closed","template":"","meta":{"footnotes":""},"class_list":["post-491","page","type-page","status-publish","hentry"],"_links":{"self":[{"href":"https:\/\/lhg-bw.de\/tuebingen\/wp-json\/wp\/v2\/pages\/491","targetHints":{"allow":["GET"]}}],"collection":[{"href":"https:\/\/lhg-bw.de\/tuebingen\/wp-json\/wp\/v2\/pages"}],"about":[{"href":"https:\/\/lhg-bw.de\/tuebingen\/wp-json\/wp\/v2\/types\/page"}],"author":[{"embeddable":true,"href":"https:\/\/lhg-bw.de\/tuebingen\/wp-json\/wp\/v2\/users\/306"}],"replies":[{"embeddable":true,"href":"https:\/\/lhg-bw.de\/tuebingen\/wp-json\/wp\/v2\/comments?post=491"}],"version-history":[{"count":3,"href":"https:\/\/lhg-bw.de\/tuebingen\/wp-json\/wp\/v2\/pages\/491\/revisions"}],"predecessor-version":[{"id":499,"href":"https:\/\/lhg-bw.de\/tuebingen\/wp-json\/wp\/v2\/pages\/491\/revisions\/499"}],"up":[{"embeddable":true,"href":"https:\/\/lhg-bw.de\/tuebingen\/wp-json\/wp\/v2\/pages\/251"}],"wp:attachment":[{"href":"https:\/\/lhg-bw.de\/tuebingen\/wp-json\/wp\/v2\/media?parent=491"}],"curies":[{"name":"wp","href":"https:\/\/api.w.org\/{rel}","templated":true}]}}