{"id":493,"date":"2014-09-24T22:34:08","date_gmt":"2014-09-24T21:34:08","guid":{"rendered":"http:\/\/lhg-bw.de\/tuebingen\/?page_id=493"},"modified":"2021-02-18T20:42:41","modified_gmt":"2021-02-18T19:42:41","slug":"aktuelle-themen","status":"publish","type":"page","link":"https:\/\/lhg-bw.de\/tuebingen\/unsere-themen\/aktuelle-themen\/","title":{"rendered":"Aktuelle Themen &amp; Projekte"},"content":{"rendered":"<div id=\"dslc-theme-content\"><div id=\"dslc-theme-content-inner\"><p><strong>Haushalt des Studierendenrats<\/strong><\/p>\n<p>Der Studierendenrat nimmt zur Zeit ca. 360.000\u20ac pro Jahr durch Zwangsbeitr\u00e4ge von den Studierenden ein. Mit diesem Geld kann man viele sinnvolle Sachen machen, aber auch viel Mist. Wir wollen daf\u00fcr sorgen, dass Euer Geld f\u00fcr sinnvolle Projekte eingesetzt wird &#8211; und wir wollen den Semesterbeitrag senken, wenn es nicht genug sinnvolle Projekte gibt! Grundlage daf\u00fcr ist eine transparente Darstellung der Ausgaben und der finanziellen Situation des StuRa, dies ist bis heute nicht passiert. Seit 2013 haben wir regelm\u00e4\u00dfig und vergeblich niedrigere Beitr\u00e4ge gefordert und beantragt. Nachdem im Januar 2017 das erste Mal seit drei (!) Jahren ein <a href=\"http:\/\/neckarstudent.de\/2017\/01\/17\/luxusproblem-geld-der-stura-hat-ueber-eine-halbe-million-uebrig\/\">Einblick in die Finanzlage<\/a> gegeben wurde und wir 775.000 \u20ac auf dem Konto rumliegen hatten, ging es dann ganz schnell: Auf <a href=\"http:\/\/neckarstudent.de\/2017\/01\/14\/stura-haushalt-ghg-beantragt-senkung-des-beitrags\/\">Antrag der GHG<\/a> wurde der Semesterbeitrag um einen Euro gesenkt. Nach akuteller Lage w\u00e4re da aber noch deutlich mehr Luft f\u00fcr Senkungen und bei einem transparenten Umgang mit den Zahlen h\u00e4tte der StuRa Jahre fr\u00fcher reagieren k\u00f6nnen.<br \/>\n<strong>Unser Ziel:<\/strong> Niedrige Beitr\u00e4ge, effiziente Verwaltung, Transparenz und Unterst\u00fctzung von Fachschaften und Hochschulgruppen<br \/>\n<strong>Unser Ansprechpartner: <a href=\"mailto:nicholas.brand@lhg-tuebingen.de\">Nick Brand<\/a><\/strong><\/p>\n<p>&nbsp;<\/p>\n<p><strong>Menschenrechtswoche in T\u00fcbingen<\/strong><\/p>\n<p>In Zeiten von Trump, Erdogan und Putin setzen zahlreiche Studenteninitiativen in T\u00fcbingen seit 2015 jeden Sommer mit der Menschenrechtswoche ein Zeichen und bieten eine Woche lang mit Diskussionen, Workshops, Vortr\u00e4gen, Poetry Slams und anderen Veranstaltungen zahlreiche M\u00f6glichkeiten, sich mit dem Thema Menschenrechte in Deutschland und der Welt auseinander zu setzen. Wir sind stolz, als einzige politische Hochschulgruppe zu den aktuell 14 ausrichtenden Initiativen zu geh\u00f6ren und dazu beizutragen, dass ein unserer Meinung nach extrem wichtiges Thema im studentischen Leben in T\u00fcbingen pr\u00e4sent ist.<br \/>\nWeitere Infos gibts auf der<a href=\"http:\/\/mrw-tuebingen.de\/\"> Homepage<\/a> und ein <a href=\"https:\/\/de-de.facebook.com\/MRWTUE\/\">Like auf Facebook<\/a> hilft der Sache auch!<br \/>\n<strong>Unser Ziel:<\/strong> Jedes Jahr aufs Neue eine interessante Podiumsdiskussion oder einen Workshop veranstalten und die Werbung f\u00fcr die MRW nach Kr\u00e4ften unterst\u00fctzen.<br \/>\n<strong>Unser Ansprechpartner: <a href=\"mailto:kira.scholler@lhg-bw.de\">Kira Scholler<\/a><\/strong><\/p>\n<p>&nbsp;<\/p>\n<p><strong>Digitalisierung der Uni<\/strong><\/p>\n<p>Egal ob WLAN in allen R\u00e4umen, dem Livestreaming \u00fcberf\u00fcllter Vorlesungen, beim Campus-System oder einer Bib-Ampel die die Auslastung in der Bibliothek anzeigt: An der T\u00fcbinger Uni gibt es noch viele digitale Baustellen. Gerade das Zettelchaos in Fakult\u00e4ten, die noch mit Papier-Scheinen arbeiten, ist nicht mehr zeitgem\u00e4\u00df!<br \/>\n<strong>Unser Ziel:<\/strong> Ein besserer Service f\u00fcr Studenten durch bessere digitale Angebote<br \/>\n<strong>Unser Ansprechpartner: <a href=\"mailto:till.lentze@lhg-tuebingen.de\">Till Lentze<\/a><\/strong><\/p>\n<p>&nbsp;<\/p>\n<p><strong>Strukturwechsel im StuRa<\/strong><\/p>\n<p>Der Studierendenrat verf\u00fcgt j\u00e4hrlich \u00fcber mehr als 300.000\u20ac Beitr\u00e4ge von den Studierenden, aber kaum ein Student wei\u00df, wof\u00fcr das Geld eingesetzt wird oder woran der StuRa arbeitet. Dies liegt vor allem an den fehlenden Verantwortlichen und Ansprechpartner im StuRa und f\u00fchrt zu einer katastrophalen Wahlbeteiligungen.<br \/>\n<strong>Unser Ziel:<\/strong> Weniger Verwaltungschaos durch gew\u00e4hlte Ansprechpartner<br \/>\n<strong>Unser Ansprechpartner: <a href=\"mailto:kira.scholler@lhg-bw.de\">Kira Scholler<\/a><\/strong><\/p>\n<p>&nbsp;<\/p>\n<p><strong>Anwesenheitspflichten abschaffen<\/strong><\/p>\n<p>Strikte Pr\u00e4senz in Vorlesungen garantieren keinen Erfolg. Gerade, wenn Studenten gezwungen sind schlechte Vorlesungen und Seminare zu besuchen, obwohl sie die Zeit deutlich besser investieren k\u00f6nnten.\u00a0 Wir wollen selbst entscheiden wann und wie wir lernen!<br \/>\n<strong>Unser Ziel:<\/strong> Pr\u00e4senzpflichten abschaffen und Eigenverantwortungen st\u00e4rken!<br \/>\n<strong>Unser Ansprechpartner:<\/strong> <a href=\"mailto:sophiaeder24693@gmail.com\"><strong>Sophia Eder<\/strong><\/a><\/p>\n<p>&nbsp;<\/p>\n<p><strong>\u00d6ffentlichkeitsarbeit des Studierendenrats<\/strong><\/p>\n<p>Wahlbeteiligungen von weniger als 15% sind f\u00fcr jeden Demokraten ein Schlag ins Gesicht. Es zeigt aber auch: Die \u00d6ffentlichkeitsarbeit der Studierendenvertretung ist unterirdisch. Daran wollen wir dringend etwas \u00e4ndern! Weil wir wissen, dass es einen Unterschied macht, welche Mehrheit Deine Semesterbeitr\u00e4ge verwalten und Deine Interessen vertreten!<br \/>\n<strong>Unser Ziel: <\/strong>Mehr Studenten \u00fcber die Bedeutung des StuRa informieren!<br \/>\n<strong>Unser Ansprechpartner: <a href=\"mailto:till.lentze@lhg-tuebingen.de\">Till Lentze<\/a><\/strong><\/p>\n<p>&nbsp;<\/p>\n<p>Hier eine ausf\u00fchrliche \u00dcbersicht \u00fcber unsere Innovationen &amp; Ideen f\u00fcr T\u00fcbingen!<\/p>\n<p>Wir wollen mit konkreten Ma\u00dfnahmen die Situation an der Uni T\u00fcbingen f\u00fcr uns alle verbessern! Dazu sind wir im stetigen Austausch mit der Uni und versuchen im Stura diese Ma\u00dfnahmen mit Vernunft durchzusetzen!<\/p>\n<p>Wir stehen f\u00fcr: Innovation, Kooperation, Aktion &amp; Partizipation &#8211; wir sind Eure Stimme in der Hochschulpolitik!<\/p>\n<p>Falls du Fragen und\/oder Anregungen hast, wende dich direkt an die jeweiligen Ansprechpartner, schreib uns eine Mail oder komm zu einer unserer Sitzungen!<\/p>\n<p><strong>Digitalisierung &#8211; Update f\u00fcr die Uni T\u00fcbingen\u00a0<\/strong><\/p>\n<p>Zun\u00e4chst m\u00f6chten wir die Chancen der Digitalisierung im Uni-Alltag nutzen: Wir haben konkret vor, die Internationalisierung der Uni damit zu verkn\u00fcpfen. Durch Online-Seminare mit einigen unserer vielen Partnerunis bspw. in Buenos Aires, Kairo, Sidney, Shanghai, Haifa, Johannesburg oder Austin den internationalen Austausch pflegen &amp; die Kurse f\u00fcr unser Studium anrechnen lassen &#8211; den nicht jeder kann sich einen Auslandsaufenthalt leisten &amp; die technischen Voraussetzungen sind da!<\/p>\n<p>Egal ob WLAN in allen R\u00e4umen, dem Livestreaming \u00fcberf\u00fcllter Vorlesungen und der StuRa-Sitzungen, beim Campus-System oder einer Bib-Ampel die die Auslastung in der Bibliothek anzeigt: An der T\u00fcbinger Uni gibt es noch viele digitale Baustellen.\u00a0 \u00a0 \u00a0 \u00a0 \u00a0 \u00a0 \u00a0 \u00a0 Gerade das Zettelchaos in Fakult\u00e4ten, die noch mit Papier-Scheinen arbeiten, ist nicht mehr zeitgem\u00e4\u00df!<\/p>\n<p>Ein \u00e4hnliches Zettelchaos gibt es j\u00e4hrlich bei den Uniwahlen: Durch sichere Onlinewahlen, die durch einen Login mit eurem Konto verkn\u00fcpft sind, sparen wir uns nicht nur viel Zeit &amp; Geld, sondern hoffen uns auch durch die unkomplizierte &amp; einfache Wahl eine Erh\u00f6hung der Wahlbeteiligung, um somit den gesamten StuRa in seiner Legitimation zu st\u00e4rken!<\/p>\n<p>Zudem sollte es jedem m\u00f6glich sein, die Kurse &amp; Sportarten zu belegen, die er m\u00f6chte: Dies darf nicht von den Servern der Uni abh\u00e4ngen. Daher sind wir in Gespr\u00e4chen mit den zust\u00e4ndigen Stellen, wie wir diese Probleme in den Griff bekommen!<\/p>\n<p>Gerade in der heutigen Zeit ist ein souver\u00e4ner Umgang mit Softwareprogrammen &amp; grundlegenden Programmiersprachen oft zwingend notwendig. Wir wollen keinem den Weg hierzu verbauen, sondern setzen uns f\u00fcr einen Ausbau der IT-Kurse f\u00fcr alle Studierenden in T\u00fcbingen ein, so dass sich jeder nach Lust &amp; Interesse gezielt weiterbilden kann!<\/p>\n<p><strong>Unser Ziel:<\/strong> Ein besserer Service f\u00fcr Studenten durch bessere digitale Angebote bspw. Online-Seminare mit Partnerunis, WLAN f\u00fcr alle, Online-Streaming von Vorlesungen &amp; StuRa-Sitzungen, Online-Uniwahl, Serverstabilit\u00e4t bei Eintragungen zum Hochschulsport &amp; anderen Kursen, mehr IT f\u00fcr alle<br \/>\n<strong>Unser Ansprechpartner: <a href=\"mailto:lars.ingelbach@lhg-tuebingen.de\">Lars Ingelbach , Jason Stahlecker<\/a><\/strong><\/p>\n<p><strong>Bib-Update f\u00fcr T\u00fcbingen<\/strong><\/p>\n<p>Der zentrale Punkt des Studiums ist f\u00fcr viele von euch die Universit\u00e4tsbibliothek. Diese m\u00f6chten wir zusammen mit den Verantwortlichen fit f\u00fcr die Zukunft &amp; die schon heutigen Bed\u00fcrfnisse von euch machen:<\/p>\n<p>Daf\u00fcr stehen wir ein f\u00fcr eine 24\/7 Bib, zumindest in den Hauptauslastungszeiten der Bib, damit jeder selbst bestimmten kann, wann und wie er lernen will. F\u00fcr die Nachtzeiten w\u00e4re unserer Ansicht nach nicht mal ein Zugang zu B\u00fcchern unbedingt notwendig, sondern vor allem mehr Platz zum Lernen &amp; Arbeiten &#8211; denn nicht jeder hat zuhause die Ruhe oder das n\u00f6tige WLAN.<\/p>\n<p>Daher stehen wir auch zum Thema mehr Lernplatz in der Bib in Verbindung mit der Bib &#8211; denn mit einer \u00fcberf\u00fcllten Bib ist niemandem geholfen.<\/p>\n<p>Weiter stehen wir auch daf\u00fcr ein die Digitalisierung von Lehrinhalten voranzutreiben &#8211; der Bildung d\u00fcrfen keine Grenzen gesetzt werden!<\/p>\n<p><strong>Unser Ziel:\u00a0<\/strong>L\u00e4ngere \u00d6ffnungszeiten in den Hauptauslastungszeiten, mehr Platz zum Lernen, fl\u00e4chendeckendes schnelles WLAN, Digitalisierung von Lehrinhalten<strong>Unser Ansprechpartner: <a href=\"mailto:lars.ingelbach@lhg-tuebingen.de\">Lars Ingelbach , Jason Stahlecker<\/a><\/strong><\/p>\n<p>&nbsp;<\/p>\n<p><strong>Ja zum landesweiten Semesterticket &#8211; aber nicht um jeden Preis<\/strong><\/p>\n<p>Wir setzen uns grunds\u00e4tzlich f\u00fcr Mobilit\u00e4t im Studium ein, da diese jedem von uns Freiheit erm\u00f6glicht. Dennoch m\u00fcssen wir auch sehen, dass bei einem landesweiten Semesterticket auch die Studierenden profitieren und nicht nur die Verkehrsverb\u00fcnde in BaW\u00fc.<\/p>\n<p><strong>Anwesenheitspflichten abschaffen &#8211; Wettbewerb der Lehre<\/strong><\/p>\n<p>Strikte Pr\u00e4senz in Vorlesungen garantieren keinen Erfolg. Gerade, wenn Studenten gezwungen sind schlechte Vorlesungen und Seminare zu besuchen, obwohl sie die Zeit deutlich besser investieren k\u00f6nnten.\u00a0 Wir wollen selbst entscheiden wann und wie wir lernen! Nat\u00fcrlich lebt die Uni auch von der Gemeinschaft zwischen Studierenden und Lehrenden, jedoch sehen wir heute, dass Vorlesungen die mit Engagement &amp; hoher Qualit\u00e4t schon oft sehr gut besucht sind. Durch mehr Feedback und eine bessere Kommunikation zwischen Studierenden &amp; Lehrenden sehen wir hier einen guten Ansatz die Qualit\u00e4t der Lehre an der Uni T\u00fcbingen noch weiter zu steigern!<\/p>\n<p><strong>Unser Ziel:<\/strong> Pr\u00e4senzpflichten abschaffen, Eigenverantwortungen st\u00e4rken &amp; die Qualit\u00e4t der Lehre erh\u00f6hen.<br \/>\n<strong>Unser Ansprechpartner:<\/strong> <a href=\"mailto:sophiaeder24693@gmail.com\"><strong>Lars Ingelbach<\/strong><\/a><\/p>\n<p><strong>Europafreundlich &amp; Weltoffen &#8211; Erasmus &amp; Auslandssemester f\u00f6rdern\u00a0<\/strong><\/p>\n<p>Europa &amp; der Rest der Welt bieten grandiose M\u00f6glichkeiten f\u00fcr den kulturellen &amp; edukativen Austausch, ganz zu schweigen von den zahlreichen Erfahrungen &amp; Freundschaften.<\/p>\n<p>Wir sehen hier ein noch gr\u00f6\u00dferes Potential euch diesen kulturellen Austausch zu erm\u00f6glichen: Vor kurzem wurde der Haushalt f\u00fcr Erasmus um einiges gest\u00e4rkt, wir wollen, dass dieses Geld nun auch genutzt wird, um m\u00f6glichst vielen Studierenden den Austausch zu erm\u00f6glichen!<\/p>\n<p><strong>Haushalt des Studierendenrats &#8211; Effizienz &amp; Transparenz<\/strong><\/p>\n<p>Der Studierendenrat nahm lange Zeit ca. 360.000\u20ac pro Jahr durch Zwangsbeitr\u00e4ge von den Studierenden ein. Mit diesem Geld kann man viele sinnvolle Sachen machen, aber auch viel Mist. Wir wollen daf\u00fcr sorgen, dass Euer Geld f\u00fcr sinnvolle Projekte eingesetzt wird &#8211; und haben den Semesterbeitrag von 6\u20ac auf 3,50 zu gesenkt! Dies entspricht einem effizienten wirtschaften, da bei dieser Beitragsh\u00f6he alle Projekte gef\u00f6rdert werden k\u00f6nnen, ohne dass der Stura weiterhin Geld auf seinem Konto anh\u00e4uft.<\/p>\n<p>Grundlage daf\u00fcr ist eine transparente Darstellung der Ausgaben und der finanziellen Situation des StuRa, an der wir aktiv mitgewirkt haben.\u00a0 Seit 2013 haben wir regelm\u00e4\u00dfig und vergeblich niedrigere Beitr\u00e4ge gefordert und beantragt. Nachdem im Januar 2017 das erste Mal seit drei (!) Jahren ein <a href=\"http:\/\/neckarstudent.de\/2017\/01\/17\/luxusproblem-geld-der-stura-hat-ueber-eine-halbe-million-uebrig\/\">Einblick in die Finanzlage<\/a> gegeben wurde und wir 775.000 \u20ac auf dem Konto rumliegen hatten, ging es dann ganz schnell: Auf <a href=\"http:\/\/neckarstudent.de\/2017\/01\/14\/stura-haushalt-ghg-beantragt-senkung-des-beitrags\/\">Antrag der GHG<\/a> wurde der Semesterbeitrag um einen Euro gesenkt. Im Wintersemester 2017\/18 wurde dann auf unseren Antrag mit der Senkung auf 3,50\u20ac im Semester ein Kompromiss gefunden.<br \/>\n<strong>Unser Ziel:<\/strong>\u00a0Die Beitragsentwicklung im Blick haben, effiziente Verwaltung, Transparenz und Unterst\u00fctzung von Fachschaften und Hochschulgruppen<br \/>\n<strong>Unser Ansprechpartner: <a href=\"lhg-tuebingen@web.de\">David Sp\u00e4hn<\/a>, <a href=\"mailto:lars.ingelbach@lhg-tuebingen.de\">Lars Ingelbach<\/a><\/strong><\/p>\n<p><strong>Transparenz &amp; Struktur im StuRa<\/strong><\/p>\n<p>Der Studierendenrat verf\u00fcgt j\u00e4hrlich \u00fcber mehr als 300.000\u20ac Beitr\u00e4ge von den Studierenden, aber kaum ein Student wei\u00df, wof\u00fcr das Geld eingesetzt wird oder woran der StuRa arbeitet. Dies liegt vor allem an den fehlenden Verantwortlichen und Ansprechpartner im StuRa und f\u00fchrt zu einer katastrophalen Wahlbeteiligungen. Dazu haben wir in Kooperation mit der GHG letztes Jahr entgegen der medialen Erwartung geschafft, dass nun jeder AK einen gew\u00e4hlten Ansprechpartner bestimmen soll, der nach au\u00dfen als solcher fungiert und nach Innen organisiert. Gleichzeitig sind wir dankbar, dass nach langem Bem\u00fchen Personal eingestellt wurde, dass uns unter die Arme greift und f\u00fcr alle ein Gewinn ist. Jedoch bedeutet dies auch Arbeit: Wir m\u00fcssen in stetiger Kommunikation mit\u00a0 dem B\u00fcro die Zusammenarbeit &amp; Effizienz st\u00e4rken!<\/p>\n<p>Auch fordern wir mehr Transparenz hinsichtlich der Qualit\u00e4tssicherungsmittel, so dass wir jede Fachschaft optimal f\u00f6rdern k\u00f6nnen!<\/p>\n<p><strong>Unser Ziel:<\/strong> Weniger Verwaltungschaos durch gew\u00e4hlte Ansprechpartner &amp; ein effizientes B\u00fcro; mehr Transparenz f\u00fcr die Fachschaften<br \/>\n<strong>Unser Ansprechpartner: <a href=\"lhg-tuebingen@web.de\">Larissa P\u00fcnnel<\/a>,\u00a0<a href=\"lhg-tuebingen@web.de\">Timothy Randal<\/a>l,\u00a0<a href=\"mailto:lars.ingelbach@lhg-tuebingen.de\">Lars Ingelbach<\/a><\/strong><\/p>\n<p>&nbsp;<\/p>\n<p><strong>\u00d6ffentlichkeitsarbeit des Studierendenrats<\/strong><\/p>\n<p>Wahlbeteiligungen von weniger als 15% sind f\u00fcr jeden Demokraten ein Schlag ins Gesicht. Es zeigt aber auch: Die \u00d6ffentlichkeitsarbeit der Studierendenvertretung ist unterirdisch. Daran wollen wir dringend etwas \u00e4ndern! Weil wir wissen, dass es einen Unterschied macht, welche Mehrheit Deine Semesterbeitr\u00e4ge verwalten und Deine Interessen vertreten! Dazu haben wir im letzten Jahr einige Ideen eingebracht &amp; durchgesetzt: Es gibt jetzt nicht nur Ansprechpartner f\u00fcr jeden AK, sondern wir haben auch einen Infoflyer aufgesetzt, dass jeder \u00fcber die M\u00f6glichkeiten, die der Stura bietet, informiert wird. Zudem wird es auf unseren Antrag hin einmal im Semester das Diskussionsformat &#8220;Stura im Gespr\u00e4ch&#8221; geben, bei dem der Stura mit bekannten T\u00fcbingern \u00fcber verschiedenste Themen diskutiert, die alle Studierenden angehen!<\/p>\n<p>Noch dazu wollen wir die Kommunikation zwischen StuRa und euch verbessern: Dazu sehen wir das Online-Streaming der Sitzungen mit der M\u00f6glichkeit live Fragen einzubringen als einen sinnvollen Schritt!<\/p>\n<p><strong>Unser Ziel: <\/strong>Mehr Studenten \u00fcber die Bedeutung des StuRa informieren, Online Streaming der Sitzungen<br \/>\n<strong>Unser Ansprechpartner:\u00a0\u00a0<a href=\"mailto:lars.ingelbach@lhg-tuebingen.de\">Lars Ingelbach,\u00a0<\/a><a href=\"mailto:till.lentze@lhg-tuebingen.de\">Till Lentze,\u00a0 Timothy Randall<\/a><\/strong><\/p>\n<p>&nbsp;<\/p>\n<p><strong>Umwelt &amp; Nachhaltigkeit &#8211; f\u00fcr uns keine leeren Versprechen<\/strong><\/p>\n<p>F\u00fcr uns bedeutet Freiheit auch immer Verantwortung. Nicht nur unser Studium ist zukunftsorientiert, wir sollten es alle auch sein! Ein Schritt zu mehr Nachhaltigkeit ist auch die papierlose Organisation &amp; Evaluation von Studieng\u00e4ngen.<\/p>\n<p><strong>Menschenrechte sind keine Ansichtssache<\/strong><\/p>\n<p>In Zeiten von Trump, Erdogan und Putin setzen zahlreiche Studenteninitiativen in T\u00fcbingen seit 2015 jeden Sommer mit der Menschenrechtswoche ein Zeichen und bieten eine Woche lang mit Diskussionen, Workshops, Vortr\u00e4gen, Poetry Slams und anderen Veranstaltungen zahlreiche M\u00f6glichkeiten, sich mit dem Thema Menschenrechte in Deutschland und der Welt auseinander zu setzen. Wir sind stolz, als einzige politische Hochschulgruppe zu den aktuell 14 ausrichtenden Initiativen zu geh\u00f6ren und dazu beizutragen, dass ein unserer Meinung nach extrem wichtiges Thema im studentischen Leben in T\u00fcbingen pr\u00e4sent ist.<\/p>\n<p>Dieses Jahr organisieren wir am 12. Juni einen Vortrag zum Thema Selbstbestimmung am Lebensende.\u00a0 Weitere Infos gibts auf der<a href=\"http:\/\/mrw-tuebingen.de\/\"> Homepage<\/a>\u00a0und auf Facebook.<\/p>\n<p><strong>Unser Ziel:<\/strong> Jedes Jahr aufs Neue eine interessante Podiumsdiskussion oder einen Workshop veranstalten und die Werbung f\u00fcr die MRW nach Kr\u00e4ften unterst\u00fctzen.<br \/>\n<strong>Unser Ansprechpartner:\u00a0<a href=\"mailto:lars.ingelbach@lhg-tuebingen.de\">Lars Ingelbach<\/a>, <a href=\"lhg-tuebingen@web.de\">Jason Stahlecker<\/a>, Julius L\u00fcbberdink<\/strong><\/p>\n<p><strong>Quo vadis Mensa?<\/strong><\/p>\n<p>Was &amp; wie man isst, ist jedem selbst \u00fcberlassen &#8211; dennoch ist es wichtig, dass die Mensa weiterhin zu studentenfreundlichen Preisen eine Verpflegung anbietet. Auch \u00fcber eine Onlinebestimmung von Essensw\u00fcnschen durch die Studierenden kann man nachdenken.<\/p>\n<p>Auch was genau w\u00e4hrend der Mensasanierung passiert &amp; wie die Verpflegung der Studierenden weiterhin gesichert wird, sind Themen \u00fcber die dringend gesprochen werden sollte.<\/p>\n<p>Auch sollte es heutzutage problemlos m\u00f6glich sein, die Mensakarte nicht nur am Automaten, sondern auch von zuhause oder unterwegs auf dem Handy per PayPal oder Lastschrift aufzuladen &#8211; dies ist schnell, einfach &amp; unkompliziert.<\/p>\n<p><strong>Weitere Ideen auf den Punkt gebracht:<\/strong><\/p>\n<ul>\n<li><strong>Ideologiefreie Hochschulpolitik<\/strong><\/li>\n<li><strong>Hochschulsport zu studentenfreundlichen Preisen<\/strong><\/li>\n<li><strong>Europ\u00e4ische Universit\u00e4ten als Konzept des Bildungsaustauschs<\/strong><\/li>\n<li><strong>Tamponautomaten in den Toiletten bereitstellen<\/strong><\/li>\n<li><strong>Forschungsm\u00f6glichkeiten f\u00fcr Studenten ausbauen<\/strong><\/li>\n<li><strong>Ausweitung der Stipendien f\u00fcr Studierende<\/strong><\/li>\n<li><strong>Elternunabh\u00e4ngiges Baf\u00f6g<\/strong><\/li>\n<li><strong>Studiengeb\u00fchren f\u00fcr Nicht-EU-B\u00fcrger \u00fcberdenken &#8211; nachgelagerte Studiengeb\u00fchren als Konzept?<\/strong><\/li>\n<li><strong>GEZ abschaffen<\/strong><\/li>\n<\/ul>\n<p>&nbsp;<\/p>\n<\/div><\/div>","protected":false},"excerpt":{"rendered":"<p>Haushalt des Studierendenrats Der Studierendenrat nimmt zur Zeit ca. 360.000\u20ac pro Jahr durch Zwangsbeitr\u00e4ge von den Studierenden ein. Mit diesem Geld kann man viele sinnvolle Sachen machen, aber auch viel Mist. Wir wollen daf\u00fcr sorgen, dass Euer Geld f\u00fcr sinnvolle Projekte eingesetzt wird &#8211; und wir wollen den Semesterbeitrag senken, wenn es nicht genug sinnvolle [&hellip;]<\/p>\n","protected":false},"author":306,"featured_media":1324,"parent":251,"menu_order":2,"comment_status":"open","ping_status":"closed","template":"","meta":{"footnotes":""},"class_list":["post-493","page","type-page","status-publish","has-post-thumbnail","hentry"],"_links":{"self":[{"href":"https:\/\/lhg-bw.de\/tuebingen\/wp-json\/wp\/v2\/pages\/493","targetHints":{"allow":["GET"]}}],"collection":[{"href":"https:\/\/lhg-bw.de\/tuebingen\/wp-json\/wp\/v2\/pages"}],"about":[{"href":"https:\/\/lhg-bw.de\/tuebingen\/wp-json\/wp\/v2\/types\/page"}],"author":[{"embeddable":true,"href":"https:\/\/lhg-bw.de\/tuebingen\/wp-json\/wp\/v2\/users\/306"}],"replies":[{"embeddable":true,"href":"https:\/\/lhg-bw.de\/tuebingen\/wp-json\/wp\/v2\/comments?post=493"}],"version-history":[{"count":14,"href":"https:\/\/lhg-bw.de\/tuebingen\/wp-json\/wp\/v2\/pages\/493\/revisions"}],"predecessor-version":[{"id":1637,"href":"https:\/\/lhg-bw.de\/tuebingen\/wp-json\/wp\/v2\/pages\/493\/revisions\/1637"}],"up":[{"embeddable":true,"href":"https:\/\/lhg-bw.de\/tuebingen\/wp-json\/wp\/v2\/pages\/251"}],"wp:featuredmedia":[{"embeddable":true,"href":"https:\/\/lhg-bw.de\/tuebingen\/wp-json\/wp\/v2\/media\/1324"}],"wp:attachment":[{"href":"https:\/\/lhg-bw.de\/tuebingen\/wp-json\/wp\/v2\/media?parent=493"}],"curies":[{"name":"wp","href":"https:\/\/api.w.org\/{rel}","templated":true}]}}